{"id":887,"date":"2023-12-12T18:13:52","date_gmt":"2023-12-12T17:13:52","guid":{"rendered":"https:\/\/cccaci.com\/forum\/?page_id=887"},"modified":"2024-01-17T09:46:39","modified_gmt":"2024-01-17T09:46:39","slug":"reseautage-et-opportunite-daffaires","status":"publish","type":"page","link":"https:\/\/cccaci.com\/fr\/reseautage-et-opportunite-daffaires\/","title":{"rendered":"R\u00e9seautage et opportunit\u00e9 d\u2019affaires"},"content":{"rendered":"\t\t<div data-elementor-type=\"wp-page\" data-elementor-id=\"887\" class=\"elementor elementor-887\">\n\t\t\t\t<div class=\"elementor-element elementor-element-d35c7e8 e-flex e-con-boxed e-con e-parent\" data-id=\"d35c7e8\" data-element_type=\"container\" data-e-type=\"container\" data-settings=\"{&quot;background_background&quot;:&quot;classic&quot;}\">\n\t\t\t\t\t<div class=\"e-con-inner\">\n\t\t<div class=\"elementor-element elementor-element-5424f73 e-con-full e-flex e-con e-child\" data-id=\"5424f73\" data-element_type=\"container\" data-e-type=\"container\">\n\t\t<div class=\"elementor-element elementor-element-7d48910 e-flex e-con-boxed e-con e-child\" data-id=\"7d48910\" data-element_type=\"container\" data-e-type=\"container\">\n\t\t\t\t\t<div class=\"e-con-inner\">\n\t\t\t\t<div class=\"elementor-element elementor-element-53f5efa elementor-widget elementor-widget-heading\" data-id=\"53f5efa\" data-element_type=\"widget\" data-e-type=\"widget\" data-widget_type=\"heading.default\">\n\t\t\t\t<div class=\"elementor-widget-container\">\n\t\t\t\t\t<h2 class=\"elementor-heading-title elementor-size-default\">R\u00e9seautage et opportunit\u00e9 d\u2019affaires\n<\/h2>\t\t\t\t<\/div>\n\t\t\t\t<\/div>\n\t\t\t\t<div class=\"elementor-element elementor-element-3b16301 elementor-widget-divider--view-line elementor-widget elementor-widget-divider\" data-id=\"3b16301\" data-element_type=\"widget\" data-e-type=\"widget\" data-widget_type=\"divider.default\">\n\t\t\t\t<div class=\"elementor-widget-container\">\n\t\t\t\t\t\t\t<div class=\"elementor-divider\">\n\t\t\t<span class=\"elementor-divider-separator\">\n\t\t\t\t\t\t<\/span>\n\t\t<\/div>\n\t\t\t\t\t\t<\/div>\n\t\t\t\t<\/div>\n\t\t\t\t<div class=\"elementor-element elementor-element-623a5d2 elementor-widget elementor-widget-heading\" data-id=\"623a5d2\" data-element_type=\"widget\" data-e-type=\"widget\" data-widget_type=\"heading.default\">\n\t\t\t\t<div class=\"elementor-widget-container\">\n\t\t\t\t\t<h2 class=\"elementor-heading-title elementor-size-default\">DES OPPORTUNIT\u00c9S D'AFFAIRES AU SEIN DE NOTRE CHAMBRE<\/h2>\t\t\t\t<\/div>\n\t\t\t\t<\/div>\n\t\t\t\t\t<\/div>\n\t\t\t\t<\/div>\n\t\t\t\t<\/div>\n\t\t<div class=\"elementor-element elementor-element-2aa7ac1 e-con-full e-flex e-con e-child\" data-id=\"2aa7ac1\" data-element_type=\"container\" data-e-type=\"container\">\n\t\t\t\t<div class=\"elementor-element elementor-element-e2302f0 elementor-widget elementor-widget-image\" data-id=\"e2302f0\" data-element_type=\"widget\" data-e-type=\"widget\" data-widget_type=\"image.default\">\n\t\t\t\t<div class=\"elementor-widget-container\">\n\t\t\t\t\t\t\t\t\t\t\t\t\t\t\t<img fetchpriority=\"high\" decoding=\"async\" width=\"640\" height=\"296\" src=\"https:\/\/cccaci.com\/wp-content\/uploads\/2023\/12\/bannercccai2.png\" class=\"attachment-large size-large wp-image-899\" alt=\"\" srcset=\"https:\/\/cccaci.com\/wp-content\/uploads\/2023\/12\/bannercccai2.png 872w, https:\/\/cccaci.com\/wp-content\/uploads\/2023\/12\/bannercccai2-600x277.png 600w, https:\/\/cccaci.com\/wp-content\/uploads\/2023\/12\/bannercccai2-300x139.png 300w, https:\/\/cccaci.com\/wp-content\/uploads\/2023\/12\/bannercccai2-768x355.png 768w, https:\/\/cccaci.com\/wp-content\/uploads\/2023\/12\/bannercccai2-624x288.png 624w\" sizes=\"(max-width: 640px) 100vw, 640px\" \/>\t\t\t\t\t\t\t\t\t\t\t\t\t\t\t<\/div>\n\t\t\t\t<\/div>\n\t\t\t\t<\/div>\n\t\t<div class=\"elementor-element elementor-element-cd08c1e e-con-full e-flex e-con e-child\" data-id=\"cd08c1e\" data-element_type=\"container\" data-e-type=\"container\">\n\t\t\t\t<div class=\"elementor-element elementor-element-431918c elementor-widget elementor-widget-image\" data-id=\"431918c\" data-element_type=\"widget\" data-e-type=\"widget\" data-widget_type=\"image.default\">\n\t\t\t\t<div class=\"elementor-widget-container\">\n\t\t\t\t\t\t\t\t\t\t\t\t\t\t\t<img decoding=\"async\" width=\"399\" height=\"403\" src=\"https:\/\/cccaci.com\/wp-content\/uploads\/2023\/12\/graphcca.png\" class=\"attachment-large size-large wp-image-707\" alt=\"\" srcset=\"https:\/\/cccaci.com\/wp-content\/uploads\/2023\/12\/graphcca.png 399w, https:\/\/cccaci.com\/wp-content\/uploads\/2023\/12\/graphcca-100x100.png 100w, https:\/\/cccaci.com\/wp-content\/uploads\/2023\/12\/graphcca-297x300.png 297w\" sizes=\"(max-width: 399px) 100vw, 399px\" \/>\t\t\t\t\t\t\t\t\t\t\t\t\t\t\t<\/div>\n\t\t\t\t<\/div>\n\t\t\t\t<\/div>\n\t\t\t\t\t<\/div>\n\t\t\t\t<\/div>\n\t\t<div class=\"elementor-element elementor-element-59a4a4b e-flex e-con-boxed e-con e-parent\" data-id=\"59a4a4b\" data-element_type=\"container\" data-e-type=\"container\">\n\t\t\t\t\t<div class=\"e-con-inner\">\n\t\t\t\t<div class=\"elementor-element elementor-element-b3a2cbb elementor-widget elementor-widget-text-editor\" data-id=\"b3a2cbb\" data-element_type=\"widget\" data-e-type=\"widget\" data-widget_type=\"text-editor.default\">\n\t\t\t\t<div class=\"elementor-widget-container\">\n\t\t\t\t\t<div class=\"bb-theme-elementor-wrap bb-elementor-custom-color bb-elementor-custom-family bb-elementor-custom-size bb-elementor-custom-line-height\">\t\t\t\t<p>Le r\u00e9seautage et les opportunit\u00e9s d\u2019affaires constituent l\u2019un des piliers essentiels de la Chambre de Commerce Canada C\u00f4te d\u2019Ivoire (CCCACI). Nous mettons en place une s\u00e9rie d\u2019initiatives et d\u2019\u00e9v\u00e9nements sp\u00e9cialement con\u00e7us pour favoriser les rencontres, les partenariats et les \u00e9changes fructueux entre les entreprises ivoiriennes et canadiennes. Voici comment nous facilitons le r\u00e9seautage et les opportunit\u00e9s d\u2019affaires au sein de notre chambre :<\/p>\t\t\t\t<\/div>\t\t\t\t<\/div>\n\t\t\t\t<\/div>\n\t\t\t\t\t<\/div>\n\t\t\t\t<\/div>\n\t\t\t\t<section class=\"elementor-section elementor-top-section elementor-element elementor-element-5f0090f3 elementor-section-boxed elementor-section-height-default elementor-section-height-default\" data-id=\"5f0090f3\" data-element_type=\"section\" data-e-type=\"section\">\n\t\t\t\t\t\t<div class=\"elementor-container elementor-column-gap-no\">\n\t\t\t\t\t<div class=\"elementor-column elementor-col-100 elementor-top-column elementor-element elementor-element-2b81044d\" data-id=\"2b81044d\" data-element_type=\"column\" data-e-type=\"column\">\n\t\t\t<div class=\"elementor-widget-wrap elementor-element-populated\">\n\t\t\t\t\t\t<section class=\"elementor-section elementor-inner-section elementor-element elementor-element-10e89911 elementor-section-full_width elementor-section-height-default elementor-section-height-default\" data-id=\"10e89911\" data-element_type=\"section\" data-e-type=\"section\">\n\t\t\t\t\t\t<div class=\"elementor-container elementor-column-gap-no\">\n\t\t\t\t\t<div class=\"elementor-column elementor-col-33 elementor-inner-column elementor-element elementor-element-72a6ad17\" data-id=\"72a6ad17\" data-element_type=\"column\" data-e-type=\"column\">\n\t\t\t<div class=\"elementor-widget-wrap elementor-element-populated\">\n\t\t\t\t\t\t<div class=\"elementor-element elementor-element-12ab7d94 eael-infobox-content-align--left eael-infobox-shape-square eael-infobox-hover-img-shape-square elementor-invisible elementor-widget elementor-widget-eael-info-box\" data-id=\"12ab7d94\" data-element_type=\"widget\" data-e-type=\"widget\" data-settings=\"{&quot;_animation&quot;:&quot;fadeInLeft&quot;}\" data-widget_type=\"eael-info-box.default\">\n\t\t\t\t<div class=\"elementor-widget-container\">\n\t\t\t\t\t        <div class=\"eael-infobox icon-on-top\">\n\t            <div class=\"infobox-icon\">\n\n                            <img decoding=\"async\" src=\"https:\/\/cccaci.com\/wp-content\/uploads\/2024\/01\/CCCIA.png\" alt=\"\">\n            \n            \n            \n        <\/div>\n            <div class=\"infobox-content\">\n                    <div class=\"infobox-title-section\">\n                <h2 class=\"title\">Rencontres B2B et Forums Sectoriels<\/h2>            <\/div>\n            <div>Nous organisons r\u00e9guli\u00e8rement des rencontres d\u2019affaires en t\u00eate-\u00e0-t\u00eate entre les entreprises membres, permettant ainsi d\u2019identifier des partenaires potentiels, de discuter de projets communs et d\u2019\u00e9tablir des relations d\u2019affaires solides. Des forums sectoriels sont \u00e9galement organis\u00e9s, regroupant des acteurs cl\u00e9s d\u2019un m\u00eame secteur d\u2019activit\u00e9 pour explorer des opportunit\u00e9s de collaboration.\n<\/div>        <\/div>\n            <\/div>\n\n\t\t\t\t\t\t<\/div>\n\t\t\t\t<\/div>\n\t\t\t\t<div class=\"elementor-element elementor-element-39eee9e eael-infobox-content-align--left eael-infobox-shape-square eael-infobox-hover-img-shape-square elementor-invisible elementor-widget elementor-widget-eael-info-box\" data-id=\"39eee9e\" data-element_type=\"widget\" data-e-type=\"widget\" data-settings=\"{&quot;_animation&quot;:&quot;fadeInLeft&quot;}\" data-widget_type=\"eael-info-box.default\">\n\t\t\t\t<div class=\"elementor-widget-container\">\n\t\t\t\t\t        <div class=\"eael-infobox icon-on-top\">\n\t            <div class=\"infobox-icon\">\n\n                            <img decoding=\"async\" src=\"https:\/\/cccaci.com\/wp-content\/uploads\/2024\/01\/CCCIA3.png\" alt=\"\">\n            \n            \n            \n        <\/div>\n            <div class=\"infobox-content\">\n                    <div class=\"infobox-title-section\">\n                <h2 class=\"title\">Plateforme de Mise en Relation<\/h2>            <\/div>\n            <div>Notre chambre de commerce met en place une plateforme en ligne d\u00e9di\u00e9e aux membres, favorisant les \u00e9changes commerciaux et la recherche de partenaires. Les membres ont la possibilit\u00e9 de publier des offres et des demandes d\u2019affaires, ce qui facilite le contact direct entre entreprises.\n<\/div>        <\/div>\n            <\/div>\n\n\t\t\t\t\t\t<\/div>\n\t\t\t\t<\/div>\n\t\t\t\t\t<\/div>\n\t\t<\/div>\n\t\t\t\t<div class=\"elementor-column elementor-col-33 elementor-inner-column elementor-element elementor-element-aaa44a6\" data-id=\"aaa44a6\" data-element_type=\"column\" data-e-type=\"column\">\n\t\t\t<div class=\"elementor-widget-wrap elementor-element-populated\">\n\t\t\t\t\t\t<div class=\"elementor-element elementor-element-8021ef5 eael-infobox-content-align--left eael-infobox-shape-square eael-infobox-hover-img-shape-square elementor-invisible elementor-widget elementor-widget-eael-info-box\" data-id=\"8021ef5\" data-element_type=\"widget\" data-e-type=\"widget\" data-settings=\"{&quot;_animation&quot;:&quot;fadeInLeft&quot;}\" data-widget_type=\"eael-info-box.default\">\n\t\t\t\t<div class=\"elementor-widget-container\">\n\t\t\t\t\t        <div class=\"eael-infobox icon-on-top\">\n\t            <div class=\"infobox-icon\">\n\n                            <img decoding=\"async\" src=\"https:\/\/cccaci.com\/wp-content\/uploads\/2024\/01\/CCCIA1.png\" alt=\"\">\n            \n            \n            \n        <\/div>\n            <div class=\"infobox-content\">\n                    <div class=\"infobox-title-section\">\n                <h2 class=\"title\">\u00c9v\u00e9nements de R\u00e9seautage<\/h2>            <\/div>\n            <div><p>La CCCACI organise des \u00e9v\u00e9nements de r\u00e9seautage tels que des cocktails, des d\u00e9jeuners d\u2019affaires, des soir\u00e9es th\u00e9matiques, et des activit\u00e9s de team- building pour encourager les \u00e9changes informels et les synergies entre les membres de la chambre.<\/p><\/div>        <\/div>\n            <\/div>\n\n\t\t\t\t\t\t<\/div>\n\t\t\t\t<\/div>\n\t\t\t\t<div class=\"elementor-element elementor-element-ab21fe1 eael-infobox-content-align--left eael-infobox-shape-square eael-infobox-hover-img-shape-square elementor-invisible elementor-widget elementor-widget-eael-info-box\" data-id=\"ab21fe1\" data-element_type=\"widget\" data-e-type=\"widget\" data-settings=\"{&quot;_animation&quot;:&quot;fadeInLeft&quot;}\" data-widget_type=\"eael-info-box.default\">\n\t\t\t\t<div class=\"elementor-widget-container\">\n\t\t\t\t\t        <div class=\"eael-infobox icon-on-top\">\n\t            <div class=\"infobox-icon\">\n\n                            <img decoding=\"async\" src=\"https:\/\/cccaci.com\/wp-content\/uploads\/2024\/01\/CCCIA4.png\" alt=\"\">\n            \n            \n            \n        <\/div>\n            <div class=\"infobox-content\">\n                    <div class=\"infobox-title-section\">\n                <h2 class=\"title\">Participation aux \u00c9v\u00e9nements de la Chambre<\/h2>            <\/div>\n            <div><p>Les membres de la CCCACI b\u00e9n\u00e9ficient d\u2019un acc\u00e8s privil\u00e9gi\u00e9 aux \u00e9v\u00e9nements organis\u00e9s par la chambre, tels que des conf\u00e9rences, des s\u00e9minaires, des tables rondes et des webinaires. Ces \u00e9v\u00e9nements sont des occasions id\u00e9ales pour d\u00e9velopper son r\u00e9seau, \u00e9changer des bonnes pratiques, et rester inform\u00e9(e) des derni\u00e8res tendances du march\u00e9.<\/p><\/div>        <\/div>\n            <\/div>\n\n\t\t\t\t\t\t<\/div>\n\t\t\t\t<\/div>\n\t\t\t\t\t<\/div>\n\t\t<\/div>\n\t\t\t\t<div class=\"elementor-column elementor-col-33 elementor-inner-column elementor-element elementor-element-f071b54\" data-id=\"f071b54\" data-element_type=\"column\" data-e-type=\"column\">\n\t\t\t<div class=\"elementor-widget-wrap elementor-element-populated\">\n\t\t\t\t\t\t<div class=\"elementor-element elementor-element-ce3567d eael-infobox-content-align--left eael-infobox-shape-square eael-infobox-hover-img-shape-square elementor-invisible elementor-widget elementor-widget-eael-info-box\" data-id=\"ce3567d\" data-element_type=\"widget\" data-e-type=\"widget\" data-settings=\"{&quot;_animation&quot;:&quot;fadeInLeft&quot;}\" data-widget_type=\"eael-info-box.default\">\n\t\t\t\t<div class=\"elementor-widget-container\">\n\t\t\t\t\t        <div class=\"eael-infobox icon-on-top\">\n\t            <div class=\"infobox-icon\">\n\n                            <img decoding=\"async\" src=\"https:\/\/cccaci.com\/wp-content\/uploads\/2024\/01\/CCCIA2.png\" alt=\"\">\n            \n            \n            \n        <\/div>\n            <div class=\"infobox-content\">\n                    <div class=\"infobox-title-section\">\n                <h2 class=\"title\">Missions Commerciales<\/h2>            <\/div>\n            <div>Nous proposons des missions commerciales au Canada et en C\u00f4te d\u2019Ivoire, permettant aux entreprises de d\u00e9couvrir de nouveaux march\u00e9s, de rencontrer des partenaires potentiels et de participer \u00e0 des foires et salons internationaux.\n<\/div>        <\/div>\n            <\/div>\n\n\t\t\t\t\t\t<\/div>\n\t\t\t\t<\/div>\n\t\t\t\t<div class=\"elementor-element elementor-element-9ac2fdb eael-infobox-content-align--left eael-infobox-shape-square eael-infobox-hover-img-shape-square elementor-invisible elementor-widget elementor-widget-eael-info-box\" data-id=\"9ac2fdb\" data-element_type=\"widget\" data-e-type=\"widget\" data-settings=\"{&quot;_animation&quot;:&quot;fadeInLeft&quot;}\" data-widget_type=\"eael-info-box.default\">\n\t\t\t\t<div class=\"elementor-widget-container\">\n\t\t\t\t\t        <div class=\"eael-infobox icon-on-top\">\n\t            <div class=\"infobox-icon\">\n\n                            <img decoding=\"async\" src=\"https:\/\/cccaci.com\/wp-content\/uploads\/2024\/01\/CCCIA5.png\" alt=\"\">\n            \n            \n            \n        <\/div>\n            <div class=\"infobox-content\">\n                    <div class=\"infobox-title-section\">\n                <h2 class=\"title\">Acc\u00e8s aux D\u00e9l\u00e9gations Officielles<\/h2>            <\/div>\n            <div><p>En tant que membre, vous avez l\u2019opportunit\u00e9 de participer \u00e0 des d\u00e9l\u00e9gations officielles organis\u00e9es par la CCCACI, en pr\u00e9sence de repr\u00e9sentants gouvernementaux et d\u2019acteurs \u00e9conomiques cl\u00e9s. Ces d\u00e9l\u00e9gations peuvent \u00eatre l\u2019occasion de rencontrer des d\u00e9cideurs politiques et d\u2019explorer des projets de grande envergure.<\/p><\/div>        <\/div>\n            <\/div>\n\n\t\t\t\t\t\t<\/div>\n\t\t\t\t<\/div>\n\t\t\t\t\t<\/div>\n\t\t<\/div>\n\t\t\t\t\t<\/div>\n\t\t<\/section>\n\t\t\t\t\t<\/div>\n\t\t<\/div>\n\t\t\t\t\t<\/div>\n\t\t<\/section>\n\t\t<div class=\"elementor-element elementor-element-2b79c83 e-flex e-con-boxed e-con e-parent\" data-id=\"2b79c83\" data-element_type=\"container\" data-e-type=\"container\">\n\t\t\t\t\t<div class=\"e-con-inner\">\n\t\t\t\t<div class=\"elementor-element elementor-element-1f1d9be elementor-widget elementor-widget-text-editor\" data-id=\"1f1d9be\" data-element_type=\"widget\" data-e-type=\"widget\" data-widget_type=\"text-editor.default\">\n\t\t\t\t<div class=\"elementor-widget-container\">\n\t\t\t\t\t<div class=\"bb-theme-elementor-wrap bb-elementor-custom-color bb-elementor-custom-family bb-elementor-custom-size bb-elementor-custom-line-height\">\t\t\t\t<p>Le r\u00e9seautage au sein de la CCCACI offre de v\u00e9ritables opportunit\u00e9s de d\u00e9veloppement commercial, d\u2019ouverture de nouveaux march\u00e9s, et de cr\u00e9ation de partenariats strat\u00e9giques. Notre chambre de commerce joue le r\u00f4le de catalyseur, facilitant les connexions entre les entreprises, encourageant les synergies, et stimulant la croissance \u00e9conomique bilat\u00e9rale entre le Canada et la C\u00f4te d\u2019Ivoire. En adh\u00e9rant \u00e0 la CCCACI, vous b\u00e9n\u00e9ficiez d\u2019un r\u00e9seau d\u2019affaires dynamique et d\u2019un environnement propice \u00e0 l\u2019\u00e9panouissement de votre entreprise sur la sc\u00e8ne internationale.<\/p>\t\t\t\t<\/div>\t\t\t\t<\/div>\n\t\t\t\t<\/div>\n\t\t\t\t\t<\/div>\n\t\t\t\t<\/div>\n\t\t\t\t<\/div>\n\t\t","protected":false},"excerpt":{"rendered":"<p>R\u00e9seautage et opportunit\u00e9 d\u2019affaires DES OPPORTUNIT\u00c9S D&rsquo;AFFAIRES AU SEIN DE NOTRE CHAMBRE Le r\u00e9seautage et les opportunit\u00e9s d\u2019affaires constituent l\u2019un des piliers essentiels de la&hellip;<\/p>\n","protected":false},"author":1,"featured_media":0,"parent":0,"menu_order":0,"comment_status":"closed","ping_status":"closed","template":"","meta":{"footnotes":""},"class_list":["post-887","page","type-page","status-publish","hentry"],"_links":{"self":[{"href":"https:\/\/cccaci.com\/fr\/wp-json\/wp\/v2\/pages\/887","targetHints":{"allow":["GET"]}}],"collection":[{"href":"https:\/\/cccaci.com\/fr\/wp-json\/wp\/v2\/pages"}],"about":[{"href":"https:\/\/cccaci.com\/fr\/wp-json\/wp\/v2\/types\/page"}],"author":[{"embeddable":true,"href":"https:\/\/cccaci.com\/fr\/wp-json\/wp\/v2\/users\/1"}],"replies":[{"embeddable":true,"href":"https:\/\/cccaci.com\/fr\/wp-json\/wp\/v2\/comments?post=887"}],"version-history":[{"count":0,"href":"https:\/\/cccaci.com\/fr\/wp-json\/wp\/v2\/pages\/887\/revisions"}],"wp:attachment":[{"href":"https:\/\/cccaci.com\/fr\/wp-json\/wp\/v2\/media?parent=887"}],"curies":[{"name":"wp","href":"https:\/\/api.w.org\/{rel}","templated":true}]}}