{"id":861,"date":"2023-12-12T17:46:36","date_gmt":"2023-12-12T16:46:36","guid":{"rendered":"https:\/\/cccaci.com\/forum\/?page_id=861"},"modified":"2024-01-17T09:45:49","modified_gmt":"2024-01-17T09:45:49","slug":"programme-de-soutien-aux-entreprises","status":"publish","type":"page","link":"https:\/\/cccaci.com\/fr\/programme-de-soutien-aux-entreprises\/","title":{"rendered":"Programme de soutien aux entreprises"},"content":{"rendered":"\t\t<div data-elementor-type=\"wp-page\" data-elementor-id=\"861\" class=\"elementor elementor-861\">\n\t\t\t\t<div class=\"elementor-element elementor-element-d35c7e8 e-flex e-con-boxed e-con e-parent\" data-id=\"d35c7e8\" data-element_type=\"container\" data-e-type=\"container\" data-settings=\"{&quot;background_background&quot;:&quot;classic&quot;}\">\n\t\t\t\t\t<div class=\"e-con-inner\">\n\t\t<div class=\"elementor-element elementor-element-5424f73 e-con-full e-flex e-con e-child\" data-id=\"5424f73\" data-element_type=\"container\" data-e-type=\"container\">\n\t\t<div class=\"elementor-element elementor-element-7d48910 e-flex e-con-boxed e-con e-child\" data-id=\"7d48910\" data-element_type=\"container\" data-e-type=\"container\">\n\t\t\t\t\t<div class=\"e-con-inner\">\n\t\t\t\t<div class=\"elementor-element elementor-element-53f5efa elementor-widget elementor-widget-heading\" data-id=\"53f5efa\" data-element_type=\"widget\" data-e-type=\"widget\" data-widget_type=\"heading.default\">\n\t\t\t\t<div class=\"elementor-widget-container\">\n\t\t\t\t\t<h2 class=\"elementor-heading-title elementor-size-default\">Programme de soutien aux entreprises<\/h2>\t\t\t\t<\/div>\n\t\t\t\t<\/div>\n\t\t\t\t<div class=\"elementor-element elementor-element-3b16301 elementor-widget-divider--view-line elementor-widget elementor-widget-divider\" data-id=\"3b16301\" data-element_type=\"widget\" data-e-type=\"widget\" data-widget_type=\"divider.default\">\n\t\t\t\t<div class=\"elementor-widget-container\">\n\t\t\t\t\t\t\t<div class=\"elementor-divider\">\n\t\t\t<span class=\"elementor-divider-separator\">\n\t\t\t\t\t\t<\/span>\n\t\t<\/div>\n\t\t\t\t\t\t<\/div>\n\t\t\t\t<\/div>\n\t\t\t\t<div class=\"elementor-element elementor-element-623a5d2 elementor-widget elementor-widget-heading\" data-id=\"623a5d2\" data-element_type=\"widget\" data-e-type=\"widget\" data-widget_type=\"heading.default\">\n\t\t\t\t<div class=\"elementor-widget-container\">\n\t\t\t\t\t<h2 class=\"elementor-heading-title elementor-size-default\">(CCCACI) PROPOSE DIVERS PROGRAMMES DE SOUTIEN AUX ENTREPRISES<\/h2>\t\t\t\t<\/div>\n\t\t\t\t<\/div>\n\t\t\t\t\t<\/div>\n\t\t\t\t<\/div>\n\t\t\t\t<\/div>\n\t\t<div class=\"elementor-element elementor-element-2aa7ac1 e-con-full e-flex e-con e-child\" data-id=\"2aa7ac1\" data-element_type=\"container\" data-e-type=\"container\">\n\t\t\t\t<div class=\"elementor-element elementor-element-e2302f0 elementor-widget elementor-widget-image\" data-id=\"e2302f0\" data-element_type=\"widget\" data-e-type=\"widget\" data-widget_type=\"image.default\">\n\t\t\t\t<div class=\"elementor-widget-container\">\n\t\t\t\t\t\t\t\t\t\t\t\t\t\t\t<img fetchpriority=\"high\" decoding=\"async\" width=\"640\" height=\"296\" src=\"https:\/\/cccaci.com\/wp-content\/uploads\/2023\/12\/bannerccca4i.jpg\" class=\"attachment-large size-large wp-image-883\" alt=\"\" srcset=\"https:\/\/cccaci.com\/wp-content\/uploads\/2023\/12\/bannerccca4i.jpg 872w, https:\/\/cccaci.com\/wp-content\/uploads\/2023\/12\/bannerccca4i-600x277.jpg 600w, https:\/\/cccaci.com\/wp-content\/uploads\/2023\/12\/bannerccca4i-300x139.jpg 300w, https:\/\/cccaci.com\/wp-content\/uploads\/2023\/12\/bannerccca4i-768x355.jpg 768w, https:\/\/cccaci.com\/wp-content\/uploads\/2023\/12\/bannerccca4i-624x288.jpg 624w\" sizes=\"(max-width: 640px) 100vw, 640px\" \/>\t\t\t\t\t\t\t\t\t\t\t\t\t\t\t<\/div>\n\t\t\t\t<\/div>\n\t\t\t\t<\/div>\n\t\t<div class=\"elementor-element elementor-element-cd08c1e e-con-full e-flex e-con e-child\" data-id=\"cd08c1e\" data-element_type=\"container\" data-e-type=\"container\">\n\t\t\t\t<div class=\"elementor-element elementor-element-431918c elementor-widget elementor-widget-image\" data-id=\"431918c\" data-element_type=\"widget\" data-e-type=\"widget\" data-widget_type=\"image.default\">\n\t\t\t\t<div class=\"elementor-widget-container\">\n\t\t\t\t\t\t\t\t\t\t\t\t\t\t\t<img decoding=\"async\" width=\"399\" height=\"403\" src=\"https:\/\/cccaci.com\/wp-content\/uploads\/2023\/12\/graphcca.png\" class=\"attachment-large size-large wp-image-707\" alt=\"\" srcset=\"https:\/\/cccaci.com\/wp-content\/uploads\/2023\/12\/graphcca.png 399w, https:\/\/cccaci.com\/wp-content\/uploads\/2023\/12\/graphcca-100x100.png 100w, https:\/\/cccaci.com\/wp-content\/uploads\/2023\/12\/graphcca-297x300.png 297w\" sizes=\"(max-width: 399px) 100vw, 399px\" \/>\t\t\t\t\t\t\t\t\t\t\t\t\t\t\t<\/div>\n\t\t\t\t<\/div>\n\t\t\t\t<\/div>\n\t\t\t\t\t<\/div>\n\t\t\t\t<\/div>\n\t\t<div class=\"elementor-element elementor-element-59a4a4b e-flex e-con-boxed e-con e-parent\" data-id=\"59a4a4b\" data-element_type=\"container\" data-e-type=\"container\">\n\t\t\t\t\t<div class=\"e-con-inner\">\n\t\t\t\t<div class=\"elementor-element elementor-element-b3a2cbb elementor-widget elementor-widget-text-editor\" data-id=\"b3a2cbb\" data-element_type=\"widget\" data-e-type=\"widget\" data-widget_type=\"text-editor.default\">\n\t\t\t\t<div class=\"elementor-widget-container\">\n\t\t\t\t\t<div class=\"bb-theme-elementor-wrap bb-elementor-custom-color bb-elementor-custom-family bb-elementor-custom-size bb-elementor-custom-line-height\">\t\t\t\t<p>La Chambre de Commerce Canada C\u00f4te d\u2019Ivoire (CCCACI) propose divers programmes de soutien aux entreprises, visant \u00e0 faciliter leur d\u00e9veloppement, leur croissance et leur r\u00e9ussite sur les march\u00e9s internationaux. Voici quelques-uns des programmes que nous offrons :<\/p>\t\t\t\t<\/div>\t\t\t\t<\/div>\n\t\t\t\t<\/div>\n\t\t\t\t\t<\/div>\n\t\t\t\t<\/div>\n\t\t<div class=\"elementor-element elementor-element-85c6e1f e-flex e-con-boxed e-con e-parent\" data-id=\"85c6e1f\" data-element_type=\"container\" data-e-type=\"container\" data-settings=\"{&quot;background_background&quot;:&quot;classic&quot;}\">\n\t\t\t\t\t<div class=\"e-con-inner\">\n\t\t\t\t<div class=\"elementor-element elementor-element-2bfce00 elementor-widget elementor-widget-eael-adv-accordion\" data-id=\"2bfce00\" data-element_type=\"widget\" data-e-type=\"widget\" data-widget_type=\"eael-adv-accordion.default\">\n\t\t\t\t<div class=\"elementor-widget-container\">\n\t\t\t\t\t            <div class=\"eael-adv-accordion\" id=\"eael-adv-accordion-2bfce00\" data-scroll-on-click=\"no\" data-scroll-speed=\"300\" data-accordion-id=\"2bfce00\" data-accordion-type=\"accordion\" data-toogle-speed=\"300\">\n            <div class=\"eael-accordion-list\">\n\t\t\t\t\t<div id=\"programme-daccompagnement-lexport\" class=\"elementor-tab-title eael-accordion-header active-default\" tabindex=\"0\" data-tab=\"1\" aria-controls=\"elementor-tab-content-4611\"><span class=\"eael-accordion-tab-title\">Programme d'Accompagnement \u00e0 l'Export<\/span><svg aria-hidden=\"true\" class=\"fa-toggle e-font-icon-svg e-fas-angle-down\" viewBox=\"0 0 320 512\" xmlns=\"http:\/\/www.w3.org\/2000\/svg\"><path d=\"M143 352.3L7 216.3c-9.4-9.4-9.4-24.6 0-33.9l22.6-22.6c9.4-9.4 24.6-9.4 33.9 0l96.4 96.4 96.4-96.4c9.4-9.4 24.6-9.4 33.9 0l22.6 22.6c9.4 9.4 9.4 24.6 0 33.9l-136 136c-9.2 9.4-24.4 9.4-33.8 0z\"><\/path><\/svg><\/div><div id=\"elementor-tab-content-4611\" class=\"eael-accordion-content clearfix active-default\" data-tab=\"1\" aria-labelledby=\"programme-daccompagnement-lexport\">Ce programme vise \u00e0 aider les entreprises ivoiriennes \u00e0 se lancer \u00e0 l\u2019international en leur fournissant des conseils sp\u00e9cialis\u00e9s, des formations sur les pratiques commerciales internationales, des analyses de march\u00e9, ainsi qu\u2019un suivi personnalis\u00e9 pour leur permettre de d\u00e9velopper une strat\u00e9gie d\u2019exportation solide.<\/div>\n\t\t\t\t\t<\/div><div class=\"eael-accordion-list\">\n\t\t\t\t\t<div id=\"programme-dappui-aux-partenariats\" class=\"elementor-tab-title eael-accordion-header\" tabindex=\"0\" data-tab=\"2\" aria-controls=\"elementor-tab-content-4612\"><span class=\"eael-accordion-tab-title\">Programme d'Appui aux Partenariats<\/span><svg aria-hidden=\"true\" class=\"fa-toggle e-font-icon-svg e-fas-angle-down\" viewBox=\"0 0 320 512\" xmlns=\"http:\/\/www.w3.org\/2000\/svg\"><path d=\"M143 352.3L7 216.3c-9.4-9.4-9.4-24.6 0-33.9l22.6-22.6c9.4-9.4 24.6-9.4 33.9 0l96.4 96.4 96.4-96.4c9.4-9.4 24.6-9.4 33.9 0l22.6 22.6c9.4 9.4 9.4 24.6 0 33.9l-136 136c-9.2 9.4-24.4 9.4-33.8 0z\"><\/path><\/svg><\/div><div id=\"elementor-tab-content-4612\" class=\"eael-accordion-content clearfix\" data-tab=\"2\" aria-labelledby=\"programme-dappui-aux-partenariats\">Nous facilitons la mise en relation d\u2019entreprises canadiennes et ivoiriennes en recherche de partenaires commerciaux ou technologiques. Ce programme favorise la cr\u00e9ation de partenariats strat\u00e9giques, les transferts de technologie, et les alliances mutuellement b\u00e9n\u00e9fiques.<\/div>\n\t\t\t\t\t<\/div><div class=\"eael-accordion-list\">\n\t\t\t\t\t<div id=\"programme-daccs-aux-financements\" class=\"elementor-tab-title eael-accordion-header\" tabindex=\"0\" data-tab=\"3\" aria-controls=\"elementor-tab-content-4613\"><span class=\"eael-accordion-tab-title\">Programme d'Acc\u00e8s aux Financements<\/span><svg aria-hidden=\"true\" class=\"fa-toggle e-font-icon-svg e-fas-angle-down\" viewBox=\"0 0 320 512\" xmlns=\"http:\/\/www.w3.org\/2000\/svg\"><path d=\"M143 352.3L7 216.3c-9.4-9.4-9.4-24.6 0-33.9l22.6-22.6c9.4-9.4 24.6-9.4 33.9 0l96.4 96.4 96.4-96.4c9.4-9.4 24.6-9.4 33.9 0l22.6 22.6c9.4 9.4 9.4 24.6 0 33.9l-136 136c-9.2 9.4-24.4 9.4-33.8 0z\"><\/path><\/svg><\/div><div id=\"elementor-tab-content-4613\" class=\"eael-accordion-content clearfix\" data-tab=\"3\" aria-labelledby=\"programme-daccs-aux-financements\">Nous informons les entreprises sur les diff\u00e9rentes sources de financement disponibles pour leurs projets d\u2019investissement et d\u2019expansion. Nous les aidons \u00e0 identifier les institutions financi\u00e8res appropri\u00e9es, \u00e0 pr\u00e9parer leurs dossiers de financement, et \u00e0 maximiser leurs chances de r\u00e9ussite dans l\u2019obtention de cr\u00e9dits ou de subventions.<\/div>\n\t\t\t\t\t<\/div><div class=\"eael-accordion-list\">\n\t\t\t\t\t<div id=\"programme-de-mentorat-entrepreneurial\" class=\"elementor-tab-title eael-accordion-header\" tabindex=\"0\" data-tab=\"4\" aria-controls=\"elementor-tab-content-4614\"><span class=\"eael-accordion-tab-title\">Programme de Mentorat Entrepreneurial<\/span><svg aria-hidden=\"true\" class=\"fa-toggle e-font-icon-svg e-fas-angle-down\" viewBox=\"0 0 320 512\" xmlns=\"http:\/\/www.w3.org\/2000\/svg\"><path d=\"M143 352.3L7 216.3c-9.4-9.4-9.4-24.6 0-33.9l22.6-22.6c9.4-9.4 24.6-9.4 33.9 0l96.4 96.4 96.4-96.4c9.4-9.4 24.6-9.4 33.9 0l22.6 22.6c9.4 9.4 9.4 24.6 0 33.9l-136 136c-9.2 9.4-24.4 9.4-33.8 0z\"><\/path><\/svg><\/div><div id=\"elementor-tab-content-4614\" class=\"eael-accordion-content clearfix\" data-tab=\"4\" aria-labelledby=\"programme-de-mentorat-entrepreneurial\">Ce programme met en relation des entrepreneurs exp\u00e9riment\u00e9s avec des entrepreneurs en devenir, afin de leur apporter un soutien, des conseils avis\u00e9s et des orientations dans leurs projets de d\u00e9veloppement. Le mentorat vise \u00e0 favoriser l\u2019apprentissage et l\u2019\u00e9change de bonnes pratiques entre pairs.<\/div>\n\t\t\t\t\t<\/div><div class=\"eael-accordion-list\">\n\t\t\t\t\t<div id=\"programme-de-dveloppement-durable\" class=\"elementor-tab-title eael-accordion-header\" tabindex=\"0\" data-tab=\"5\" aria-controls=\"elementor-tab-content-4615\"><span class=\"eael-accordion-tab-title\">Programme de D\u00e9veloppement Durable<\/span><svg aria-hidden=\"true\" class=\"fa-toggle e-font-icon-svg e-fas-angle-down\" viewBox=\"0 0 320 512\" xmlns=\"http:\/\/www.w3.org\/2000\/svg\"><path d=\"M143 352.3L7 216.3c-9.4-9.4-9.4-24.6 0-33.9l22.6-22.6c9.4-9.4 24.6-9.4 33.9 0l96.4 96.4 96.4-96.4c9.4-9.4 24.6-9.4 33.9 0l22.6 22.6c9.4 9.4 9.4 24.6 0 33.9l-136 136c-9.2 9.4-24.4 9.4-33.8 0z\"><\/path><\/svg><\/div><div id=\"elementor-tab-content-4615\" class=\"eael-accordion-content clearfix\" data-tab=\"5\" aria-labelledby=\"programme-de-dveloppement-durable\">Nous encourageons les entreprises \u00e0 adopter des pratiques durables et responsables en mettant en place des programmes de sensibilisation, des formations sur le d\u00e9veloppement durable, et en les aidant \u00e0 int\u00e9grer des pratiques \u00e9cologiquement et socialement responsables dans leurs activit\u00e9s.<\/div>\n\t\t\t\t\t<\/div><div class=\"eael-accordion-list\">\n\t\t\t\t\t<div id=\"programme-daccompagnement-juridique-et-rglementaire\" class=\"elementor-tab-title eael-accordion-header\" tabindex=\"0\" data-tab=\"6\" aria-controls=\"elementor-tab-content-4616\"><span class=\"eael-accordion-tab-title\">Programme d'Accompagnement Juridique et R\u00e9glementaire<\/span><svg aria-hidden=\"true\" class=\"fa-toggle e-font-icon-svg e-fas-angle-down\" viewBox=\"0 0 320 512\" xmlns=\"http:\/\/www.w3.org\/2000\/svg\"><path d=\"M143 352.3L7 216.3c-9.4-9.4-9.4-24.6 0-33.9l22.6-22.6c9.4-9.4 24.6-9.4 33.9 0l96.4 96.4 96.4-96.4c9.4-9.4 24.6-9.4 33.9 0l22.6 22.6c9.4 9.4 9.4 24.6 0 33.9l-136 136c-9.2 9.4-24.4 9.4-33.8 0z\"><\/path><\/svg><\/div><div id=\"elementor-tab-content-4616\" class=\"eael-accordion-content clearfix\" data-tab=\"6\" aria-labelledby=\"programme-daccompagnement-juridique-et-rglementaire\">Nous offrons des services d\u2019accompagnement pour aider les entreprises \u00e0 naviguer dans les r\u00e9glementations et les lois commerciales des deux pays. Des consultations juridiques sp\u00e9cialis\u00e9es sont propos\u00e9es pour faciliter la conformit\u00e9 et r\u00e9duire les risques l\u00e9gaux.<\/div>\n\t\t\t\t\t<\/div><div class=\"eael-accordion-list\">\n\t\t\t\t\t<div id=\"programme-de-formation-et-de-dveloppement-des-comptences\" class=\"elementor-tab-title eael-accordion-header\" tabindex=\"0\" data-tab=\"7\" aria-controls=\"elementor-tab-content-4617\"><span class=\"eael-accordion-tab-title\">Programme de Formation et de D\u00e9veloppement des Comp\u00e9tences<\/span><svg aria-hidden=\"true\" class=\"fa-toggle e-font-icon-svg e-fas-angle-down\" viewBox=\"0 0 320 512\" xmlns=\"http:\/\/www.w3.org\/2000\/svg\"><path d=\"M143 352.3L7 216.3c-9.4-9.4-9.4-24.6 0-33.9l22.6-22.6c9.4-9.4 24.6-9.4 33.9 0l96.4 96.4 96.4-96.4c9.4-9.4 24.6-9.4 33.9 0l22.6 22.6c9.4 9.4 9.4 24.6 0 33.9l-136 136c-9.2 9.4-24.4 9.4-33.8 0z\"><\/path><\/svg><\/div><div id=\"elementor-tab-content-4617\" class=\"eael-accordion-content clearfix\" data-tab=\"7\" aria-labelledby=\"programme-de-formation-et-de-dveloppement-des-comptences\">Nous organisons des sessions de formation et des ateliers sur des sujets vari\u00e9s tels que la gestion d\u2019entreprise, la strat\u00e9gie marketing, la logistique internationale, l\u2019innovation technologique, et bien plus encore, afin d\u2019aider les entreprises \u00e0 acqu\u00e9rir de nouvelles comp\u00e9tences et \u00e0 am\u00e9liorer leurs performances.<\/div>\n\t\t\t\t\t<\/div><\/div>\t\t\t\t<\/div>\n\t\t\t\t<\/div>\n\t\t\t\t\t<\/div>\n\t\t\t\t<\/div>\n\t\t\t\t<\/div>\n\t\t","protected":false},"excerpt":{"rendered":"<p>Programme de soutien aux entreprises (CCCACI) PROPOSE DIVERS PROGRAMMES DE SOUTIEN AUX ENTREPRISES La Chambre de Commerce Canada C\u00f4te d\u2019Ivoire (CCCACI) propose divers programmes de&hellip;<\/p>\n","protected":false},"author":1,"featured_media":0,"parent":0,"menu_order":0,"comment_status":"closed","ping_status":"closed","template":"","meta":{"footnotes":""},"class_list":["post-861","page","type-page","status-publish","hentry"],"_links":{"self":[{"href":"https:\/\/cccaci.com\/fr\/wp-json\/wp\/v2\/pages\/861","targetHints":{"allow":["GET"]}}],"collection":[{"href":"https:\/\/cccaci.com\/fr\/wp-json\/wp\/v2\/pages"}],"about":[{"href":"https:\/\/cccaci.com\/fr\/wp-json\/wp\/v2\/types\/page"}],"author":[{"embeddable":true,"href":"https:\/\/cccaci.com\/fr\/wp-json\/wp\/v2\/users\/1"}],"replies":[{"embeddable":true,"href":"https:\/\/cccaci.com\/fr\/wp-json\/wp\/v2\/comments?post=861"}],"version-history":[{"count":0,"href":"https:\/\/cccaci.com\/fr\/wp-json\/wp\/v2\/pages\/861\/revisions"}],"wp:attachment":[{"href":"https:\/\/cccaci.com\/fr\/wp-json\/wp\/v2\/media?parent=861"}],"curies":[{"name":"wp","href":"https:\/\/api.w.org\/{rel}","templated":true}]}}