{"id":600,"date":"2023-12-12T13:48:32","date_gmt":"2023-12-12T12:48:32","guid":{"rendered":"https:\/\/cccaci.com\/forum\/?page_id=600"},"modified":"2024-03-06T12:03:40","modified_gmt":"2024-03-06T12:03:40","slug":"mot-des-vices-presidentes-et-du-secretaire-general","status":"publish","type":"page","link":"https:\/\/cccaci.com\/fr\/mot-des-vices-presidentes-et-du-secretaire-general\/","title":{"rendered":"Mot des Vices Pr\u00e9sidentes et du Secr\u00e9taire G\u00e9n\u00e9ral"},"content":{"rendered":"\t\t<div data-elementor-type=\"wp-page\" data-elementor-id=\"600\" class=\"elementor elementor-600\">\n\t\t\t\t<div class=\"elementor-element elementor-element-c6c5369 e-flex e-con-boxed e-con e-parent\" data-id=\"c6c5369\" data-element_type=\"container\" data-e-type=\"container\" data-settings=\"{&quot;background_background&quot;:&quot;gradient&quot;}\">\n\t\t\t\t\t<div class=\"e-con-inner\">\n\t\t\t\t<div class=\"elementor-element elementor-element-bb56075 elementor-widget elementor-widget-heading\" data-id=\"bb56075\" data-element_type=\"widget\" data-e-type=\"widget\" data-widget_type=\"heading.default\">\n\t\t\t\t<div class=\"elementor-widget-container\">\n\t\t\t\t\t<h2 class=\"elementor-heading-title elementor-size-default\">Mot des Vices Pr\u00e9sidentes du Secr\u00e9taire G\u00e9n\u00e9ral\n<\/h2>\t\t\t\t<\/div>\n\t\t\t\t<\/div>\n\t\t\t\t<div class=\"elementor-element elementor-element-11a5ccf e-transform elementor-widget-divider--view-line elementor-widget elementor-widget-divider\" data-id=\"11a5ccf\" data-element_type=\"widget\" data-e-type=\"widget\" data-settings=\"{&quot;_transform_translateY_effect&quot;:{&quot;unit&quot;:&quot;px&quot;,&quot;size&quot;:-13,&quot;sizes&quot;:[]},&quot;_transform_translateX_effect&quot;:{&quot;unit&quot;:&quot;px&quot;,&quot;size&quot;:&quot;&quot;,&quot;sizes&quot;:[]},&quot;_transform_translateX_effect_tablet&quot;:{&quot;unit&quot;:&quot;px&quot;,&quot;size&quot;:&quot;&quot;,&quot;sizes&quot;:[]},&quot;_transform_translateX_effect_mobile&quot;:{&quot;unit&quot;:&quot;px&quot;,&quot;size&quot;:&quot;&quot;,&quot;sizes&quot;:[]},&quot;_transform_translateY_effect_tablet&quot;:{&quot;unit&quot;:&quot;px&quot;,&quot;size&quot;:&quot;&quot;,&quot;sizes&quot;:[]},&quot;_transform_translateY_effect_mobile&quot;:{&quot;unit&quot;:&quot;px&quot;,&quot;size&quot;:&quot;&quot;,&quot;sizes&quot;:[]}}\" data-widget_type=\"divider.default\">\n\t\t\t\t<div class=\"elementor-widget-container\">\n\t\t\t\t\t\t\t<div class=\"elementor-divider\">\n\t\t\t<span class=\"elementor-divider-separator\">\n\t\t\t\t\t\t<\/span>\n\t\t<\/div>\n\t\t\t\t\t\t<\/div>\n\t\t\t\t<\/div>\n\t\t\t\t\t<\/div>\n\t\t\t\t<\/div>\n\t\t\t\t<section class=\"elementor-section elementor-top-section elementor-element elementor-element-62e3ec7c elementor-section-content-middle elementor-section-boxed elementor-section-height-default elementor-section-height-default\" data-id=\"62e3ec7c\" data-element_type=\"section\" data-e-type=\"section\" id=\"info_section\">\n\t\t\t\t\t\t<div class=\"elementor-container elementor-column-gap-no\">\n\t\t\t\t\t<div class=\"elementor-column elementor-col-50 elementor-top-column elementor-element elementor-element-26def7e5\" data-id=\"26def7e5\" data-element_type=\"column\" data-e-type=\"column\">\n\t\t\t<div class=\"elementor-widget-wrap elementor-element-populated\">\n\t\t\t\t\t\t<div class=\"elementor-element elementor-element-d7cc2eb elementor-widget elementor-widget-image\" data-id=\"d7cc2eb\" data-element_type=\"widget\" data-e-type=\"widget\" data-widget_type=\"image.default\">\n\t\t\t\t<div class=\"elementor-widget-container\">\n\t\t\t\t\t\t\t\t\t\t\t\t\t\t\t<img fetchpriority=\"high\" decoding=\"async\" width=\"401\" height=\"596\" src=\"https:\/\/cccaci.com\/wp-content\/uploads\/2023\/12\/1EREVICECCCCIA1.jpg\" class=\"attachment-large size-large wp-image-625\" alt=\"\" srcset=\"https:\/\/cccaci.com\/wp-content\/uploads\/2023\/12\/1EREVICECCCCIA1.jpg 401w, https:\/\/cccaci.com\/wp-content\/uploads\/2023\/12\/1EREVICECCCCIA1-202x300.jpg 202w\" sizes=\"(max-width: 401px) 100vw, 401px\" \/>\t\t\t\t\t\t\t\t\t\t\t\t\t\t\t<\/div>\n\t\t\t\t<\/div>\n\t\t\t\t\t<\/div>\n\t\t<\/div>\n\t\t\t\t<div class=\"elementor-column elementor-col-50 elementor-top-column elementor-element elementor-element-250da878\" data-id=\"250da878\" data-element_type=\"column\" data-e-type=\"column\">\n\t\t\t<div class=\"elementor-widget-wrap elementor-element-populated\">\n\t\t\t\t\t\t<div class=\"elementor-element elementor-element-124d75df elementor-widget elementor-widget-heading\" data-id=\"124d75df\" data-element_type=\"widget\" data-e-type=\"widget\" data-widget_type=\"heading.default\">\n\t\t\t\t<div class=\"elementor-widget-container\">\n\t\t\t\t\t<h2 class=\"elementor-heading-title elementor-size-default\">Massogb\u00e9 TOUR\u00c9 \n<\/h2>\t\t\t\t<\/div>\n\t\t\t\t<\/div>\n\t\t\t\t<div class=\"elementor-element elementor-element-74d2839 elementor-widget elementor-widget-heading\" data-id=\"74d2839\" data-element_type=\"widget\" data-e-type=\"widget\" data-widget_type=\"heading.default\">\n\t\t\t\t<div class=\"elementor-widget-container\">\n\t\t\t\t\t<h2 class=\"elementor-heading-title elementor-size-default\">1\u00e8re Vice-Pr\u00e9sidente de la Chambre<br> de Commerce Canada \u2013 C\u00f4te d\u2019Ivoire<\/h2>\t\t\t\t<\/div>\n\t\t\t\t<\/div>\n\t\t\t\t<div class=\"elementor-element elementor-element-543da2a elementor-widget-divider--view-line elementor-widget elementor-widget-divider\" data-id=\"543da2a\" data-element_type=\"widget\" data-e-type=\"widget\" data-widget_type=\"divider.default\">\n\t\t\t\t<div class=\"elementor-widget-container\">\n\t\t\t\t\t\t\t<div class=\"elementor-divider\">\n\t\t\t<span class=\"elementor-divider-separator\">\n\t\t\t\t\t\t<\/span>\n\t\t<\/div>\n\t\t\t\t\t\t<\/div>\n\t\t\t\t<\/div>\n\t\t\t\t<div class=\"elementor-element elementor-element-24465b84 elementor-widget elementor-widget-heading\" data-id=\"24465b84\" data-element_type=\"widget\" data-e-type=\"widget\" data-widget_type=\"heading.default\">\n\t\t\t\t<div class=\"elementor-widget-container\">\n\t\t\t\t\t<p class=\"elementor-heading-title elementor-size-default\">En tant que vice-pr\u00e9sidente de la Chambre de Commerce Canada C\u00f4te d'Ivoire, ma vision est de renforcer les liens \u00e9conomiques entre nos deux nations en favorisant des partenariats durables. Je m'engage \u00e0 promouvoir l'innovation, l'inclusion et le d\u00e9veloppement des entreprises, cr\u00e9ant ainsi un environnement propice \u00e0 la prosp\u00e9rit\u00e9 mutuelle. Ensemble, nous fa\u00e7onnons l'avenir des \u00e9changes commerciaux entre le Canada et la C\u00f4te d'Ivoire, stimulant la croissance \u00e9conomique et le progr\u00e8s.<\/p>\t\t\t\t<\/div>\n\t\t\t\t<\/div>\n\t\t\t\t\t<\/div>\n\t\t<\/div>\n\t\t\t\t\t<\/div>\n\t\t<\/section>\n\t\t<div class=\"elementor-element elementor-element-3d8e49e e-flex e-con-boxed e-con e-parent\" data-id=\"3d8e49e\" data-element_type=\"container\" data-e-type=\"container\">\n\t\t\t\t\t<div class=\"e-con-inner\">\n\t\t\t\t<div class=\"elementor-element elementor-element-2a6b330 elementor-widget-divider--view-line elementor-widget elementor-widget-divider\" data-id=\"2a6b330\" data-element_type=\"widget\" data-e-type=\"widget\" data-widget_type=\"divider.default\">\n\t\t\t\t<div class=\"elementor-widget-container\">\n\t\t\t\t\t\t\t<div class=\"elementor-divider\">\n\t\t\t<span class=\"elementor-divider-separator\">\n\t\t\t\t\t\t<\/span>\n\t\t<\/div>\n\t\t\t\t\t\t<\/div>\n\t\t\t\t<\/div>\n\t\t\t\t\t<\/div>\n\t\t\t\t<\/div>\n\t\t\t\t<section class=\"elementor-section elementor-top-section elementor-element elementor-element-c1a87cf elementor-section-content-middle elementor-section-boxed elementor-section-height-default elementor-section-height-default\" data-id=\"c1a87cf\" data-element_type=\"section\" data-e-type=\"section\">\n\t\t\t\t\t\t<div class=\"elementor-container elementor-column-gap-no\">\n\t\t\t\t\t<div class=\"elementor-column elementor-col-50 elementor-top-column elementor-element elementor-element-7335fce\" data-id=\"7335fce\" data-element_type=\"column\" data-e-type=\"column\">\n\t\t\t<div class=\"elementor-widget-wrap elementor-element-populated\">\n\t\t\t\t\t\t<div class=\"elementor-element elementor-element-b070ac0 elementor-widget elementor-widget-image\" data-id=\"b070ac0\" data-element_type=\"widget\" data-e-type=\"widget\" data-widget_type=\"image.default\">\n\t\t\t\t<div class=\"elementor-widget-container\">\n\t\t\t\t\t\t\t\t\t\t\t\t\t\t\t<img decoding=\"async\" width=\"640\" height=\"943\" src=\"https:\/\/cccaci.com\/wp-content\/uploads\/2024\/03\/MEMBER2-1-695x1024.png\" class=\"attachment-large size-large wp-image-6496\" alt=\"\" srcset=\"https:\/\/cccaci.com\/wp-content\/uploads\/2024\/03\/MEMBER2-1-695x1024.png 695w, https:\/\/cccaci.com\/wp-content\/uploads\/2024\/03\/MEMBER2-1-600x884.png 600w, https:\/\/cccaci.com\/wp-content\/uploads\/2024\/03\/MEMBER2-1-204x300.png 204w, https:\/\/cccaci.com\/wp-content\/uploads\/2024\/03\/MEMBER2-1-768x1132.png 768w, https:\/\/cccaci.com\/wp-content\/uploads\/2024\/03\/MEMBER2-1-8x12.png 8w, https:\/\/cccaci.com\/wp-content\/uploads\/2024\/03\/MEMBER2-1-624x920.png 624w, https:\/\/cccaci.com\/wp-content\/uploads\/2024\/03\/MEMBER2-1.png 802w\" sizes=\"(max-width: 640px) 100vw, 640px\" \/>\t\t\t\t\t\t\t\t\t\t\t\t\t\t\t<\/div>\n\t\t\t\t<\/div>\n\t\t\t\t\t<\/div>\n\t\t<\/div>\n\t\t\t\t<div class=\"elementor-column elementor-col-50 elementor-top-column elementor-element elementor-element-b86c6af\" data-id=\"b86c6af\" data-element_type=\"column\" data-e-type=\"column\">\n\t\t\t<div class=\"elementor-widget-wrap elementor-element-populated\">\n\t\t\t\t\t\t<div class=\"elementor-element elementor-element-dfc095a elementor-widget elementor-widget-heading\" data-id=\"dfc095a\" data-element_type=\"widget\" data-e-type=\"widget\" data-widget_type=\"heading.default\">\n\t\t\t\t<div class=\"elementor-widget-container\">\n\t\t\t\t\t<h2 class=\"elementor-heading-title elementor-size-default\">Marie-France Brisson\n<\/h2>\t\t\t\t<\/div>\n\t\t\t\t<\/div>\n\t\t\t\t<div class=\"elementor-element elementor-element-4d2d9ab elementor-widget elementor-widget-heading\" data-id=\"4d2d9ab\" data-element_type=\"widget\" data-e-type=\"widget\" data-widget_type=\"heading.default\">\n\t\t\t\t<div class=\"elementor-widget-container\">\n\t\t\t\t\t<h2 class=\"elementor-heading-title elementor-size-default\">2\u00e8me Vice-Pr\u00e9sidente de la Chambre<br> de Commerce Canada \u2013 C\u00f4te d\u2019Ivoire<\/h2>\t\t\t\t<\/div>\n\t\t\t\t<\/div>\n\t\t\t\t<div class=\"elementor-element elementor-element-224fe26 elementor-widget-divider--view-line elementor-widget elementor-widget-divider\" data-id=\"224fe26\" data-element_type=\"widget\" data-e-type=\"widget\" data-widget_type=\"divider.default\">\n\t\t\t\t<div class=\"elementor-widget-container\">\n\t\t\t\t\t\t\t<div class=\"elementor-divider\">\n\t\t\t<span class=\"elementor-divider-separator\">\n\t\t\t\t\t\t<\/span>\n\t\t<\/div>\n\t\t\t\t\t\t<\/div>\n\t\t\t\t<\/div>\n\t\t\t\t<div class=\"elementor-element elementor-element-a3ae799 elementor-widget elementor-widget-heading\" data-id=\"a3ae799\" data-element_type=\"widget\" data-e-type=\"widget\" data-widget_type=\"heading.default\">\n\t\t\t\t<div class=\"elementor-widget-container\">\n\t\t\t\t\t<p class=\"elementor-heading-title elementor-size-default\">Dipl\u00f4m\u00e9e universitaire canadienne en science, Madame Brisson a si\u00e9g\u00e9 sur une chambre de commerce au Qu\u00e9bec ainsi que sur divers comit\u00e9s provinciaux (Canada) et a pr\u00e9sent\u00e9 \u00e0 des tables d\u2019\u00e9changes dont l\u2019une tenue par les Nations Unies (2020). Elle \u00e9volue depuis 20 ann\u00e9es dans le secteur de la gouvernance et de l\u2019administration publique dont plusieurs missions \u00e0 l\u2019\u00e9tranger et s\u2019est sp\u00e9cialis\u00e9e dans le service-conseil et d\u2019accompagnement des gouvernements locaux et entreprises qui souhaitent s\u2019implanter et expandre leurs march\u00e9s en C\u00f4te d\u2019Ivoire et au Canada.<\/p>\t\t\t\t<\/div>\n\t\t\t\t<\/div>\n\t\t\t\t\t<\/div>\n\t\t<\/div>\n\t\t\t\t\t<\/div>\n\t\t<\/section>\n\t\t<div class=\"elementor-element elementor-element-a4ec7d1 e-flex e-con-boxed e-con e-parent\" data-id=\"a4ec7d1\" data-element_type=\"container\" data-e-type=\"container\">\n\t\t\t\t\t<div class=\"e-con-inner\">\n\t\t\t\t<div class=\"elementor-element elementor-element-447acfc elementor-widget-divider--view-line elementor-widget elementor-widget-divider\" data-id=\"447acfc\" data-element_type=\"widget\" data-e-type=\"widget\" data-widget_type=\"divider.default\">\n\t\t\t\t<div class=\"elementor-widget-container\">\n\t\t\t\t\t\t\t<div class=\"elementor-divider\">\n\t\t\t<span class=\"elementor-divider-separator\">\n\t\t\t\t\t\t<\/span>\n\t\t<\/div>\n\t\t\t\t\t\t<\/div>\n\t\t\t\t<\/div>\n\t\t\t\t\t<\/div>\n\t\t\t\t<\/div>\n\t\t\t\t<section class=\"elementor-section elementor-top-section elementor-element elementor-element-4e407a9 elementor-section-content-middle elementor-section-boxed elementor-section-height-default elementor-section-height-default\" data-id=\"4e407a9\" data-element_type=\"section\" data-e-type=\"section\">\n\t\t\t\t\t\t<div class=\"elementor-container elementor-column-gap-no\">\n\t\t\t\t\t<div class=\"elementor-column elementor-col-50 elementor-top-column elementor-element elementor-element-c76008e\" data-id=\"c76008e\" data-element_type=\"column\" data-e-type=\"column\">\n\t\t\t<div class=\"elementor-widget-wrap elementor-element-populated\">\n\t\t\t\t\t\t<div class=\"elementor-element elementor-element-263a235 elementor-widget elementor-widget-image\" data-id=\"263a235\" data-element_type=\"widget\" data-e-type=\"widget\" data-widget_type=\"image.default\">\n\t\t\t\t<div class=\"elementor-widget-container\">\n\t\t\t\t\t\t\t\t\t\t\t\t\t\t\t<img decoding=\"async\" width=\"640\" height=\"951\" src=\"https:\/\/cccaci.com\/wp-content\/uploads\/2024\/03\/CCCACI._.png\" class=\"attachment-large size-large wp-image-6594\" alt=\"\" srcset=\"https:\/\/cccaci.com\/wp-content\/uploads\/2024\/03\/CCCACI._.png 682w, https:\/\/cccaci.com\/wp-content\/uploads\/2024\/03\/CCCACI._-600x891.png 600w, https:\/\/cccaci.com\/wp-content\/uploads\/2024\/03\/CCCACI._-202x300.png 202w, https:\/\/cccaci.com\/wp-content\/uploads\/2024\/03\/CCCACI._-8x12.png 8w, https:\/\/cccaci.com\/wp-content\/uploads\/2024\/03\/CCCACI._-624x927.png 624w\" sizes=\"(max-width: 640px) 100vw, 640px\" \/>\t\t\t\t\t\t\t\t\t\t\t\t\t\t\t<\/div>\n\t\t\t\t<\/div>\n\t\t\t\t\t<\/div>\n\t\t<\/div>\n\t\t\t\t<div class=\"elementor-column elementor-col-50 elementor-top-column elementor-element elementor-element-c44a144\" data-id=\"c44a144\" data-element_type=\"column\" data-e-type=\"column\">\n\t\t\t<div class=\"elementor-widget-wrap elementor-element-populated\">\n\t\t\t\t\t\t<div class=\"elementor-element elementor-element-62f7590 elementor-widget elementor-widget-heading\" data-id=\"62f7590\" data-element_type=\"widget\" data-e-type=\"widget\" data-widget_type=\"heading.default\">\n\t\t\t\t<div class=\"elementor-widget-container\">\n\t\t\t\t\t<h2 class=\"elementor-heading-title elementor-size-default\">Gbeuli GUERO <\/h2>\t\t\t\t<\/div>\n\t\t\t\t<\/div>\n\t\t\t\t<div class=\"elementor-element elementor-element-b737e62 elementor-widget elementor-widget-heading\" data-id=\"b737e62\" data-element_type=\"widget\" data-e-type=\"widget\" data-widget_type=\"heading.default\">\n\t\t\t\t<div class=\"elementor-widget-container\">\n\t\t\t\t\t<h2 class=\"elementor-heading-title elementor-size-default\">Le Secr\u00e9taire G\u00e9n\u00e9ral de la Chambre <br>de Commerce Canada \u2013 C\u00f4te d\u2019Ivoire<\/h2>\t\t\t\t<\/div>\n\t\t\t\t<\/div>\n\t\t\t\t<div class=\"elementor-element elementor-element-2ea6b5f elementor-widget-divider--view-line elementor-widget elementor-widget-divider\" data-id=\"2ea6b5f\" data-element_type=\"widget\" data-e-type=\"widget\" data-widget_type=\"divider.default\">\n\t\t\t\t<div class=\"elementor-widget-container\">\n\t\t\t\t\t\t\t<div class=\"elementor-divider\">\n\t\t\t<span class=\"elementor-divider-separator\">\n\t\t\t\t\t\t<\/span>\n\t\t<\/div>\n\t\t\t\t\t\t<\/div>\n\t\t\t\t<\/div>\n\t\t\t\t<div class=\"elementor-element elementor-element-89dc542 elementor-widget elementor-widget-heading\" data-id=\"89dc542\" data-element_type=\"widget\" data-e-type=\"widget\" data-widget_type=\"heading.default\">\n\t\t\t\t<div class=\"elementor-widget-container\">\n\t\t\t\t\t<p class=\"elementor-heading-title elementor-size-default\">En qualit\u00e9 de Secr\u00e9taire G\u00e9n\u00e9ral de la Chambre de Commerce Canada C\u00f4te d'Ivoire, c'est avec un vif enthousiasme que je vous convie \u00e0 int\u00e9grer les rangs de la CCCACI. Cette chambre repr\u00e9sente une passerelle exclusive pour les entreprises canadiennes et ivoiriennes d\u00e9sireuses d'explorer de nouvelles opportunit\u00e9s. Dans le contexte de la croissance significative de divers secteurs d'activit\u00e9, la C\u00f4te d'Ivoire se profile comme une authentique terre d'opportunit\u00e9s.\n<br>\nLa CCCACI qui b\u00e9n\u00e9ficient du soutien affirm\u00e9 du gouvernement canadien et ivoirien, se positionne comme le partenaire id\u00e9al pour accompagner les entreprises dans cette aventure \u00e9conomique des plus prometteuses. Nous vous invitons \u00e0 rejoindre cette initiative ambitieuse, o\u00f9 ensemble, nous contribuerons \u00e0 fa\u00e7onner un avenir prosp\u00e8re et mutuellement b\u00e9n\u00e9fique. Votre participation active sera le moteur de notre succ\u00e8s collectif.<\/p>\t\t\t\t<\/div>\n\t\t\t\t<\/div>\n\t\t\t\t\t<\/div>\n\t\t<\/div>\n\t\t\t\t\t<\/div>\n\t\t<\/section>\n\t\t<div class=\"elementor-element elementor-element-69d8073 e-flex e-con-boxed e-con e-parent\" data-id=\"69d8073\" data-element_type=\"container\" data-e-type=\"container\">\n\t\t\t\t\t<div class=\"e-con-inner\">\n\t\t\t\t<div class=\"elementor-element elementor-element-0beb203 elementor-widget-divider--view-line elementor-widget elementor-widget-divider\" data-id=\"0beb203\" data-element_type=\"widget\" data-e-type=\"widget\" data-widget_type=\"divider.default\">\n\t\t\t\t<div class=\"elementor-widget-container\">\n\t\t\t\t\t\t\t<div class=\"elementor-divider\">\n\t\t\t<span class=\"elementor-divider-separator\">\n\t\t\t\t\t\t<\/span>\n\t\t<\/div>\n\t\t\t\t\t\t<\/div>\n\t\t\t\t<\/div>\n\t\t\t\t\t<\/div>\n\t\t\t\t<\/div>\n\t\t\t\t<section class=\"elementor-section elementor-top-section elementor-element elementor-element-5bd8d04 elementor-section-content-middle elementor-section-boxed elementor-section-height-default elementor-section-height-default\" data-id=\"5bd8d04\" data-element_type=\"section\" data-e-type=\"section\" id=\"info_section_2\">\n\t\t\t\t\t\t<div class=\"elementor-container elementor-column-gap-no\">\n\t\t\t\t\t<div class=\"elementor-column elementor-col-50 elementor-top-column elementor-element elementor-element-5bbf57c\" data-id=\"5bbf57c\" data-element_type=\"column\" data-e-type=\"column\">\n\t\t\t<div class=\"elementor-widget-wrap elementor-element-populated\">\n\t\t\t\t\t\t<div class=\"elementor-element elementor-element-b202036 elementor-widget elementor-widget-image\" data-id=\"b202036\" data-element_type=\"widget\" data-e-type=\"widget\" data-widget_type=\"image.default\">\n\t\t\t\t<div class=\"elementor-widget-container\">\n\t\t\t\t\t\t\t\t\t\t\t\t\t\t\t<img loading=\"lazy\" decoding=\"async\" width=\"640\" height=\"913\" src=\"https:\/\/cccaci.com\/wp-content\/uploads\/2024\/01\/Tresorier-de-la-Chambre-1.png\" class=\"attachment-large size-large wp-image-6195\" alt=\"\" srcset=\"https:\/\/cccaci.com\/wp-content\/uploads\/2024\/01\/Tresorier-de-la-Chambre-1.png 682w, https:\/\/cccaci.com\/wp-content\/uploads\/2024\/01\/Tresorier-de-la-Chambre-1-600x856.png 600w, https:\/\/cccaci.com\/wp-content\/uploads\/2024\/01\/Tresorier-de-la-Chambre-1-210x300.png 210w, https:\/\/cccaci.com\/wp-content\/uploads\/2024\/01\/Tresorier-de-la-Chambre-1-8x12.png 8w, https:\/\/cccaci.com\/wp-content\/uploads\/2024\/01\/Tresorier-de-la-Chambre-1-624x890.png 624w\" sizes=\"(max-width: 640px) 100vw, 640px\" \/>\t\t\t\t\t\t\t\t\t\t\t\t\t\t\t<\/div>\n\t\t\t\t<\/div>\n\t\t\t\t\t<\/div>\n\t\t<\/div>\n\t\t\t\t<div class=\"elementor-column elementor-col-50 elementor-top-column elementor-element elementor-element-8063f2d\" data-id=\"8063f2d\" data-element_type=\"column\" data-e-type=\"column\">\n\t\t\t<div class=\"elementor-widget-wrap elementor-element-populated\">\n\t\t\t\t\t\t<div class=\"elementor-element elementor-element-99c7295 elementor-widget elementor-widget-heading\" data-id=\"99c7295\" data-element_type=\"widget\" data-e-type=\"widget\" data-widget_type=\"heading.default\">\n\t\t\t\t<div class=\"elementor-widget-container\">\n\t\t\t\t\t<h2 class=\"elementor-heading-title elementor-size-default\">F\u00e9lix Edoh Kossi  AMENOUVE<\/h2>\t\t\t\t<\/div>\n\t\t\t\t<\/div>\n\t\t\t\t<div class=\"elementor-element elementor-element-949dfd1 elementor-widget elementor-widget-heading\" data-id=\"949dfd1\" data-element_type=\"widget\" data-e-type=\"widget\" data-widget_type=\"heading.default\">\n\t\t\t\t<div class=\"elementor-widget-container\">\n\t\t\t\t\t<h2 class=\"elementor-heading-title elementor-size-default\">Tr\u00e9sorier de la Chambre de Commerce<br>du Canada en C\u00f4te d\u2019Ivoire<\/h2>\t\t\t\t<\/div>\n\t\t\t\t<\/div>\n\t\t\t\t<div class=\"elementor-element elementor-element-dd5bb7a elementor-widget-divider--view-line elementor-widget elementor-widget-divider\" data-id=\"dd5bb7a\" data-element_type=\"widget\" data-e-type=\"widget\" data-widget_type=\"divider.default\">\n\t\t\t\t<div class=\"elementor-widget-container\">\n\t\t\t\t\t\t\t<div class=\"elementor-divider\">\n\t\t\t<span class=\"elementor-divider-separator\">\n\t\t\t\t\t\t<\/span>\n\t\t<\/div>\n\t\t\t\t\t\t<\/div>\n\t\t\t\t<\/div>\n\t\t\t\t<div class=\"elementor-element elementor-element-4113cc1 elementor-widget elementor-widget-heading\" data-id=\"4113cc1\" data-element_type=\"widget\" data-e-type=\"widget\" data-widget_type=\"heading.default\">\n\t\t\t\t<div class=\"elementor-widget-container\">\n\t\t\t\t\t<p class=\"elementor-heading-title elementor-size-default\">En ma qualit\u00e9 de Tr\u00e9sorier de la Chambre de Commerce du Canada en C\u00f4te d\u2019Ivoire, ma mission est de conduire efficacement la politique financi\u00e8re d\u00e9finie par les membres. Je m\u2019engage \u00e0 \u0153uvrer de sorte \u00e0 assurer \u00e0 la Chambre des ressources financi\u00e8res ad\u00e9quates, pour la mise en \u0153uvre de son plan d\u2019actions. L\u2019efficacit\u00e9 et la transparence dans la gestion sont au c\u0153ur de mon engagement pour un renforcement des relations d\u2019affaires entre la C\u00f4te d\u2019Ivoire\u00a0et\u00a0le\u00a0Canada.<\/p>\t\t\t\t<\/div>\n\t\t\t\t<\/div>\n\t\t\t\t\t<\/div>\n\t\t<\/div>\n\t\t\t\t\t<\/div>\n\t\t<\/section>\n\t\t\t\t<\/div>\n\t\t","protected":false},"excerpt":{"rendered":"<p>Mot des Vices Pr\u00e9sidentes du Secr\u00e9taire G\u00e9n\u00e9ral Massogb\u00e9 TOUR\u00c9 1\u00e8re Vice-Pr\u00e9sidente de la Chambre de Commerce Canada \u2013 C\u00f4te d\u2019Ivoire En tant que vice-pr\u00e9sidente de&hellip;<\/p>\n","protected":false},"author":1,"featured_media":0,"parent":0,"menu_order":0,"comment_status":"closed","ping_status":"closed","template":"","meta":{"footnotes":""},"class_list":["post-600","page","type-page","status-publish","hentry"],"_links":{"self":[{"href":"https:\/\/cccaci.com\/fr\/wp-json\/wp\/v2\/pages\/600","targetHints":{"allow":["GET"]}}],"collection":[{"href":"https:\/\/cccaci.com\/fr\/wp-json\/wp\/v2\/pages"}],"about":[{"href":"https:\/\/cccaci.com\/fr\/wp-json\/wp\/v2\/types\/page"}],"author":[{"embeddable":true,"href":"https:\/\/cccaci.com\/fr\/wp-json\/wp\/v2\/users\/1"}],"replies":[{"embeddable":true,"href":"https:\/\/cccaci.com\/fr\/wp-json\/wp\/v2\/comments?post=600"}],"version-history":[{"count":42,"href":"https:\/\/cccaci.com\/fr\/wp-json\/wp\/v2\/pages\/600\/revisions"}],"predecessor-version":[{"id":6597,"href":"https:\/\/cccaci.com\/fr\/wp-json\/wp\/v2\/pages\/600\/revisions\/6597"}],"wp:attachment":[{"href":"https:\/\/cccaci.com\/fr\/wp-json\/wp\/v2\/media?parent=600"}],"curies":[{"name":"wp","href":"https:\/\/api.w.org\/{rel}","templated":true}]}}