{"id":555,"date":"2023-12-12T13:21:39","date_gmt":"2023-12-12T12:21:39","guid":{"rendered":"https:\/\/cccaci.com\/forum\/?page_id=555"},"modified":"2024-02-05T12:05:25","modified_gmt":"2024-02-05T12:05:25","slug":"edito-du-president","status":"publish","type":"page","link":"https:\/\/cccaci.com\/fr\/edito-du-president\/","title":{"rendered":"Edito du Pr\u00e9sident"},"content":{"rendered":"\t\t<div data-elementor-type=\"wp-page\" data-elementor-id=\"555\" class=\"elementor elementor-555\">\n\t\t\t\t\t\t<section class=\"elementor-section elementor-top-section elementor-element elementor-element-62e3ec7c elementor-section-content-middle elementor-section-boxed elementor-section-height-default elementor-section-height-default\" data-id=\"62e3ec7c\" data-element_type=\"section\" data-e-type=\"section\" id=\"info_section\">\n\t\t\t\t\t\t<div class=\"elementor-container elementor-column-gap-no\">\n\t\t\t\t\t<div class=\"elementor-column elementor-col-50 elementor-top-column elementor-element elementor-element-26def7e5\" data-id=\"26def7e5\" data-element_type=\"column\" data-e-type=\"column\">\n\t\t\t<div class=\"elementor-widget-wrap elementor-element-populated\">\n\t\t\t\t\t\t<div class=\"elementor-element elementor-element-d7cc2eb e-transform elementor-widget elementor-widget-image\" data-id=\"d7cc2eb\" data-element_type=\"widget\" data-e-type=\"widget\" data-settings=\"{&quot;_transform_translateY_effect&quot;:{&quot;unit&quot;:&quot;px&quot;,&quot;size&quot;:-4,&quot;sizes&quot;:[]},&quot;_transform_translateX_effect&quot;:{&quot;unit&quot;:&quot;px&quot;,&quot;size&quot;:&quot;&quot;,&quot;sizes&quot;:[]},&quot;_transform_translateX_effect_tablet&quot;:{&quot;unit&quot;:&quot;px&quot;,&quot;size&quot;:&quot;&quot;,&quot;sizes&quot;:[]},&quot;_transform_translateX_effect_mobile&quot;:{&quot;unit&quot;:&quot;px&quot;,&quot;size&quot;:&quot;&quot;,&quot;sizes&quot;:[]},&quot;_transform_translateY_effect_tablet&quot;:{&quot;unit&quot;:&quot;px&quot;,&quot;size&quot;:&quot;&quot;,&quot;sizes&quot;:[]},&quot;_transform_translateY_effect_mobile&quot;:{&quot;unit&quot;:&quot;px&quot;,&quot;size&quot;:&quot;&quot;,&quot;sizes&quot;:[]}}\" data-widget_type=\"image.default\">\n\t\t\t\t<div class=\"elementor-widget-container\">\n\t\t\t\t\t\t\t\t\t\t\t\t\t\t\t<img fetchpriority=\"high\" decoding=\"async\" width=\"640\" height=\"951\" src=\"https:\/\/cccaci.com\/wp-content\/uploads\/2023\/12\/ALAIN_KOUADIO-Kaydan1.jpg\" class=\"attachment-large size-large wp-image-68\" alt=\"\" srcset=\"https:\/\/cccaci.com\/wp-content\/uploads\/2023\/12\/ALAIN_KOUADIO-Kaydan1.jpg 642w, https:\/\/cccaci.com\/wp-content\/uploads\/2023\/12\/ALAIN_KOUADIO-Kaydan1-600x892.jpg 600w, https:\/\/cccaci.com\/wp-content\/uploads\/2023\/12\/ALAIN_KOUADIO-Kaydan1-202x300.jpg 202w, https:\/\/cccaci.com\/wp-content\/uploads\/2023\/12\/ALAIN_KOUADIO-Kaydan1-624x927.jpg 624w\" sizes=\"(max-width: 640px) 100vw, 640px\" \/>\t\t\t\t\t\t\t\t\t\t\t\t\t\t\t<\/div>\n\t\t\t\t<\/div>\n\t\t\t\t<div class=\"elementor-element elementor-element-ed62da0 e-transform elementor-widget elementor-widget-eael-dual-color-header\" data-id=\"ed62da0\" data-element_type=\"widget\" data-e-type=\"widget\" data-settings=\"{&quot;_transform_translateY_effect&quot;:{&quot;unit&quot;:&quot;px&quot;,&quot;size&quot;:-9,&quot;sizes&quot;:[]},&quot;_transform_translateX_effect&quot;:{&quot;unit&quot;:&quot;px&quot;,&quot;size&quot;:&quot;&quot;,&quot;sizes&quot;:[]},&quot;_transform_translateX_effect_tablet&quot;:{&quot;unit&quot;:&quot;px&quot;,&quot;size&quot;:&quot;&quot;,&quot;sizes&quot;:[]},&quot;_transform_translateX_effect_mobile&quot;:{&quot;unit&quot;:&quot;px&quot;,&quot;size&quot;:&quot;&quot;,&quot;sizes&quot;:[]},&quot;_transform_translateY_effect_tablet&quot;:{&quot;unit&quot;:&quot;px&quot;,&quot;size&quot;:&quot;&quot;,&quot;sizes&quot;:[]},&quot;_transform_translateY_effect_mobile&quot;:{&quot;unit&quot;:&quot;px&quot;,&quot;size&quot;:&quot;&quot;,&quot;sizes&quot;:[]}}\" data-widget_type=\"eael-dual-color-header.default\">\n\t\t\t\t<div class=\"elementor-widget-container\">\n\t\t\t\t\t\t\t\t<div class=\"eael-dual-header\">\n\t\t\t\t<h2 class=\"title eael-dch-title\"><span class=\"eael-dch-title-text eael-dch-title-lead lead solid-color\"> Alain Kouadio<\/span> <span class=\"eael-dch-title-text\"><\/span><\/h2>\t\t\t\t\t<span class=\"subtext\"><p>Pr\u00e9sident de la Chambre de Commerce Canada \u2013 C\u00f4te d\u2019Ivoire<\/p><\/span>\n\t\t\t\t\t\t\t\t\t<span class=\"eael-dch-svg-icon\"><\/span>\t\t\t\t\t\t\t<\/div>\n\n\t\t\t\t\t\t<\/div>\n\t\t\t\t<\/div>\n\t\t\t\t<div class=\"elementor-element elementor-element-fd5eae4 elementor-position-inline-start elementor-mobile-position-inline-start elementor-view-default elementor-widget elementor-widget-icon-box\" data-id=\"fd5eae4\" data-element_type=\"widget\" data-e-type=\"widget\" data-widget_type=\"icon-box.default\">\n\t\t\t\t<div class=\"elementor-widget-container\">\n\t\t\t\t\t\t\t<div class=\"elementor-icon-box-wrapper\">\n\n\t\t\t\t\t\t<div class=\"elementor-icon-box-icon\">\n\t\t\t\t<a href=\"https:\/\/cccaci.com\/fr\/mot-des-vices-presidentes-et-du-secretaire-general\/\" class=\"elementor-icon\" tabindex=\"-1\" aria-label=\"Bureau ex\u00e9cutif\">\n\t\t\t\t<i aria-hidden=\"true\" class=\"icon icon-chevron-right\"><\/i>\t\t\t\t<\/a>\n\t\t\t<\/div>\n\t\t\t\n\t\t\t\t\t\t<div class=\"elementor-icon-box-content\">\n\n\t\t\t\t\t\t\t\t\t<h3 class=\"elementor-icon-box-title\">\n\t\t\t\t\t\t<a href=\"https:\/\/cccaci.com\/fr\/mot-des-vices-presidentes-et-du-secretaire-general\/\" >\n\t\t\t\t\t\t\tBureau ex\u00e9cutif\t\t\t\t\t\t<\/a>\n\t\t\t\t\t<\/h3>\n\t\t\t\t\n\t\t\t\t\n\t\t\t<\/div>\n\t\t\t\n\t\t<\/div>\n\t\t\t\t\t\t<\/div>\n\t\t\t\t<\/div>\n\t\t\t\t\t<\/div>\n\t\t<\/div>\n\t\t\t\t<div class=\"elementor-column elementor-col-50 elementor-top-column elementor-element elementor-element-250da878\" data-id=\"250da878\" data-element_type=\"column\" data-e-type=\"column\">\n\t\t\t<div class=\"elementor-widget-wrap elementor-element-populated\">\n\t\t\t\t\t\t<div class=\"elementor-element elementor-element-124d75df elementor-widget elementor-widget-heading\" data-id=\"124d75df\" data-element_type=\"widget\" data-e-type=\"widget\" data-widget_type=\"heading.default\">\n\t\t\t\t<div class=\"elementor-widget-container\">\n\t\t\t\t\t<h2 class=\"elementor-heading-title elementor-size-default\">Edito du Pr\u00e9sident\n<\/h2>\t\t\t\t<\/div>\n\t\t\t\t<\/div>\n\t\t\t\t<div class=\"elementor-element elementor-element-543da2a elementor-widget-divider--view-line elementor-widget elementor-widget-divider\" data-id=\"543da2a\" data-element_type=\"widget\" data-e-type=\"widget\" data-widget_type=\"divider.default\">\n\t\t\t\t<div class=\"elementor-widget-container\">\n\t\t\t\t\t\t\t<div class=\"elementor-divider\">\n\t\t\t<span class=\"elementor-divider-separator\">\n\t\t\t\t\t\t<\/span>\n\t\t<\/div>\n\t\t\t\t\t\t<\/div>\n\t\t\t\t<\/div>\n\t\t\t\t<div class=\"elementor-element elementor-element-24465b84 elementor-widget elementor-widget-heading\" data-id=\"24465b84\" data-element_type=\"widget\" data-e-type=\"widget\" data-widget_type=\"heading.default\">\n\t\t\t\t<div class=\"elementor-widget-container\">\n\t\t\t\t\t<p class=\"elementor-heading-title elementor-size-default\">Chers entrepreneurs, hommes et femmes d\u2019affaires,\n<br \/>\nC\u2019est avec un grand enthousiasme que je vous souhaite chaleureusement la bienvenue sur notre site de la Chambre de Commerce Canada \u2013 C\u00f4te d\u2019Ivoire. En tant que Pr\u00e9sident de cette nouvelle institution, je suis honor\u00e9 de votre int\u00e9r\u00eat pour notre r\u00e9seau florissant qui vise \u00e0 renforcer les liens \u00e9conomiques entre nos deux pays et continents.\n<br \/><br \/>\n\nLa cr\u00e9ation de cette Chambre de Commerce repr\u00e9sente une \u00e9tape majeure dans le d\u00e9veloppement des \u00e9changes commerciaux entre le Canada et la C\u00f4te d\u2019Ivoire. Elle offre une plateforme unique aux entreprises canadiennes et ivoiriennes, favorisant ainsi une coop\u00e9ration fructueuse et des partenariats solides.\n<br \/><br \/>\n\nNotre vision repose sur le principe de construire des ponts, d\u2019\u00e9tablir des connexions et de tisser des liens durables. Ensemble, nous pouvons stimuler les \u00e9changes commerciaux, encourager l\u2019innovation, et contribuer au d\u00e9veloppement \u00e9conomique tant de la C\u00f4te d\u2019Ivoire que du Canada.\n<br \/><br \/>\n\nLa Chambre de Commerce Canada \u2013 C\u00f4te d\u2019Ivoire est un espace o\u00f9 les id\u00e9es se rencontrent, o\u00f9 les opportunit\u00e9s se cr\u00e9ent, et o\u00f9 les projets se concr\u00e9tisent. Nous mettons \u00e0 votre disposition un \u00e9cosyst\u00e8me dynamique qui favorise le partage d\u2019expertise, la cr\u00e9ation de synergies et l\u2019exploration de nouveaux horizons \u00e9conomiques.\n<br \/>\n<br \/>\nEn rejoignant notre Chambre de Commerce, vous b\u00e9n\u00e9ficierez d\u2019un large \u00e9ventail d\u2019avantages. Vous aurez acc\u00e8s \u00e0 un r\u00e9seau d\u2019entrepreneurs influents, d\u2019experts chevronn\u00e9s et de leaders d\u2019opinion des deux c\u00f4t\u00e9s de l\u2019Atlantique. Vous pourrez participer \u00e0 des \u00e9v\u00e9nements exclusifs, des conf\u00e9rences inspirantes et des missions commerciales, propices \u00e0 l\u2019\u00e9tablissement de partenariats durables.\n<br \/>\n<br \/>\n\nQue vous soyez une startup prometteuse, une PME en pleine expansion ou une grande entreprise d\u00e9sireuse de conqu\u00e9rir de nouveaux march\u00e9s, la Chambre de Commerce Canada \u2013 C\u00f4te d\u2019Ivoire est votre porte d\u2019entr\u00e9e vers un vaste r\u00e9seau d\u2019opportunit\u00e9s commerciales.\n<br \/>\n<br \/>\n\nNous sommes d\u00e9termin\u00e9s \u00e0 promouvoir une culture entrepreneuriale dynamique et \u00e0 soutenir les initiatives qui favorisent le d\u00e9veloppement \u00e9conomique durable.\n<br \/>\n<br \/>\n\nJe vous invite \u00e0 vous joindre \u00e0 nous, \u00e0 participer \u00e0 cette aventure passionnante, o\u00f9 les ambitions se concr\u00e9tisent et les succ\u00e8s se multiplient. Ensemble, nous pouvons faire la diff\u00e9rence, cr\u00e9er une prosp\u00e9rit\u00e9 mutuelle et b\u00e2tir un avenir solide pour les g\u00e9n\u00e9rations \u00e0 venir.\n<br \/>\n<br \/>\n\nAu nom de la Chambre de Commerce Canada \u2013 C\u00f4te d\u2019Ivoire, je vous adresse mes sinc\u00e8res\nsalutations et je me r\u00e9jouis de collaborer avec vous dans cette entreprise commune.\nBienvenue au sein de notre communaut\u00e9 dynamique !<\/p>\t\t\t\t<\/div>\n\t\t\t\t<\/div>\n\t\t\t\t\t<\/div>\n\t\t<\/div>\n\t\t\t\t\t<\/div>\n\t\t<\/section>\n\t\t\t\t<\/div>\n\t\t","protected":false},"excerpt":{"rendered":"<p>Alain Kouadio Pr\u00e9sident de la Chambre de Commerce Canada \u2013 C\u00f4te d\u2019Ivoire Bureau ex\u00e9cutif Edito du Pr\u00e9sident Chers entrepreneurs, hommes et femmes d\u2019affaires, C\u2019est avec&hellip;<\/p>\n","protected":false},"author":1,"featured_media":0,"parent":0,"menu_order":0,"comment_status":"closed","ping_status":"closed","template":"","meta":{"footnotes":""},"class_list":["post-555","page","type-page","status-publish","hentry"],"_links":{"self":[{"href":"https:\/\/cccaci.com\/fr\/wp-json\/wp\/v2\/pages\/555","targetHints":{"allow":["GET"]}}],"collection":[{"href":"https:\/\/cccaci.com\/fr\/wp-json\/wp\/v2\/pages"}],"about":[{"href":"https:\/\/cccaci.com\/fr\/wp-json\/wp\/v2\/types\/page"}],"author":[{"embeddable":true,"href":"https:\/\/cccaci.com\/fr\/wp-json\/wp\/v2\/users\/1"}],"replies":[{"embeddable":true,"href":"https:\/\/cccaci.com\/fr\/wp-json\/wp\/v2\/comments?post=555"}],"version-history":[{"count":3,"href":"https:\/\/cccaci.com\/fr\/wp-json\/wp\/v2\/pages\/555\/revisions"}],"predecessor-version":[{"id":6466,"href":"https:\/\/cccaci.com\/fr\/wp-json\/wp\/v2\/pages\/555\/revisions\/6466"}],"wp:attachment":[{"href":"https:\/\/cccaci.com\/fr\/wp-json\/wp\/v2\/media?parent=555"}],"curies":[{"name":"wp","href":"https:\/\/api.w.org\/{rel}","templated":true}]}}