{"id":4318,"date":"2024-01-08T09:26:05","date_gmt":"2024-01-08T09:26:05","guid":{"rendered":"https:\/\/cccaci.com\/forum\/?page_id=4318"},"modified":"2024-01-08T09:59:59","modified_gmt":"2024-01-08T09:59:59","slug":"blog","status":"publish","type":"page","link":"https:\/\/cccaci.com\/fr\/blog\/","title":{"rendered":"Blog"},"content":{"rendered":"\t\t<div data-elementor-type=\"wp-page\" data-elementor-id=\"4318\" class=\"elementor elementor-4318\">\n\t\t\t\t<div class=\"elementor-element elementor-element-ebcab94 e-flex e-con-boxed e-con e-parent\" data-id=\"ebcab94\" data-element_type=\"container\" data-e-type=\"container\" data-settings=\"{&quot;background_background&quot;:&quot;gradient&quot;}\">\n\t\t\t\t\t<div class=\"e-con-inner\">\n\t\t\t\t<div class=\"elementor-element elementor-element-324b5a2 elementor-widget elementor-widget-heading\" data-id=\"324b5a2\" data-element_type=\"widget\" data-e-type=\"widget\" data-widget_type=\"heading.default\">\n\t\t\t\t<div class=\"elementor-widget-container\">\n\t\t\t\t\t<h2 class=\"elementor-heading-title elementor-size-default\">Blog<\/h2>\t\t\t\t<\/div>\n\t\t\t\t<\/div>\n\t\t\t\t<div class=\"elementor-element elementor-element-1b92258 e-transform elementor-widget-divider--view-line elementor-widget elementor-widget-divider\" data-id=\"1b92258\" data-element_type=\"widget\" data-e-type=\"widget\" data-settings=\"{&quot;_transform_translateY_effect&quot;:{&quot;unit&quot;:&quot;px&quot;,&quot;size&quot;:-13,&quot;sizes&quot;:[]},&quot;_transform_translateX_effect&quot;:{&quot;unit&quot;:&quot;px&quot;,&quot;size&quot;:&quot;&quot;,&quot;sizes&quot;:[]},&quot;_transform_translateX_effect_tablet&quot;:{&quot;unit&quot;:&quot;px&quot;,&quot;size&quot;:&quot;&quot;,&quot;sizes&quot;:[]},&quot;_transform_translateX_effect_mobile&quot;:{&quot;unit&quot;:&quot;px&quot;,&quot;size&quot;:&quot;&quot;,&quot;sizes&quot;:[]},&quot;_transform_translateY_effect_tablet&quot;:{&quot;unit&quot;:&quot;px&quot;,&quot;size&quot;:&quot;&quot;,&quot;sizes&quot;:[]},&quot;_transform_translateY_effect_mobile&quot;:{&quot;unit&quot;:&quot;px&quot;,&quot;size&quot;:&quot;&quot;,&quot;sizes&quot;:[]}}\" data-widget_type=\"divider.default\">\n\t\t\t\t<div class=\"elementor-widget-container\">\n\t\t\t\t\t\t\t<div class=\"elementor-divider\">\n\t\t\t<span class=\"elementor-divider-separator\">\n\t\t\t\t\t\t<\/span>\n\t\t<\/div>\n\t\t\t\t\t\t<\/div>\n\t\t\t\t<\/div>\n\t\t\t\t\t<\/div>\n\t\t\t\t<\/div>\n\t\t<div class=\"elementor-element elementor-element-a07954b e-flex e-con-boxed e-con e-parent\" data-id=\"a07954b\" data-element_type=\"container\" data-e-type=\"container\">\n\t\t\t\t\t<div class=\"e-con-inner\">\n\t\t\t\t<div class=\"elementor-element elementor-element-ee1353e elementor-grid-eael-col-4 elementor-grid-tablet-eael-col-2 elementor-grid-mobile-eael-col-1 elementor-widget elementor-widget-eael-post-grid\" data-id=\"ee1353e\" data-element_type=\"widget\" data-e-type=\"widget\" data-settings=\"{&quot;eael_post_grid_columns&quot;:&quot;eael-col-4&quot;,&quot;eael_post_grid_columns_tablet&quot;:&quot;eael-col-2&quot;,&quot;eael_post_grid_columns_mobile&quot;:&quot;eael-col-1&quot;}\" data-widget_type=\"eael-post-grid.default\">\n\t\t\t\t<div class=\"elementor-widget-container\">\n\t\t\t\t\t<div id=\"eael-post-grid-ee1353e\" class=\"eael-post-grid-container\">\n            <div class=\"eael-post-grid eael-post-appender eael-post-appender-ee1353e eael-post-grid-style-one\" data-layout-mode=\"masonry\"><article class=\"eael-grid-post  eael-post-grid-column eael-pg-post-483 category-actualites\" data-id=\"483\">\n        <div class=\"eael-grid-post-holder\">\n            <div class=\"eael-grid-post-holder-inner\"><div class=\"eael-entry-media\"><div class=\"eael-entry-overlay fade-in\"><i class=\"fas fa-long-arrow-alt-right\" aria-hidden=\"true\"><\/i><a href=\"https:\/\/cccaci.com\/fr\/repaf-reseau-des-entrepreneurs-et-professionnels-africains-repaf\/\"><\/a><\/div><div class=\"eael-entry-thumbnail \">\n                <img fetchpriority=\"high\" decoding=\"async\" width=\"300\" height=\"200\" src=\"https:\/\/cccaci.com\/wp-content\/uploads\/2023\/12\/actualiteCCCCIA-300x200.jpg\" class=\"attachment-medium size-medium wp-image-491\" alt=\"\" srcset=\"https:\/\/cccaci.com\/wp-content\/uploads\/2023\/12\/actualiteCCCCIA-300x200.jpg 300w, https:\/\/cccaci.com\/wp-content\/uploads\/2023\/12\/actualiteCCCCIA-600x401.jpg 600w, https:\/\/cccaci.com\/wp-content\/uploads\/2023\/12\/actualiteCCCCIA.jpg 614w\" sizes=\"(max-width: 300px) 100vw, 300px\" \/>\n            <\/div>\n        <\/div><div class=\"eael-entry-wrapper\"><header class=\"eael-entry-header\"><h2 class=\"eael-entry-title\"><a class=\"eael-grid-post-link\" href=\"https:\/\/cccaci.com\/fr\/repaf-reseau-des-entrepreneurs-et-professionnels-africains-repaf\/\" title=\"REPAF-R\u00e9seau des Entrepreneurs et Professionnels Africains (REPAF)\">REPAF-R\u00e9seau des Entrepreneurs et Professionnels Africains (REPAF)<\/a><\/h2><\/header><div class=\"eael-entry-content\">\n                        <div class=\"eael-grid-post-excerpt\"><p>M. Alain Kouadio, Pr\u00e9sident de la Chambre de Commerce Canada...<\/p><a href=\"https:\/\/cccaci.com\/fr\/repaf-reseau-des-entrepreneurs-et-professionnels-africains-repaf\/\" class=\"eael-post-elements-readmore-btn\">Lire la suite<\/a><\/div>\n                    <\/div><div class=\"eael-entry-footer\"><div class=\"eael-author-avatar\"><a href=\"https:\/\/cccaci.com\/fr\/author\/adminforum\/\"><img alt='CCCACI' src='https:\/\/cccaci.com\/wp-content\/uploads\/avatars\/1\/654e51a054ba7-bpthumb.png' srcset='https:\/\/cccaci.com\/wp-content\/uploads\/avatars\/1\/654e51a054ba7-bpthumb.png 2x' class='avatar avatar-96 photo' height='96' width='96' \/><\/a><\/div><div class=\"eael-entry-meta\"><span class=\"eael-posted-by\"><a href=\"https:\/\/cccaci.com\/fr\/author\/adminforum\/\" title=\"Posts by CCCACI\" rel=\"author\">CCCACI<\/a><\/span><span class=\"eael-posted-on\"><time datetime=\"12 d\u00e9cembre 2023\">12 d\u00e9cembre 2023<\/time><\/span><\/div><\/div><\/div><\/div>\n        <\/div>\n    <\/article><article class=\"eael-grid-post  eael-post-grid-column eael-pg-post-465 category-actualites\" data-id=\"465\">\n        <div class=\"eael-grid-post-holder\">\n            <div class=\"eael-grid-post-holder-inner\"><div class=\"eael-entry-media\"><div class=\"eael-entry-overlay fade-in\"><i class=\"fas fa-long-arrow-alt-right\" aria-hidden=\"true\"><\/i><a href=\"https:\/\/cccaci.com\/fr\/rencontre-des-entrepreneurs-francophones-ref2023\/\"><\/a><\/div><div class=\"eael-entry-thumbnail \">\n                <img decoding=\"async\" width=\"300\" height=\"228\" src=\"https:\/\/cccaci.com\/wp-content\/uploads\/2023\/12\/CCCC_actualite5-300x228.png\" class=\"attachment-medium size-medium wp-image-468\" alt=\"\" srcset=\"https:\/\/cccaci.com\/wp-content\/uploads\/2023\/12\/CCCC_actualite5-300x228.png 300w, https:\/\/cccaci.com\/wp-content\/uploads\/2023\/12\/CCCC_actualite5-600x456.png 600w, https:\/\/cccaci.com\/wp-content\/uploads\/2023\/12\/CCCC_actualite5-768x583.png 768w, https:\/\/cccaci.com\/wp-content\/uploads\/2023\/12\/CCCC_actualite5-624x474.png 624w, https:\/\/cccaci.com\/wp-content\/uploads\/2023\/12\/CCCC_actualite5.png 856w\" sizes=\"(max-width: 300px) 100vw, 300px\" \/>\n            <\/div>\n        <\/div><div class=\"eael-entry-wrapper\"><header class=\"eael-entry-header\"><h2 class=\"eael-entry-title\"><a class=\"eael-grid-post-link\" href=\"https:\/\/cccaci.com\/fr\/rencontre-des-entrepreneurs-francophones-ref2023\/\" title=\"Rencontre des Entrepreneurs Francophones #REF2023\">Rencontre des Entrepreneurs Francophones #REF2023<\/a><\/h2><\/header><div class=\"eael-entry-content\">\n                        <div class=\"eael-grid-post-excerpt\"><p>La Chambre de Commerce Canada C\u00f4te d&rsquo;Ivoire mobilis\u00e9e \u00e0 l\u2019occasion...<\/p><a href=\"https:\/\/cccaci.com\/fr\/rencontre-des-entrepreneurs-francophones-ref2023\/\" class=\"eael-post-elements-readmore-btn\">Lire la suite<\/a><\/div>\n                    <\/div><div class=\"eael-entry-footer\"><div class=\"eael-author-avatar\"><a href=\"https:\/\/cccaci.com\/fr\/author\/adminforum\/\"><img alt='CCCACI' src='https:\/\/cccaci.com\/wp-content\/uploads\/avatars\/1\/654e51a054ba7-bpthumb.png' srcset='https:\/\/cccaci.com\/wp-content\/uploads\/avatars\/1\/654e51a054ba7-bpthumb.png 2x' class='avatar avatar-96 photo' height='96' width='96' \/><\/a><\/div><div class=\"eael-entry-meta\"><span class=\"eael-posted-by\"><a href=\"https:\/\/cccaci.com\/fr\/author\/adminforum\/\" title=\"Posts by CCCACI\" rel=\"author\">CCCACI<\/a><\/span><span class=\"eael-posted-on\"><time datetime=\"12 d\u00e9cembre 2023\">12 d\u00e9cembre 2023<\/time><\/span><\/div><\/div><\/div><\/div>\n        <\/div>\n    <\/article><\/div>\n            <div class=\"clearfix\"><\/div>\n        <\/div>\t\t\t\t<\/div>\n\t\t\t\t<\/div>\n\t\t\t\t\t<\/div>\n\t\t\t\t<\/div>\n\t\t\t\t<\/div>\n\t\t","protected":false},"excerpt":{"rendered":"<p>Blog Appel \u00e0 projets Promotion de l\u2019agriculture familiale en Afrique de l\u2019Ouest \u2013 CCCACI 2023 L\u2019appel \u00e0 projet 2023 pour participer au programme Promotion de&#8230;&hellip;<\/p>\n","protected":false},"author":1,"featured_media":0,"parent":0,"menu_order":0,"comment_status":"closed","ping_status":"closed","template":"","meta":{"footnotes":""},"class_list":["post-4318","page","type-page","status-publish","hentry"],"_links":{"self":[{"href":"https:\/\/cccaci.com\/fr\/wp-json\/wp\/v2\/pages\/4318","targetHints":{"allow":["GET"]}}],"collection":[{"href":"https:\/\/cccaci.com\/fr\/wp-json\/wp\/v2\/pages"}],"about":[{"href":"https:\/\/cccaci.com\/fr\/wp-json\/wp\/v2\/types\/page"}],"author":[{"embeddable":true,"href":"https:\/\/cccaci.com\/fr\/wp-json\/wp\/v2\/users\/1"}],"replies":[{"embeddable":true,"href":"https:\/\/cccaci.com\/fr\/wp-json\/wp\/v2\/comments?post=4318"}],"version-history":[{"count":0,"href":"https:\/\/cccaci.com\/fr\/wp-json\/wp\/v2\/pages\/4318\/revisions"}],"wp:attachment":[{"href":"https:\/\/cccaci.com\/fr\/wp-json\/wp\/v2\/media?parent=4318"}],"curies":[{"name":"wp","href":"https:\/\/api.w.org\/{rel}","templated":true}]}}