{"id":2055,"date":"2023-12-15T03:49:26","date_gmt":"2023-12-15T03:49:26","guid":{"rendered":"https:\/\/cccaci.com\/forum\/politique-de-confidentialite\/"},"modified":"2024-03-04T15:13:21","modified_gmt":"2024-03-04T15:13:21","slug":"politique-de-confidentialite","status":"publish","type":"page","link":"https:\/\/cccaci.com\/fr\/politique-de-confidentialite\/","title":{"rendered":"Politique de confidentialit\u00e9"},"content":{"rendered":"\t\t<div data-elementor-type=\"wp-page\" data-elementor-id=\"2055\" class=\"elementor elementor-2055\">\n\t\t\t\t<div class=\"elementor-element elementor-element-c2510fd e-flex e-con-boxed e-con e-parent\" data-id=\"c2510fd\" data-element_type=\"container\" data-e-type=\"container\">\n\t\t\t\t\t<div class=\"e-con-inner\">\n\t\t\t\t<div class=\"elementor-element elementor-element-7e421ec elementor-widget elementor-widget-text-editor\" data-id=\"7e421ec\" data-element_type=\"widget\" data-e-type=\"widget\" data-widget_type=\"text-editor.default\">\n\t\t\t\t<div class=\"elementor-widget-container\">\n\t\t\t\t\t\t\t\t\t<div class=\"elementor-element elementor-element-656b075 e-flex e-con-boxed e-con e-parent\" data-id=\"656b075\" data-element_type=\"container\" data-settings=\"{&quot;container_type&quot;:&quot;flex&quot;,&quot;content_width&quot;:&quot;boxed&quot;}\" data-core-v316-plus=\"true\"><div class=\"e-con-inner\"><div class=\"elementor-element elementor-element-ec54948 elementor-position-left e-transform elementor-widget-tablet__width-initial elementor-widget-mobile__width-initial elementor-vertical-align-middle elementor-view-default elementor-mobile-position-top elementor-widget elementor-widget-icon-box animated fadeInRight\" data-id=\"ec54948\" data-element_type=\"widget\" data-settings=\"{&quot;_transform_translateX_effect&quot;:{&quot;unit&quot;:&quot;px&quot;,&quot;size&quot;:-32,&quot;sizes&quot;:[]},&quot;_animation&quot;:&quot;fadeInRight&quot;,&quot;_transform_translateY_effect&quot;:{&quot;unit&quot;:&quot;px&quot;,&quot;size&quot;:-6,&quot;sizes&quot;:[]},&quot;_transform_translateX_effect_mobile&quot;:{&quot;unit&quot;:&quot;px&quot;,&quot;size&quot;:1,&quot;sizes&quot;:[]},&quot;_transform_translateX_effect_tablet&quot;:{&quot;unit&quot;:&quot;px&quot;,&quot;size&quot;:&quot;&quot;,&quot;sizes&quot;:[]},&quot;_transform_translateY_effect_tablet&quot;:{&quot;unit&quot;:&quot;px&quot;,&quot;size&quot;:&quot;&quot;,&quot;sizes&quot;:[]},&quot;_transform_translateY_effect_mobile&quot;:{&quot;unit&quot;:&quot;px&quot;,&quot;size&quot;:&quot;&quot;,&quot;sizes&quot;:[]}}\" data-widget_type=\"icon-box.default\"><div class=\"elementor-widget-container\"><div class=\"elementor-icon-box-wrapper\"><div class=\"elementor-icon-box-content\"><p class=\"elementor-icon-box-description\">Nous respectons votre vie priv\u00e9e et nous nous engageons \u00e0 prot\u00e9ger les informations personnelles que vous nous fournissez. Cette politique de confidentialit\u00e9 d\u00e9crit les types d&rsquo;informations que nous collectons, comment nous les utilisons et comment nous les prot\u00e9geons. Elle s&rsquo;applique \u00e0 tous les services offerts par notre application.<\/p><\/div><\/div><\/div><\/div><\/div><\/div><div class=\"elementor-element elementor-element-8702d65 e-flex e-con-boxed e-con e-parent\" data-id=\"8702d65\" data-element_type=\"container\" data-settings=\"{&quot;container_type&quot;:&quot;flex&quot;,&quot;content_width&quot;:&quot;boxed&quot;}\" data-core-v316-plus=\"true\"><div class=\"e-con-inner\"><div class=\"elementor-element elementor-element-e6d93f3 elementor-widget__width-initial elementor-widget-tablet__width-initial elementor-widget elementor-widget-text-editor\" data-id=\"e6d93f3\" data-element_type=\"widget\" data-widget_type=\"text-editor.default\"><div class=\"elementor-widget-container\"><h5><span style=\"color: #ff0000;\"><strong>Informations que nous collectons<\/strong><\/span><\/h5><p>Nous utilisons les informations collect\u00e9es pour :<\/p><ul><li>Vous fournir les services et les fonctionnalit\u00e9s de l\u2019application ;<\/li><li>Personnaliser votre exp\u00e9rience d\u2019utilisateur en fonction de vos pr\u00e9f\u00e9rences et de votre utilisation de l\u2019application ;<\/li><li>Vous envoyer des communications, y compris des notifications push et des e-mails, concernant l\u2019application et les mises \u00e0 jour de l\u2019application ;<\/li><\/ul><p>\u00a0 \u00a0 \u00a0 Am\u00e9liorer et optimiser l\u2019application.<\/p><\/div><\/div><div class=\"elementor-element elementor-element-b8089ce elementor-widget elementor-widget-text-editor\" data-id=\"b8089ce\" data-element_type=\"widget\" data-widget_type=\"text-editor.default\"><div class=\"elementor-widget-container\"><h5><span style=\"color: #ff0000;\"><strong>Comment nous prot\u00e9geons ces informations<\/strong><\/span><\/h5><p>Nous prenons des mesures de s\u00e9curit\u00e9 pour prot\u00e9ger vos informations contre l\u2019acc\u00e8s, l\u2019utilisation ou la divulgation non autoris\u00e9s. Cependant, il est impossible de garantir une s\u00e9curit\u00e9 totale des donn\u00e9es transmises sur Internet. Vous devez donc prendre vos propres mesures de s\u00e9curit\u00e9, telles que choisir un mot de passesolide et prot\u00e9ger votre appareil.<\/p><\/div><\/div><div class=\"elementor-element elementor-element-2486a0a elementor-widget elementor-widget-text-editor\" data-id=\"2486a0a\" data-element_type=\"widget\" data-widget_type=\"text-editor.default\"><div class=\"elementor-widget-container\"><h5><span style=\"color: #ff0000;\"><strong>Partage des informations avec des tiers<\/strong><\/span><\/h5>Nous ne partageons pas vos informations personnelles avec des tiers \u00e0 des fins de marketing sans votre consentement. Nous pouvons cependant partager vos informations avec des tiers dans les situations suivantes :<ul><li>Si nous sommes tenus de le faire en vertu de la loi ou de dispositions r\u00e9glementaires.<\/li><li>Si nous c\u00e9dons ou transf\u00e9rons tout ou partie de nos activit\u00e9s ou actifs.<\/li><li>fournir les services de l&rsquo;application et qui ont besoin d&rsquo;acc\u00e9der \u00e0 certaines de vos informations pour ex\u00e9cuter leurs fonctionnements.<\/li><\/ul><\/div><\/div><\/div><\/div>\t\t\t\t\t\t\t\t<\/div>\n\t\t\t\t<\/div>\n\t\t\t\t\t<\/div>\n\t\t\t\t<\/div>\n\t\t\t\t<\/div>\n\t\t","protected":false},"excerpt":{"rendered":"<p>Nous respectons votre vie priv\u00e9e et nous nous engageons \u00e0 prot\u00e9ger les informations personnelles que vous nous fournissez. Cette politique de confidentialit\u00e9 d\u00e9crit les types&hellip;<\/p>\n","protected":false},"author":1,"featured_media":0,"parent":0,"menu_order":0,"comment_status":"closed","ping_status":"closed","template":"","meta":{"footnotes":""},"class_list":["post-2055","page","type-page","status-publish","hentry"],"_links":{"self":[{"href":"https:\/\/cccaci.com\/fr\/wp-json\/wp\/v2\/pages\/2055","targetHints":{"allow":["GET"]}}],"collection":[{"href":"https:\/\/cccaci.com\/fr\/wp-json\/wp\/v2\/pages"}],"about":[{"href":"https:\/\/cccaci.com\/fr\/wp-json\/wp\/v2\/types\/page"}],"author":[{"embeddable":true,"href":"https:\/\/cccaci.com\/fr\/wp-json\/wp\/v2\/users\/1"}],"replies":[{"embeddable":true,"href":"https:\/\/cccaci.com\/fr\/wp-json\/wp\/v2\/comments?post=2055"}],"version-history":[{"count":9,"href":"https:\/\/cccaci.com\/fr\/wp-json\/wp\/v2\/pages\/2055\/revisions"}],"predecessor-version":[{"id":6513,"href":"https:\/\/cccaci.com\/fr\/wp-json\/wp\/v2\/pages\/2055\/revisions\/6513"}],"wp:attachment":[{"href":"https:\/\/cccaci.com\/fr\/wp-json\/wp\/v2\/media?parent=2055"}],"curies":[{"name":"wp","href":"https:\/\/api.w.org\/{rel}","templated":true}]}}