{"id":1254,"date":"2023-12-12T22:06:38","date_gmt":"2023-12-12T21:06:38","guid":{"rendered":"https:\/\/cccaci.com\/forum\/?page_id=1254"},"modified":"2024-01-11T13:54:36","modified_gmt":"2024-01-11T13:54:36","slug":"liens-utiles","status":"publish","type":"page","link":"https:\/\/cccaci.com\/fr\/liens-utiles\/","title":{"rendered":"Liens utiles"},"content":{"rendered":"\t\t<div data-elementor-type=\"wp-page\" data-elementor-id=\"1254\" class=\"elementor elementor-1254\">\n\t\t\t\t<div class=\"elementor-element elementor-element-c6c5369 e-flex e-con-boxed e-con e-parent\" data-id=\"c6c5369\" data-element_type=\"container\" data-e-type=\"container\" data-settings=\"{&quot;background_background&quot;:&quot;gradient&quot;}\">\n\t\t\t\t\t<div class=\"e-con-inner\">\n\t\t\t\t<div class=\"elementor-element elementor-element-bb56075 elementor-widget elementor-widget-heading\" data-id=\"bb56075\" data-element_type=\"widget\" data-e-type=\"widget\" data-widget_type=\"heading.default\">\n\t\t\t\t<div class=\"elementor-widget-container\">\n\t\t\t\t\t<h2 class=\"elementor-heading-title elementor-size-default\">Liens utiles\n<\/h2>\t\t\t\t<\/div>\n\t\t\t\t<\/div>\n\t\t\t\t<div class=\"elementor-element elementor-element-11a5ccf e-transform elementor-widget-divider--view-line elementor-widget elementor-widget-divider\" data-id=\"11a5ccf\" data-element_type=\"widget\" data-e-type=\"widget\" data-settings=\"{&quot;_transform_translateY_effect&quot;:{&quot;unit&quot;:&quot;px&quot;,&quot;size&quot;:-13,&quot;sizes&quot;:[]},&quot;_transform_translateX_effect&quot;:{&quot;unit&quot;:&quot;px&quot;,&quot;size&quot;:&quot;&quot;,&quot;sizes&quot;:[]},&quot;_transform_translateX_effect_tablet&quot;:{&quot;unit&quot;:&quot;px&quot;,&quot;size&quot;:&quot;&quot;,&quot;sizes&quot;:[]},&quot;_transform_translateX_effect_mobile&quot;:{&quot;unit&quot;:&quot;px&quot;,&quot;size&quot;:&quot;&quot;,&quot;sizes&quot;:[]},&quot;_transform_translateY_effect_tablet&quot;:{&quot;unit&quot;:&quot;px&quot;,&quot;size&quot;:&quot;&quot;,&quot;sizes&quot;:[]},&quot;_transform_translateY_effect_mobile&quot;:{&quot;unit&quot;:&quot;px&quot;,&quot;size&quot;:&quot;&quot;,&quot;sizes&quot;:[]}}\" data-widget_type=\"divider.default\">\n\t\t\t\t<div class=\"elementor-widget-container\">\n\t\t\t\t\t\t\t<div class=\"elementor-divider\">\n\t\t\t<span class=\"elementor-divider-separator\">\n\t\t\t\t\t\t<\/span>\n\t\t<\/div>\n\t\t\t\t\t\t<\/div>\n\t\t\t\t<\/div>\n\t\t\t\t\t<\/div>\n\t\t\t\t<\/div>\n\t\t<div class=\"elementor-element elementor-element-9e93154 e-flex e-con-boxed e-con e-parent\" data-id=\"9e93154\" data-element_type=\"container\" data-e-type=\"container\" data-settings=\"{&quot;background_background&quot;:&quot;classic&quot;}\">\n\t\t\t\t\t<div class=\"e-con-inner\">\n\t\t\t\t<div class=\"elementor-element elementor-element-fe6ea02 elementor-widget elementor-widget-eael-adv-accordion\" data-id=\"fe6ea02\" data-element_type=\"widget\" data-e-type=\"widget\" data-widget_type=\"eael-adv-accordion.default\">\n\t\t\t\t<div class=\"elementor-widget-container\">\n\t\t\t\t\t            <div class=\"eael-adv-accordion\" id=\"eael-adv-accordion-fe6ea02\" data-scroll-on-click=\"no\" data-scroll-speed=\"300\" data-accordion-id=\"fe6ea02\" data-accordion-type=\"accordion\" data-toogle-speed=\"300\">\n            <div class=\"eael-accordion-list\">\n\t\t\t\t\t<div id=\"confdration-gnrale-des-entreprises-de-cte-divoire-cgeci\" class=\"elementor-tab-title eael-accordion-header active-default\" tabindex=\"0\" data-tab=\"1\" aria-controls=\"elementor-tab-content-2661\"><span class=\"eael-accordion-tab-title\">Conf\u00e9d\u00e9ration G\u00e9n\u00e9rale des Entreprises de C\u00f4te d'Ivoire (CGECI)<\/span><svg aria-hidden=\"true\" class=\"fa-toggle e-font-icon-svg e-fas-angle-down\" viewBox=\"0 0 320 512\" xmlns=\"http:\/\/www.w3.org\/2000\/svg\"><path d=\"M143 352.3L7 216.3c-9.4-9.4-9.4-24.6 0-33.9l22.6-22.6c9.4-9.4 24.6-9.4 33.9 0l96.4 96.4 96.4-96.4c9.4-9.4 24.6-9.4 33.9 0l22.6 22.6c9.4 9.4 9.4 24.6 0 33.9l-136 136c-9.2 9.4-24.4 9.4-33.8 0z\"><\/path><\/svg><\/div><div id=\"elementor-tab-content-2661\" class=\"eael-accordion-content clearfix active-default\" data-tab=\"1\" aria-labelledby=\"confdration-gnrale-des-entreprises-de-cte-divoire-cgeci\"><p>La CGECI est uneorganisation priv\u00e9e et ind\u00e9pendante qui regroupe les principales entreprises et associationsv professionnelles de C\u00f4te d\u2019Ivoire. Elle joue un r\u00f4le crucial dans la promotion du secteur priv\u00e9, la d\u00e9fense des int\u00e9r\u00eats des entreprises et la contribution au d\u00e9veloppement \u00e9conomique dupays. La CGECI offre des services de conseil, de plaidoyer, de formation et de repr\u00e9sentation des entreprises aupr\u00e8s des autorit\u00e9s et des organismes nationaux et internationaux.<\/p><p>\u00a0<\/p><p style=\"text-align: right\"><a class=\"link_elmts\" href=\"https:\/\/cgeci.com\/\" target=\"_blank\" rel=\"noopener\">Cliquez sur le lien : www.cgeci.com<\/a><\/p><\/div>\n\t\t\t\t\t<\/div><div class=\"eael-accordion-list\">\n\t\t\t\t\t<div id=\"centre-de-promotion-des-investissements-en-cte-divoire-cepici\" class=\"elementor-tab-title eael-accordion-header\" tabindex=\"0\" data-tab=\"2\" aria-controls=\"elementor-tab-content-2662\"><span class=\"eael-accordion-tab-title\">Centre de Promotion des Investissements en C\u00f4te d'Ivoire (CEPICI)<\/span><svg aria-hidden=\"true\" class=\"fa-toggle e-font-icon-svg e-fas-angle-down\" viewBox=\"0 0 320 512\" xmlns=\"http:\/\/www.w3.org\/2000\/svg\"><path d=\"M143 352.3L7 216.3c-9.4-9.4-9.4-24.6 0-33.9l22.6-22.6c9.4-9.4 24.6-9.4 33.9 0l96.4 96.4 96.4-96.4c9.4-9.4 24.6-9.4 33.9 0l22.6 22.6c9.4 9.4 9.4 24.6 0 33.9l-136 136c-9.2 9.4-24.4 9.4-33.8 0z\"><\/path><\/svg><\/div><div id=\"elementor-tab-content-2662\" class=\"eael-accordion-content clearfix\" data-tab=\"2\" aria-labelledby=\"centre-de-promotion-des-investissements-en-cte-divoire-cepici\"><p>Le CEPICI est l\u2019agence gouvernementale charg\u00e9e de promouvoir les investissements en C\u00f4te d\u2019Ivoire. Leursite web fournit des informations sur les incitations fiscales, les proc\u00e9dures d\u2019investissementet les opportunit\u00e9s d\u2019affaires dans le pays.<\/p><p style=\"text-align: right\"><a class=\"link_elmts\" href=\"https:\/\/cepici.gouv.ci\/\" target=\"_blank\" rel=\"noopener\">Cliquez sur le lien : www.cepici.gouv.ci<\/a><\/p><\/div>\n\t\t\t\t\t<\/div><div class=\"eael-accordion-list\">\n\t\t\t\t\t<div id=\"ministre-du-commerce-de-lindustrie-et-de-la-promotion-des-pme\" class=\"elementor-tab-title eael-accordion-header\" tabindex=\"0\" data-tab=\"3\" aria-controls=\"elementor-tab-content-2663\"><span class=\"eael-accordion-tab-title\">Minist\u00e8re du Commerce, de l'Industrie et de la Promotion des PME<\/span><svg aria-hidden=\"true\" class=\"fa-toggle e-font-icon-svg e-fas-angle-down\" viewBox=\"0 0 320 512\" xmlns=\"http:\/\/www.w3.org\/2000\/svg\"><path d=\"M143 352.3L7 216.3c-9.4-9.4-9.4-24.6 0-33.9l22.6-22.6c9.4-9.4 24.6-9.4 33.9 0l96.4 96.4 96.4-96.4c9.4-9.4 24.6-9.4 33.9 0l22.6 22.6c9.4 9.4 9.4 24.6 0 33.9l-136 136c-9.2 9.4-24.4 9.4-33.8 0z\"><\/path><\/svg><\/div><div id=\"elementor-tab-content-2663\" class=\"eael-accordion-content clearfix\" data-tab=\"3\" aria-labelledby=\"ministre-du-commerce-de-lindustrie-et-de-la-promotion-des-pme\"><div class=\"bdt-ep-accordion-item bdt-open\"><div class=\"bdt-ep-accordion-content bdt-accordion-content\"><p>Le minist\u00e8re du Commerce en C\u00f4te d\u2019Ivoire est responsable de la politique commerciale du pays. Leur site web peut fournir des informations sur la r\u00e9glementation commerciale et les opportunit\u00e9s dans diff\u00e9rents secteurs.<\/p><p style=\"text-align: right\"><a class=\"link_elmts\" href=\"https:\/\/www.commerce.gouv.ci\/\" target=\"_blank\" rel=\"noopener\">Cliquez sur le lien : www.commerce.gouv.ci<\/a><\/p><\/div><\/div><\/div>\n\t\t\t\t\t<\/div><div class=\"eael-accordion-list\">\n\t\t\t\t\t<div id=\"chambre-de-commerce-et-dindustrie-de-cte-divoire-cci-ci\" class=\"elementor-tab-title eael-accordion-header\" tabindex=\"0\" data-tab=\"4\" aria-controls=\"elementor-tab-content-2664\"><span class=\"eael-accordion-tab-title\">Chambre de Commerce et d'Industrie de C\u00f4te d'Ivoire (CCI-CI)<\/span><svg aria-hidden=\"true\" class=\"fa-toggle e-font-icon-svg e-fas-angle-down\" viewBox=\"0 0 320 512\" xmlns=\"http:\/\/www.w3.org\/2000\/svg\"><path d=\"M143 352.3L7 216.3c-9.4-9.4-9.4-24.6 0-33.9l22.6-22.6c9.4-9.4 24.6-9.4 33.9 0l96.4 96.4 96.4-96.4c9.4-9.4 24.6-9.4 33.9 0l22.6 22.6c9.4 9.4 9.4 24.6 0 33.9l-136 136c-9.2 9.4-24.4 9.4-33.8 0z\"><\/path><\/svg><\/div><div id=\"elementor-tab-content-2664\" class=\"eael-accordion-content clearfix\" data-tab=\"4\" aria-labelledby=\"chambre-de-commerce-et-dindustrie-de-cte-divoire-cci-ci\"><div class=\"bdt-ep-accordion-item bdt-open\"><div class=\"bdt-ep-accordion-content bdt-accordion-content\"><div class=\"ea-card sp-ea-single ea-expand\"><div id=\"collapse20063\" class=\"sp-collapse spcollapse show\"><div class=\"ea-body\"><p>La CCI-CI est une institution qui repr\u00e9sente les int\u00e9r\u00eats des entreprises en C\u00f4te d\u2019Ivoire. Ils offrent des services de conseil aux entreprises et peuvent \u00eatre une ressource pr\u00e9cieuse pour les entreprises cherchant \u00e0 s\u2019implanter en C\u00f4te d\u2019Ivoire.<\/p><p style=\"text-align: right\"><a class=\"link_elmts\" href=\"https:\/\/www.cci.ci\/\" target=\"_blank\" rel=\"noopener\">Cliquez sur le lien : www.cci.ci<\/a><\/p><\/div><\/div><\/div><\/div><\/div><\/div>\n\t\t\t\t\t<\/div><div class=\"eael-accordion-list\">\n\t\t\t\t\t<div id=\"agence-pour-la-promotion-des-exportations-en-cte-divoire-apex-ci\" class=\"elementor-tab-title eael-accordion-header\" tabindex=\"0\" data-tab=\"5\" aria-controls=\"elementor-tab-content-2665\"><span class=\"eael-accordion-tab-title\">Agence pour la Promotion des Exportations en C\u00f4te d'Ivoire (APEX-CI)<\/span><svg aria-hidden=\"true\" class=\"fa-toggle e-font-icon-svg e-fas-angle-down\" viewBox=\"0 0 320 512\" xmlns=\"http:\/\/www.w3.org\/2000\/svg\"><path d=\"M143 352.3L7 216.3c-9.4-9.4-9.4-24.6 0-33.9l22.6-22.6c9.4-9.4 24.6-9.4 33.9 0l96.4 96.4 96.4-96.4c9.4-9.4 24.6-9.4 33.9 0l22.6 22.6c9.4 9.4 9.4 24.6 0 33.9l-136 136c-9.2 9.4-24.4 9.4-33.8 0z\"><\/path><\/svg><\/div><div id=\"elementor-tab-content-2665\" class=\"eael-accordion-content clearfix\" data-tab=\"5\" aria-labelledby=\"agence-pour-la-promotion-des-exportations-en-cte-divoire-apex-ci\">L\u2019APEX-CI est l\u2019organisme charg\u00e9 de promouvoir les exportations ivoiriennes \u00e0 l\u2019international. Ils fournissent des informations sur les march\u00e9s d\u2019exportation et les opportunit\u00e9s pour les entreprises exportatrices.\n<\/div>\n\t\t\t\t\t<\/div><\/div>\t\t\t\t<\/div>\n\t\t\t\t<\/div>\n\t\t\t\t\t<\/div>\n\t\t\t\t<\/div>\n\t\t\t\t<\/div>\n\t\t","protected":false},"excerpt":{"rendered":"<p>Liens utiles Conf\u00e9d\u00e9ration G\u00e9n\u00e9rale des Entreprises de C\u00f4te d&rsquo;Ivoire (CGECI) La CGECI est uneorganisation priv\u00e9e et ind\u00e9pendante qui regroupe les principales entreprises et associationsv professionnelles&hellip;<\/p>\n","protected":false},"author":1,"featured_media":0,"parent":0,"menu_order":0,"comment_status":"closed","ping_status":"closed","template":"","meta":{"footnotes":""},"class_list":["post-1254","page","type-page","status-publish","hentry"],"_links":{"self":[{"href":"https:\/\/cccaci.com\/fr\/wp-json\/wp\/v2\/pages\/1254","targetHints":{"allow":["GET"]}}],"collection":[{"href":"https:\/\/cccaci.com\/fr\/wp-json\/wp\/v2\/pages"}],"about":[{"href":"https:\/\/cccaci.com\/fr\/wp-json\/wp\/v2\/types\/page"}],"author":[{"embeddable":true,"href":"https:\/\/cccaci.com\/fr\/wp-json\/wp\/v2\/users\/1"}],"replies":[{"embeddable":true,"href":"https:\/\/cccaci.com\/fr\/wp-json\/wp\/v2\/comments?post=1254"}],"version-history":[{"count":0,"href":"https:\/\/cccaci.com\/fr\/wp-json\/wp\/v2\/pages\/1254\/revisions"}],"wp:attachment":[{"href":"https:\/\/cccaci.com\/fr\/wp-json\/wp\/v2\/media?parent=1254"}],"curies":[{"name":"wp","href":"https:\/\/api.w.org\/{rel}","templated":true}]}}