{"id":1126,"date":"2023-12-12T20:48:03","date_gmt":"2023-12-12T19:48:03","guid":{"rendered":"https:\/\/cccaci.com\/forum\/?page_id=1126"},"modified":"2024-01-17T09:48:07","modified_gmt":"2024-01-17T09:48:07","slug":"projets-en-cours-et-a-venir","status":"publish","type":"page","link":"https:\/\/cccaci.com\/fr\/projets-en-cours-et-a-venir\/","title":{"rendered":"Projets en cours et \u00e0 venir"},"content":{"rendered":"\t\t<div data-elementor-type=\"wp-page\" data-elementor-id=\"1126\" class=\"elementor elementor-1126\">\n\t\t\t\t<div class=\"elementor-element elementor-element-d35c7e8 e-flex e-con-boxed elementor-invisible e-con e-parent\" data-id=\"d35c7e8\" data-element_type=\"container\" data-e-type=\"container\" data-settings=\"{&quot;background_background&quot;:&quot;classic&quot;,&quot;animation&quot;:&quot;headShake&quot;}\">\n\t\t\t\t\t<div class=\"e-con-inner\">\n\t\t<div class=\"elementor-element elementor-element-5424f73 e-con-full e-flex e-con e-child\" data-id=\"5424f73\" data-element_type=\"container\" data-e-type=\"container\">\n\t\t<div class=\"elementor-element elementor-element-7d48910 e-flex e-con-boxed e-con e-child\" data-id=\"7d48910\" data-element_type=\"container\" data-e-type=\"container\">\n\t\t\t\t\t<div class=\"e-con-inner\">\n\t\t\t\t<div class=\"elementor-element elementor-element-53f5efa elementor-widget elementor-widget-heading\" data-id=\"53f5efa\" data-element_type=\"widget\" data-e-type=\"widget\" data-widget_type=\"heading.default\">\n\t\t\t\t<div class=\"elementor-widget-container\">\n\t\t\t\t\t<h2 class=\"elementor-heading-title elementor-size-default\">Projets en cours et \u00e0 venir\n<\/h2>\t\t\t\t<\/div>\n\t\t\t\t<\/div>\n\t\t\t\t<div class=\"elementor-element elementor-element-3b16301 elementor-widget-divider--view-line elementor-widget elementor-widget-divider\" data-id=\"3b16301\" data-element_type=\"widget\" data-e-type=\"widget\" data-widget_type=\"divider.default\">\n\t\t\t\t<div class=\"elementor-widget-container\">\n\t\t\t\t\t\t\t<div class=\"elementor-divider\">\n\t\t\t<span class=\"elementor-divider-separator\">\n\t\t\t\t\t\t<\/span>\n\t\t<\/div>\n\t\t\t\t\t\t<\/div>\n\t\t\t\t<\/div>\n\t\t\t\t<div class=\"elementor-element elementor-element-623a5d2 elementor-widget elementor-widget-heading\" data-id=\"623a5d2\" data-element_type=\"widget\" data-e-type=\"widget\" data-widget_type=\"heading.default\">\n\t\t\t\t<div class=\"elementor-widget-container\">\n\t\t\t\t\t<h2 class=\"elementor-heading-title elementor-size-default\">PR\u00c9SENTATION PROJETS EN COURS ET \u00c0 VENIR\n<\/h2>\t\t\t\t<\/div>\n\t\t\t\t<\/div>\n\t\t\t\t\t<\/div>\n\t\t\t\t<\/div>\n\t\t\t\t<\/div>\n\t\t<div class=\"elementor-element elementor-element-2aa7ac1 e-con-full e-flex e-con e-child\" data-id=\"2aa7ac1\" data-element_type=\"container\" data-e-type=\"container\">\n\t\t\t\t<div class=\"elementor-element elementor-element-e2302f0 elementor-widget elementor-widget-image\" data-id=\"e2302f0\" data-element_type=\"widget\" data-e-type=\"widget\" data-widget_type=\"image.default\">\n\t\t\t\t<div class=\"elementor-widget-container\">\n\t\t\t\t\t\t\t\t\t\t\t\t\t\t\t<img fetchpriority=\"high\" decoding=\"async\" width=\"640\" height=\"296\" src=\"https:\/\/cccaci.com\/wp-content\/uploads\/2023\/12\/bannercccai78.jpg\" class=\"attachment-large size-large wp-image-1149\" alt=\"\" srcset=\"https:\/\/cccaci.com\/wp-content\/uploads\/2023\/12\/bannercccai78.jpg 872w, https:\/\/cccaci.com\/wp-content\/uploads\/2023\/12\/bannercccai78-600x277.jpg 600w, https:\/\/cccaci.com\/wp-content\/uploads\/2023\/12\/bannercccai78-300x139.jpg 300w, https:\/\/cccaci.com\/wp-content\/uploads\/2023\/12\/bannercccai78-768x355.jpg 768w, https:\/\/cccaci.com\/wp-content\/uploads\/2023\/12\/bannercccai78-624x288.jpg 624w\" sizes=\"(max-width: 640px) 100vw, 640px\" \/>\t\t\t\t\t\t\t\t\t\t\t\t\t\t\t<\/div>\n\t\t\t\t<\/div>\n\t\t\t\t<\/div>\n\t\t<div class=\"elementor-element elementor-element-cd08c1e e-con-full e-flex e-con e-child\" data-id=\"cd08c1e\" data-element_type=\"container\" data-e-type=\"container\">\n\t\t\t\t<div class=\"elementor-element elementor-element-431918c elementor-widget elementor-widget-image\" data-id=\"431918c\" data-element_type=\"widget\" data-e-type=\"widget\" data-widget_type=\"image.default\">\n\t\t\t\t<div class=\"elementor-widget-container\">\n\t\t\t\t\t\t\t\t\t\t\t\t\t\t\t<img decoding=\"async\" width=\"399\" height=\"403\" src=\"https:\/\/cccaci.com\/wp-content\/uploads\/2023\/12\/graphcca.png\" class=\"attachment-large size-large wp-image-707\" alt=\"\" srcset=\"https:\/\/cccaci.com\/wp-content\/uploads\/2023\/12\/graphcca.png 399w, https:\/\/cccaci.com\/wp-content\/uploads\/2023\/12\/graphcca-100x100.png 100w, https:\/\/cccaci.com\/wp-content\/uploads\/2023\/12\/graphcca-297x300.png 297w\" sizes=\"(max-width: 399px) 100vw, 399px\" \/>\t\t\t\t\t\t\t\t\t\t\t\t\t\t\t<\/div>\n\t\t\t\t<\/div>\n\t\t\t\t<\/div>\n\t\t\t\t\t<\/div>\n\t\t\t\t<\/div>\n\t\t<div class=\"elementor-element elementor-element-6a5dc82 e-flex e-con-boxed e-con e-parent\" data-id=\"6a5dc82\" data-element_type=\"container\" data-e-type=\"container\">\n\t\t\t\t\t<div class=\"e-con-inner\">\n\t\t\t\t<div class=\"elementor-element elementor-element-d6cfac8 elementor-widget elementor-widget-text-editor\" data-id=\"d6cfac8\" data-element_type=\"widget\" data-e-type=\"widget\" data-widget_type=\"text-editor.default\">\n\t\t\t\t<div class=\"elementor-widget-container\">\n\t\t\t\t\t<div class=\"bb-theme-elementor-wrap bb-elementor-custom-color bb-elementor-custom-family bb-elementor-custom-size bb-elementor-custom-line-height\">\t\t\t\t<p>Nous sommes heureux de partager avec vous un aper\u00e7u des projets en cours et \u00e0 venir au sein de la Chambre de Commerce Canada C\u00f4te d&rsquo;Ivoire (CCCACI). Notre ambition est de continuer \u00e0 soutenir le d\u00e9veloppement \u00e9conomique et les \u00e9changes commerciaux entre le Canada et la C\u00f4te d&rsquo;Ivoire en mettant en place des initiatives novatrices et porteuses de valeur ajout\u00e9e. Voici quelques-uns de nos projets actuels et futurs :<\/p>\t\t\t\t<\/div>\t\t\t\t<\/div>\n\t\t\t\t<\/div>\n\t\t\t\t\t<\/div>\n\t\t\t\t<\/div>\n\t\t<div class=\"elementor-element elementor-element-b03b435 animated-fast e-flex e-con-boxed elementor-invisible e-con e-parent\" data-id=\"b03b435\" data-element_type=\"container\" data-e-type=\"container\" data-settings=\"{&quot;background_background&quot;:&quot;classic&quot;,&quot;animation&quot;:&quot;zoomIn&quot;}\">\n\t\t\t\t\t<div class=\"e-con-inner\">\n\t\t<div class=\"elementor-element elementor-element-0107d25 e-con-full e-flex e-con e-child\" data-id=\"0107d25\" data-element_type=\"container\" data-e-type=\"container\">\n\t\t\t\t<div class=\"elementor-element elementor-element-556d143 elementor-position-left elementor-vertical-align-top elementor-widget elementor-widget-image-box\" data-id=\"556d143\" data-element_type=\"widget\" data-e-type=\"widget\" data-widget_type=\"image-box.default\">\n\t\t\t\t<div class=\"elementor-widget-container\">\n\t\t\t\t\t<div class=\"elementor-image-box-wrapper\"><figure class=\"elementor-image-box-img\"><img decoding=\"async\" width=\"463\" height=\"366\" src=\"https:\/\/cccaci.com\/wp-content\/uploads\/2023\/12\/CCCC_Logo_NEGATIF_WEB.png\" class=\"attachment-full size-full wp-image-752\" alt=\"\" srcset=\"https:\/\/cccaci.com\/wp-content\/uploads\/2023\/12\/CCCC_Logo_NEGATIF_WEB.png 463w, https:\/\/cccaci.com\/wp-content\/uploads\/2023\/12\/CCCC_Logo_NEGATIF_WEB-300x237.png 300w\" sizes=\"(max-width: 463px) 100vw, 463px\" \/><\/figure><div class=\"elementor-image-box-content\"><h3 class=\"elementor-image-box-title\">Programme d'Expansion des Entreprises Canadiennes en C\u00f4te d'Ivoire<\/h3><p class=\"elementor-image-box-description\">Nous travaillons actuellement sur un programme d\u00e9di\u00e9 \u00e0 accompagner les entreprises canadiennes souhaitant s'implanter en C\u00f4te d'Ivoire. Ce projet vise \u00e0 fournir un soutien personnalis\u00e9, des \u00e9tudes de march\u00e9, des conseils juridiques et r\u00e9glementaires, et des opportunit\u00e9s de mise en r\u00e9seau pour faciliter leur implantation dans le pays.\n\n<\/p><\/div><\/div>\t\t\t\t<\/div>\n\t\t\t\t<\/div>\n\t\t\t\t<\/div>\n\t\t<div class=\"elementor-element elementor-element-b9381c1 e-con-full e-flex e-con e-child\" data-id=\"b9381c1\" data-element_type=\"container\" data-e-type=\"container\">\n\t\t\t\t<div class=\"elementor-element elementor-element-0426bc7 elementor-position-left elementor-vertical-align-top elementor-widget elementor-widget-image-box\" data-id=\"0426bc7\" data-element_type=\"widget\" data-e-type=\"widget\" data-widget_type=\"image-box.default\">\n\t\t\t\t<div class=\"elementor-widget-container\">\n\t\t\t\t\t<div class=\"elementor-image-box-wrapper\"><figure class=\"elementor-image-box-img\"><img decoding=\"async\" width=\"463\" height=\"366\" src=\"https:\/\/cccaci.com\/wp-content\/uploads\/2023\/12\/CCCC_Logo_NEGATIF_WEB.png\" class=\"attachment-full size-full wp-image-752\" alt=\"\" srcset=\"https:\/\/cccaci.com\/wp-content\/uploads\/2023\/12\/CCCC_Logo_NEGATIF_WEB.png 463w, https:\/\/cccaci.com\/wp-content\/uploads\/2023\/12\/CCCC_Logo_NEGATIF_WEB-300x237.png 300w\" sizes=\"(max-width: 463px) 100vw, 463px\" \/><\/figure><div class=\"elementor-image-box-content\"><h3 class=\"elementor-image-box-title\">Partenariats Institutionnels<\/h3><p class=\"elementor-image-box-description\">Nous cherchons activement \u00e0 d\u00e9velopper des partenariats institutionnels avec des organismes gouvernementaux, des chambres de commerce, et des associations professionnelles, tant au Canada qu'en C\u00f4te d'Ivoire. Ces partenariats permettront de renforcer l'\u00e9cosyst\u00e8me commercial bilat\u00e9ral et de faciliter les \u00e9changes entre les acteurs \u00e9conomiques des deux pays.\n\n<\/p><\/div><\/div>\t\t\t\t<\/div>\n\t\t\t\t<\/div>\n\t\t\t\t<\/div>\n\t\t<div class=\"elementor-element elementor-element-4598382 e-con-full e-flex e-con e-child\" data-id=\"4598382\" data-element_type=\"container\" data-e-type=\"container\">\n\t\t\t\t<div class=\"elementor-element elementor-element-db8a83a elementor-position-left elementor-vertical-align-top elementor-widget elementor-widget-image-box\" data-id=\"db8a83a\" data-element_type=\"widget\" data-e-type=\"widget\" data-widget_type=\"image-box.default\">\n\t\t\t\t<div class=\"elementor-widget-container\">\n\t\t\t\t\t<div class=\"elementor-image-box-wrapper\"><figure class=\"elementor-image-box-img\"><img decoding=\"async\" width=\"463\" height=\"366\" src=\"https:\/\/cccaci.com\/wp-content\/uploads\/2023\/12\/CCCC_Logo_NEGATIF_WEB.png\" class=\"attachment-full size-full wp-image-752\" alt=\"\" srcset=\"https:\/\/cccaci.com\/wp-content\/uploads\/2023\/12\/CCCC_Logo_NEGATIF_WEB.png 463w, https:\/\/cccaci.com\/wp-content\/uploads\/2023\/12\/CCCC_Logo_NEGATIF_WEB-300x237.png 300w\" sizes=\"(max-width: 463px) 100vw, 463px\" \/><\/figure><div class=\"elementor-image-box-content\"><h3 class=\"elementor-image-box-title\">Forum d'Investissement Canada-C\u00f4te d'Ivoire<\/h3><p class=\"elementor-image-box-description\">Nous pr\u00e9parons activement un forum d'investissement qui r\u00e9unira des investisseurs canadiens et des opportunit\u00e9s de projets en C\u00f4te d'Ivoire. Ce forum permettra de mettre en relation des entreprises en qu\u00eate de financement avec des investisseurs potentiels, et de favoriser les partenariats strat\u00e9giques entre les deux pays.\n\n<\/p><\/div><\/div>\t\t\t\t<\/div>\n\t\t\t\t<\/div>\n\t\t\t\t<\/div>\n\t\t<div class=\"elementor-element elementor-element-163d833 e-con-full e-flex e-con e-child\" data-id=\"163d833\" data-element_type=\"container\" data-e-type=\"container\">\n\t\t\t\t<div class=\"elementor-element elementor-element-2392bcd elementor-position-left elementor-vertical-align-top elementor-widget elementor-widget-image-box\" data-id=\"2392bcd\" data-element_type=\"widget\" data-e-type=\"widget\" data-widget_type=\"image-box.default\">\n\t\t\t\t<div class=\"elementor-widget-container\">\n\t\t\t\t\t<div class=\"elementor-image-box-wrapper\"><figure class=\"elementor-image-box-img\"><img decoding=\"async\" width=\"463\" height=\"366\" src=\"https:\/\/cccaci.com\/wp-content\/uploads\/2023\/12\/CCCC_Logo_NEGATIF_WEB.png\" class=\"attachment-full size-full wp-image-752\" alt=\"\" srcset=\"https:\/\/cccaci.com\/wp-content\/uploads\/2023\/12\/CCCC_Logo_NEGATIF_WEB.png 463w, https:\/\/cccaci.com\/wp-content\/uploads\/2023\/12\/CCCC_Logo_NEGATIF_WEB-300x237.png 300w\" sizes=\"(max-width: 463px) 100vw, 463px\" \/><\/figure><div class=\"elementor-image-box-content\"><h3 class=\"elementor-image-box-title\">Campagne de Promotion et de Sensibilisation<\/h3><p class=\"elementor-image-box-description\">Nous pr\u00e9voyons de lancer une campagne de promotion et de sensibilisation sur les opportunit\u00e9s d'affaires entre le Canada et la C\u00f4te d'Ivoire. Cette campagne vise \u00e0 mettre en avant les avantages de faire des affaires dans les deux pays et \u00e0 encourager les entreprises \u00e0 explorer de nouvelles opportunit\u00e9s.\n\n\n\n<\/p><\/div><\/div>\t\t\t\t<\/div>\n\t\t\t\t<\/div>\n\t\t\t\t<\/div>\n\t\t<div class=\"elementor-element elementor-element-f1b1d84 e-con-full e-flex e-con e-child\" data-id=\"f1b1d84\" data-element_type=\"container\" data-e-type=\"container\">\n\t\t\t\t<div class=\"elementor-element elementor-element-7f4932a elementor-position-left elementor-vertical-align-top elementor-widget elementor-widget-image-box\" data-id=\"7f4932a\" data-element_type=\"widget\" data-e-type=\"widget\" data-widget_type=\"image-box.default\">\n\t\t\t\t<div class=\"elementor-widget-container\">\n\t\t\t\t\t<div class=\"elementor-image-box-wrapper\"><figure class=\"elementor-image-box-img\"><img decoding=\"async\" width=\"463\" height=\"366\" src=\"https:\/\/cccaci.com\/wp-content\/uploads\/2023\/12\/CCCC_Logo_NEGATIF_WEB.png\" class=\"attachment-full size-full wp-image-752\" alt=\"\" srcset=\"https:\/\/cccaci.com\/wp-content\/uploads\/2023\/12\/CCCC_Logo_NEGATIF_WEB.png 463w, https:\/\/cccaci.com\/wp-content\/uploads\/2023\/12\/CCCC_Logo_NEGATIF_WEB-300x237.png 300w\" sizes=\"(max-width: 463px) 100vw, 463px\" \/><\/figure><div class=\"elementor-image-box-content\"><h3 class=\"elementor-image-box-title\">Campagne de Promotion et de Sensibilisation<\/h3><p class=\"elementor-image-box-description\">Nous pr\u00e9voyons de lancer une campagne de promotion et de sensibilisation sur les opportunit\u00e9s d'affaires entre le Canada et la C\u00f4te d'Ivoire. Cette campagne vise \u00e0 mettre en avant les avantages de faire des affaires dans les deux pays et \u00e0 encourager les entreprises \u00e0 explorer de nouvelles opportunit\u00e9s.\n\n\n\n<\/p><\/div><\/div>\t\t\t\t<\/div>\n\t\t\t\t<\/div>\n\t\t\t\t<\/div>\n\t\t<div class=\"elementor-element elementor-element-e71bc33 e-con-full e-flex e-con e-child\" data-id=\"e71bc33\" data-element_type=\"container\" data-e-type=\"container\">\n\t\t\t\t<div class=\"elementor-element elementor-element-4348547 elementor-position-left elementor-vertical-align-top elementor-widget elementor-widget-image-box\" data-id=\"4348547\" data-element_type=\"widget\" data-e-type=\"widget\" data-widget_type=\"image-box.default\">\n\t\t\t\t<div class=\"elementor-widget-container\">\n\t\t\t\t\t<div class=\"elementor-image-box-wrapper\"><figure class=\"elementor-image-box-img\"><img decoding=\"async\" width=\"463\" height=\"366\" src=\"https:\/\/cccaci.com\/wp-content\/uploads\/2023\/12\/CCCC_Logo_NEGATIF_WEB.png\" class=\"attachment-full size-full wp-image-752\" alt=\"\" srcset=\"https:\/\/cccaci.com\/wp-content\/uploads\/2023\/12\/CCCC_Logo_NEGATIF_WEB.png 463w, https:\/\/cccaci.com\/wp-content\/uploads\/2023\/12\/CCCC_Logo_NEGATIF_WEB-300x237.png 300w\" sizes=\"(max-width: 463px) 100vw, 463px\" \/><\/figure><div class=\"elementor-image-box-content\"><h3 class=\"elementor-image-box-title\">Plateforme Num\u00e9rique d'Affaires<\/h3><p class=\"elementor-image-box-description\">Nous envisageons la cr\u00e9ation d'une plateforme num\u00e9rique d\u00e9di\u00e9e aux membres de la CCCACI, offrant des fonctionnalit\u00e9s avanc\u00e9es pour faciliter les \u00e9changes commerciaux, la recherche de partenaires, et l'acc\u00e8s \u00e0 des ressources strat\u00e9giques.\n<\/p><\/div><\/div>\t\t\t\t<\/div>\n\t\t\t\t<\/div>\n\t\t\t\t<\/div>\n\t\t\t\t\t<\/div>\n\t\t\t\t<\/div>\n\t\t<div class=\"elementor-element elementor-element-3d482f2 animated-fast e-flex e-con-boxed elementor-invisible e-con e-parent\" data-id=\"3d482f2\" data-element_type=\"container\" data-e-type=\"container\" data-settings=\"{&quot;animation&quot;:&quot;zoomIn&quot;}\">\n\t\t\t\t\t<div class=\"e-con-inner\">\n\t\t\t\t<div class=\"elementor-element elementor-element-d3f0b35 elementor-widget elementor-widget-text-editor\" data-id=\"d3f0b35\" data-element_type=\"widget\" data-e-type=\"widget\" data-widget_type=\"text-editor.default\">\n\t\t\t\t<div class=\"elementor-widget-container\">\n\t\t\t\t\t<div class=\"bb-theme-elementor-wrap bb-elementor-custom-color bb-elementor-custom-family bb-elementor-custom-size bb-elementor-custom-line-height\">\t\t\t\tCes projets refl\u00e8tent notre engagement continu envers le d\u00e9veloppement \u00e9conomique et commercial entre le Canada et la C\u00f4te d\u2019Ivoire. Nous travaillons avec d\u00e9termination pour offrir des services de qualit\u00e9, des opportunit\u00e9s de croissance et un environnement propice aux affaires. Nous encourageons nos membres et nos partenaires \u00e0 se joindre \u00e0 nous dans cette aventure passionnante, car ensemble, nous construisons un avenir prosp\u00e8re et fructueux pour les entreprises des deux pays. Restez \u00e0 l\u2019\u00e9coute pour plus de d\u00e9tails sur ces projets et les opportunit\u00e9s qu\u2019ils apporteront pour vous et votre entreprise.\n\n\t\t\t\t<\/div>\t\t\t\t<\/div>\n\t\t\t\t<\/div>\n\t\t\t\t\t<\/div>\n\t\t\t\t<\/div>\n\t\t\t\t<\/div>\n\t\t","protected":false},"excerpt":{"rendered":"<p>Projets en cours et \u00e0 venir PR\u00c9SENTATION PROJETS EN COURS ET \u00c0 VENIR Nous sommes heureux de partager avec vous un aper\u00e7u des projets en&hellip;<\/p>\n","protected":false},"author":1,"featured_media":0,"parent":0,"menu_order":0,"comment_status":"closed","ping_status":"closed","template":"","meta":{"footnotes":""},"class_list":["post-1126","page","type-page","status-publish","hentry"],"_links":{"self":[{"href":"https:\/\/cccaci.com\/fr\/wp-json\/wp\/v2\/pages\/1126","targetHints":{"allow":["GET"]}}],"collection":[{"href":"https:\/\/cccaci.com\/fr\/wp-json\/wp\/v2\/pages"}],"about":[{"href":"https:\/\/cccaci.com\/fr\/wp-json\/wp\/v2\/types\/page"}],"author":[{"embeddable":true,"href":"https:\/\/cccaci.com\/fr\/wp-json\/wp\/v2\/users\/1"}],"replies":[{"embeddable":true,"href":"https:\/\/cccaci.com\/fr\/wp-json\/wp\/v2\/comments?post=1126"}],"version-history":[{"count":0,"href":"https:\/\/cccaci.com\/fr\/wp-json\/wp\/v2\/pages\/1126\/revisions"}],"wp:attachment":[{"href":"https:\/\/cccaci.com\/fr\/wp-json\/wp\/v2\/media?parent=1126"}],"curies":[{"name":"wp","href":"https:\/\/api.w.org\/{rel}","templated":true}]}}