{"id":666,"date":"2023-12-12T14:35:28","date_gmt":"2023-12-12T13:35:28","guid":{"rendered":"https:\/\/cccaci.com\/forum\/?page_id=666"},"modified":"2026-01-29T17:16:15","modified_gmt":"2026-01-29T17:16:15","slug":"presentation-de-la-ccaci","status":"publish","type":"page","link":"https:\/\/cccaci.com\/en\/presentation-de-la-ccaci\/","title":{"rendered":"About CCACI"},"content":{"rendered":"<div data-elementor-type=\"wp-page\" data-elementor-id=\"666\" class=\"elementor elementor-666\">\n\t\t\t\t<div class=\"elementor-element elementor-element-d35c7e8 e-flex e-con-boxed elementor-invisible e-con e-parent\" data-id=\"d35c7e8\" data-element_type=\"container\" data-e-type=\"container\" data-settings=\"{&quot;background_background&quot;:&quot;classic&quot;,&quot;animation&quot;:&quot;headShake&quot;}\">\n\t\t\t\t\t<div class=\"e-con-inner\">\n\t\t<div class=\"elementor-element elementor-element-5424f73 e-con-full e-flex e-con e-child\" data-id=\"5424f73\" data-element_type=\"container\" data-e-type=\"container\">\n\t\t<div class=\"elementor-element elementor-element-7d48910 e-flex e-con-boxed e-con e-child\" data-id=\"7d48910\" data-element_type=\"container\" data-e-type=\"container\">\n\t\t\t\t\t<div class=\"e-con-inner\">\n\t\t\t\t<div class=\"elementor-element elementor-element-53f5efa elementor-widget elementor-widget-heading\" data-id=\"53f5efa\" data-element_type=\"widget\" data-e-type=\"widget\" data-widget_type=\"heading.default\">\n\t\t\t\t<div class=\"elementor-widget-container\">\n\t\t\t\t\t<h2 class=\"elementor-heading-title elementor-size-default\">Pr\u00e9sentation de la CCCACI\n<\/h2>\t\t\t\t<\/div>\n\t\t\t\t<\/div>\n\t\t\t\t<div class=\"elementor-element elementor-element-3b16301 elementor-widget-divider--view-line elementor-widget elementor-widget-divider\" data-id=\"3b16301\" data-element_type=\"widget\" data-e-type=\"widget\" data-widget_type=\"divider.default\">\n\t\t\t\t<div class=\"elementor-widget-container\">\n\t\t\t\t\t\t\t<div class=\"elementor-divider\">\n\t\t\t<span class=\"elementor-divider-separator\">\n\t\t\t\t\t\t<\/span>\n\t\t<\/div>\n\t\t\t\t\t\t<\/div>\n\t\t\t\t<\/div>\n\t\t\t\t<div class=\"elementor-element elementor-element-623a5d2 elementor-widget elementor-widget-heading\" data-id=\"623a5d2\" data-element_type=\"widget\" data-e-type=\"widget\" data-widget_type=\"heading.default\">\n\t\t\t\t<div class=\"elementor-widget-container\">\n\t\t\t\t\t<h2 class=\"elementor-heading-title elementor-size-default\">NOTRE MISSION ET OBJECTIFS<\/h2>\t\t\t\t<\/div>\n\t\t\t\t<\/div>\n\t\t\t\t\t<\/div>\n\t\t\t\t<\/div>\n\t\t\t\t<\/div>\n\t\t<div class=\"elementor-element elementor-element-2aa7ac1 e-con-full e-flex e-con e-child\" data-id=\"2aa7ac1\" data-element_type=\"container\" data-e-type=\"container\">\n\t\t\t\t<div class=\"elementor-element elementor-element-e2302f0 elementor-widget elementor-widget-image\" data-id=\"e2302f0\" data-element_type=\"widget\" data-e-type=\"widget\" data-widget_type=\"image.default\">\n\t\t\t\t<div class=\"elementor-widget-container\">\n\t\t\t\t\t\t\t\t\t\t\t\t\t\t\t<img fetchpriority=\"high\" decoding=\"async\" width=\"640\" height=\"296\" src=\"https:\/\/cccaci.com\/wp-content\/uploads\/2023\/12\/bannercccai20.jpg\" class=\"attachment-large size-large wp-image-780\" alt=\"\" srcset=\"https:\/\/cccaci.com\/wp-content\/uploads\/2023\/12\/bannercccai20.jpg 872w, https:\/\/cccaci.com\/wp-content\/uploads\/2023\/12\/bannercccai20-600x277.jpg 600w, https:\/\/cccaci.com\/wp-content\/uploads\/2023\/12\/bannercccai20-300x139.jpg 300w, https:\/\/cccaci.com\/wp-content\/uploads\/2023\/12\/bannercccai20-768x355.jpg 768w, https:\/\/cccaci.com\/wp-content\/uploads\/2023\/12\/bannercccai20-624x288.jpg 624w\" sizes=\"(max-width: 640px) 100vw, 640px\" \/>\t\t\t\t\t\t\t\t\t\t\t\t\t\t\t<\/div>\n\t\t\t\t<\/div>\n\t\t\t\t<\/div>\n\t\t<div class=\"elementor-element elementor-element-cd08c1e e-con-full e-flex e-con e-child\" data-id=\"cd08c1e\" data-element_type=\"container\" data-e-type=\"container\">\n\t\t\t\t<div class=\"elementor-element elementor-element-431918c elementor-widget elementor-widget-image\" data-id=\"431918c\" data-element_type=\"widget\" data-e-type=\"widget\" data-widget_type=\"image.default\">\n\t\t\t\t<div class=\"elementor-widget-container\">\n\t\t\t\t\t\t\t\t\t\t\t\t\t\t\t<img decoding=\"async\" width=\"399\" height=\"403\" src=\"https:\/\/cccaci.com\/wp-content\/uploads\/2023\/12\/graphcca.png\" class=\"attachment-large size-large wp-image-707\" alt=\"\" srcset=\"https:\/\/cccaci.com\/wp-content\/uploads\/2023\/12\/graphcca.png 399w, https:\/\/cccaci.com\/wp-content\/uploads\/2023\/12\/graphcca-100x100.png 100w, https:\/\/cccaci.com\/wp-content\/uploads\/2023\/12\/graphcca-297x300.png 297w\" sizes=\"(max-width: 399px) 100vw, 399px\" \/>\t\t\t\t\t\t\t\t\t\t\t\t\t\t\t<\/div>\n\t\t\t\t<\/div>\n\t\t\t\t<\/div>\n\t\t\t\t\t<\/div>\n\t\t\t\t<\/div>\n\t\t<div class=\"elementor-element elementor-element-6a5dc82 e-flex e-con-boxed e-con e-parent\" data-id=\"6a5dc82\" data-element_type=\"container\" data-e-type=\"container\">\n\t\t\t\t\t<div class=\"e-con-inner\">\n\t\t\t\t<div class=\"elementor-element elementor-element-d6cfac8 elementor-widget elementor-widget-text-editor\" data-id=\"d6cfac8\" data-element_type=\"widget\" data-e-type=\"widget\" data-widget_type=\"text-editor.default\">\n\t\t\t\t<div class=\"elementor-widget-container\">\n\t\t\t\t\t<div class=\"bb-theme-elementor-wrap bb-elementor-custom-color bb-elementor-custom-family bb-elementor-custom-size bb-elementor-custom-line-height\">\t\t\t\t<p>La CCCACI a pour mission de renforcer les liens \u00e9conomiques et commerciaux entre le Canada et la C\u00f4te d\u2019Ivoire. Nous nous engageons \u00e0 promouvoir les \u00e9changes commerciaux, les investissements et les partenariats strat\u00e9giques entre les deux nations. En facilitant les \u00e9changes d\u2019expertise, de savoir- faire et de ressources, nous visons \u00e0 soutenir la croissance et le d\u00e9veloppement des entreprises des deux pays.<\/p>\t\t\t\t<\/div>\t\t\t\t<\/div>\n\t\t\t\t<\/div>\n\t\t\t\t\t<\/div>\n\t\t\t\t<\/div>\n\t\t<div class=\"elementor-element elementor-element-ccf8468 animated-fast e-flex e-con-boxed elementor-invisible e-con e-parent\" data-id=\"ccf8468\" data-element_type=\"container\" data-e-type=\"container\" data-settings=\"{&quot;background_background&quot;:&quot;classic&quot;,&quot;animation&quot;:&quot;zoomIn&quot;}\">\n\t\t\t\t\t<div class=\"e-con-inner\">\n\t\t\t\t<div class=\"elementor-element elementor-element-a0d950c elementor-widget elementor-widget-heading\" data-id=\"a0d950c\" data-element_type=\"widget\" data-e-type=\"widget\" data-widget_type=\"heading.default\">\n\t\t\t\t<div class=\"elementor-widget-container\">\n\t\t\t\t\t<h2 class=\"elementor-heading-title elementor-size-default\">Notre objectif<\/h2>\t\t\t\t<\/div>\n\t\t\t\t<\/div>\n\t\t\t\t<div class=\"elementor-element elementor-element-bd20ada elementor-widget-divider--view-line elementor-widget elementor-widget-divider\" data-id=\"bd20ada\" data-element_type=\"widget\" data-e-type=\"widget\" data-widget_type=\"divider.default\">\n\t\t\t\t<div class=\"elementor-widget-container\">\n\t\t\t\t\t\t\t<div class=\"elementor-divider\">\n\t\t\t<span class=\"elementor-divider-separator\">\n\t\t\t\t\t\t<\/span>\n\t\t<\/div>\n\t\t\t\t\t\t<\/div>\n\t\t\t\t<\/div>\n\t\t\t\t\t<\/div>\n\t\t\t\t<\/div>\n\t\t<div class=\"elementor-element elementor-element-b03b435 animated-fast e-flex e-con-boxed elementor-invisible e-con e-parent\" data-id=\"b03b435\" data-element_type=\"container\" data-e-type=\"container\" data-settings=\"{&quot;background_background&quot;:&quot;classic&quot;,&quot;animation&quot;:&quot;zoomIn&quot;}\">\n\t\t\t\t\t<div class=\"e-con-inner\">\n\t\t<div class=\"elementor-element elementor-element-0107d25 e-con-full e-flex e-con e-child\" data-id=\"0107d25\" data-element_type=\"container\" data-e-type=\"container\">\n\t\t\t\t<div class=\"elementor-element elementor-element-556d143 elementor-position-left elementor-vertical-align-top elementor-widget elementor-widget-image-box\" data-id=\"556d143\" data-element_type=\"widget\" data-e-type=\"widget\" data-widget_type=\"image-box.default\">\n\t\t\t\t<div class=\"elementor-widget-container\">\n\t\t\t\t\t<div class=\"elementor-image-box-wrapper\"><figure class=\"elementor-image-box-img\"><img decoding=\"async\" width=\"463\" height=\"366\" src=\"https:\/\/cccaci.com\/wp-content\/uploads\/2023\/12\/CCCC_Logo_NEGATIF_WEB.png\" class=\"attachment-full size-full wp-image-752\" alt=\"\" srcset=\"https:\/\/cccaci.com\/wp-content\/uploads\/2023\/12\/CCCC_Logo_NEGATIF_WEB.png 463w, https:\/\/cccaci.com\/wp-content\/uploads\/2023\/12\/CCCC_Logo_NEGATIF_WEB-300x237.png 300w\" sizes=\"(max-width: 463px) 100vw, 463px\" \/><\/figure><div class=\"elementor-image-box-content\"><p class=\"elementor-image-box-description\">Faciliter les opportunit\u00e9s d'affaires : Nous mettons tout en \u0153uvre pour connecter les entreprises canadiennes et ivoiriennes, en leur offrant un espace privil\u00e9gi\u00e9 pour \u00e9tablir des partenariats fructueux, \u00e9changer des id\u00e9es novatrices et cr\u00e9er des opportunit\u00e9s de croissance mutuelle.<\/p><\/div><\/div>\t\t\t\t<\/div>\n\t\t\t\t<\/div>\n\t\t\t\t<\/div>\n\t\t<div class=\"elementor-element elementor-element-b9381c1 e-con-full e-flex e-con e-child\" data-id=\"b9381c1\" data-element_type=\"container\" data-e-type=\"container\">\n\t\t\t\t<div class=\"elementor-element elementor-element-bbece5d elementor-position-left elementor-vertical-align-top elementor-widget elementor-widget-image-box\" data-id=\"bbece5d\" data-element_type=\"widget\" data-e-type=\"widget\" data-widget_type=\"image-box.default\">\n\t\t\t\t<div class=\"elementor-widget-container\">\n\t\t\t\t\t<div class=\"elementor-image-box-wrapper\"><figure class=\"elementor-image-box-img\"><img decoding=\"async\" width=\"463\" height=\"366\" src=\"https:\/\/cccaci.com\/wp-content\/uploads\/2023\/12\/CCCC_Logo_NEGATIF_WEB.png\" class=\"attachment-full size-full wp-image-752\" alt=\"\" srcset=\"https:\/\/cccaci.com\/wp-content\/uploads\/2023\/12\/CCCC_Logo_NEGATIF_WEB.png 463w, https:\/\/cccaci.com\/wp-content\/uploads\/2023\/12\/CCCC_Logo_NEGATIF_WEB-300x237.png 300w\" sizes=\"(max-width: 463px) 100vw, 463px\" \/><\/figure><div class=\"elementor-image-box-content\"><p class=\"elementor-image-box-description\">Favoriser l'innovation et le d\u00e9veloppement durable : Nous encourageons l'innovation dans les secteurs cl\u00e9s de l'\u00e9conomie en mettant l'accent sur des approches durables et respectueuses de l'environnement\n<\/p><\/div><\/div>\t\t\t\t<\/div>\n\t\t\t\t<\/div>\n\t\t\t\t<\/div>\n\t\t<div class=\"elementor-element elementor-element-4598382 e-con-full e-flex e-con e-child\" data-id=\"4598382\" data-element_type=\"container\" data-e-type=\"container\">\n\t\t\t\t<div class=\"elementor-element elementor-element-5075bc7 elementor-position-left elementor-vertical-align-top elementor-widget elementor-widget-image-box\" data-id=\"5075bc7\" data-element_type=\"widget\" data-e-type=\"widget\" data-widget_type=\"image-box.default\">\n\t\t\t\t<div class=\"elementor-widget-container\">\n\t\t\t\t\t<div class=\"elementor-image-box-wrapper\"><figure class=\"elementor-image-box-img\"><img decoding=\"async\" width=\"463\" height=\"366\" src=\"https:\/\/cccaci.com\/wp-content\/uploads\/2023\/12\/CCCC_Logo_NEGATIF_WEB.png\" class=\"attachment-full size-full wp-image-752\" alt=\"\" srcset=\"https:\/\/cccaci.com\/wp-content\/uploads\/2023\/12\/CCCC_Logo_NEGATIF_WEB.png 463w, https:\/\/cccaci.com\/wp-content\/uploads\/2023\/12\/CCCC_Logo_NEGATIF_WEB-300x237.png 300w\" sizes=\"(max-width: 463px) 100vw, 463px\" \/><\/figure><div class=\"elementor-image-box-content\"><p class=\"elementor-image-box-description\">Promouvoir l'investissement : Nous encourageons les investissements directs et les partenariats strat\u00e9giques entre les deux pays, cr\u00e9ant ainsi un environnement propice au d\u00e9veloppement d'entreprises prosp\u00e8res et \u00e0 la cr\u00e9ation d'emplois.\n\n<\/p><\/div><\/div>\t\t\t\t<\/div>\n\t\t\t\t<\/div>\n\t\t\t\t<\/div>\n\t\t<div class=\"elementor-element elementor-element-e71bc33 e-con-full e-flex e-con e-child\" data-id=\"e71bc33\" data-element_type=\"container\" data-e-type=\"container\">\n\t\t\t\t<div class=\"elementor-element elementor-element-02501de elementor-position-left elementor-vertical-align-top elementor-widget elementor-widget-image-box\" data-id=\"02501de\" data-element_type=\"widget\" data-e-type=\"widget\" data-widget_type=\"image-box.default\">\n\t\t\t\t<div class=\"elementor-widget-container\">\n\t\t\t\t\t<div class=\"elementor-image-box-wrapper\"><figure class=\"elementor-image-box-img\"><img decoding=\"async\" width=\"463\" height=\"366\" src=\"https:\/\/cccaci.com\/wp-content\/uploads\/2023\/12\/CCCC_Logo_NEGATIF_WEB.png\" class=\"attachment-full size-full wp-image-752\" alt=\"\" srcset=\"https:\/\/cccaci.com\/wp-content\/uploads\/2023\/12\/CCCC_Logo_NEGATIF_WEB.png 463w, https:\/\/cccaci.com\/wp-content\/uploads\/2023\/12\/CCCC_Logo_NEGATIF_WEB-300x237.png 300w\" sizes=\"(max-width: 463px) 100vw, 463px\" \/><\/figure><div class=\"elementor-image-box-content\"><p class=\"elementor-image-box-description\">Fournir des services d'accompagnement : La CCCACI est l\u00e0 pour accompagner et conseiller les entreprises dans leurs d\u00e9marches commerciales internationales, en offrant des informations pertinentes sur les r\u00e9glementations, les march\u00e9s et les opportunit\u00e9s d'affaires.\n<\/p><\/div><\/div>\t\t\t\t<\/div>\n\t\t\t\t<\/div>\n\t\t\t\t<\/div>\n\t\t\t\t\t<\/div>\n\t\t\t\t<\/div>\n\t\t<div class=\"elementor-element elementor-element-3d482f2 animated-fast e-flex e-con-boxed elementor-invisible e-con e-parent\" data-id=\"3d482f2\" data-element_type=\"container\" data-e-type=\"container\" data-settings=\"{&quot;animation&quot;:&quot;zoomIn&quot;}\">\n\t\t\t\t\t<div class=\"e-con-inner\">\n\t\t\t\t<div class=\"elementor-element elementor-element-d3f0b35 elementor-widget elementor-widget-text-editor\" data-id=\"d3f0b35\" data-element_type=\"widget\" data-e-type=\"widget\" data-widget_type=\"text-editor.default\">\n\t\t\t\t<div class=\"elementor-widget-container\">\n\t\t\t\t\t<div class=\"bb-theme-elementor-wrap bb-elementor-custom-color bb-elementor-custom-family bb-elementor-custom-size bb-elementor-custom-line-height\">\t\t\t\t\nEn tant que Chambre de Commerce, notre r\u00f4le est d\u2019\u00eatre un catalyseur de d\u00e9veloppement \u00e9conomique et un pont vers de nouvelles opportunit\u00e9s. Nous travaillons activement pour renforcer les relations bilat\u00e9rales et cr\u00e9er un environnement favorable aux affaires, propice \u00e0 l\u2019\u00e9panouissement des entreprises et \u00e0 la prosp\u00e9rit\u00e9 de nos deux nations.\n\nNous vous invitons \u00e0 explorer notre site web pour en savoir plus sur nos services, nos \u00e9v\u00e9nements \u00e0venir et les avantages de devenir membre de la Chambre de Commerce Canada C\u00f4te d\u2019Ivoire. Si vous avez des questions ou des besoins sp\u00e9cifiques, n\u2019h\u00e9sitez pas \u00e0 nous contacter. Nous sommes l\u00e0 pour vous accompagner dans votre d\u00e9veloppement commercial et votre r\u00e9ussite sur le march\u00e9 international.\n\nBienvenue \u00e0 la Chambre de Commerce Canada C\u00f4te d\u2019Ivoire !\t\t\t\t<\/div>\t\t\t\t<\/div>\n\t\t\t\t<\/div>\n\t\t\t\t\t<\/div>\n\t\t\t\t<\/div>\n\t\t<div class=\"elementor-element elementor-element-8c99c1b elementor-hidden-desktop elementor-hidden-tablet elementor-hidden-mobile e-flex e-con-boxed e-con e-parent\" data-id=\"8c99c1b\" data-element_type=\"container\" data-e-type=\"container\">\n\t\t\t\t\t<div class=\"e-con-inner\">\n\t\t\t\t<div class=\"elementor-element elementor-element-fc7ae34 elementor-widget elementor-widget-heading\" data-id=\"fc7ae34\" data-element_type=\"widget\" data-e-type=\"widget\" data-widget_type=\"heading.default\">\n\t\t\t\t<div class=\"elementor-widget-container\">\n\t\t\t\t\t<h2 class=\"elementor-heading-title elementor-size-default\">Our membership packages\n<\/h2>\t\t\t\t<\/div>\n\t\t\t\t<\/div>\n\t\t\t\t<div class=\"elementor-element elementor-element-599e2c5 elementor-widget-divider--view-line elementor-widget elementor-widget-divider\" data-id=\"599e2c5\" data-element_type=\"widget\" data-e-type=\"widget\" data-widget_type=\"divider.default\">\n\t\t\t\t<div class=\"elementor-widget-container\">\n\t\t\t\t\t\t\t<div class=\"elementor-divider\">\n\t\t\t<span class=\"elementor-divider-separator\">\n\t\t\t\t\t\t<\/span>\n\t\t<\/div>\n\t\t\t\t\t\t<\/div>\n\t\t\t\t<\/div>\n\t\t\t\t\t<\/div>\n\t\t\t\t<\/div>\n\t\t<div class=\"elementor-element elementor-element-063871b elementor-hidden-desktop elementor-hidden-tablet elementor-hidden-mobile e-flex e-con-boxed e-con e-parent\" data-id=\"063871b\" data-element_type=\"container\" data-e-type=\"container\" data-settings=\"{&quot;background_background&quot;:&quot;classic&quot;}\">\n\t\t\t\t\t<div class=\"e-con-inner\">\n\t\t<div class=\"elementor-element elementor-element-e83e5c1 e-con-full e-flex e-con e-child\" data-id=\"e83e5c1\" data-element_type=\"container\" data-e-type=\"container\">\n\t\t\t\t<div class=\"elementor-element elementor-element-02a773d elementor-widget elementor-widget-html\" data-id=\"02a773d\" data-element_type=\"widget\" data-e-type=\"widget\" data-widget_type=\"html.default\">\n\t\t\t\t<div class=\"elementor-widget-container\">\n\t\t\t\t\t<!DOCTYPE html>\r\n<!-- Created By CodingNepal - www.codingnepalweb.com -->\r\n<html lang=\"en\">\r\n<head>\r\n    <meta charset=\"UTF-8\">\r\n    <meta name=\"viewport\" content=\"width=device-width, initial-scale=1.0\">\r\n    <title>Responsive Pricing Tables | CodingNepal<\/title>\r\n    <link rel=\"stylesheet\" href=\"style.css\">\r\n    <script src=\"https:\/\/kit.fontawesome.com\/a076d05399.js\"><\/script>\r\n<\/head>\r\n<body>\r\n  <div class=\"wrapper\">\r\n    <div class=\"table basic\">\r\n      <div class=\"price-section\">\r\n        <div class=\"price-area\">\r\n          <div class=\"inner-area\">\r\n           \r\n             <span class=\"price\">1 500 000 FCFA<\/span>\r\n          <\/div>\r\n        <\/div>\r\n      <\/div>\r\n      <div class=\"package-name\"><\/div>\r\n    <ul class=\"features\">\r\n       \r\n      \r\n        <li>\r\n          <span class=\"list-name\">Consulting services to help them navigate the C\u00f4te d'Ivoire business environment<\/span>\r\n          <span class=\"icon check\"><i class=\"fas fa-check\"><\/i><\/span>\r\n        <\/li>\r\n        <li>\r\n          <span class=\"list-name\">Free electronic directory of members<\/span>\r\n         <span class=\"icon check\"><i class=\"fas fa-check\"><\/i><\/span>\r\n        <\/li>\r\n         <li>\r\n          <span class=\"list-name\">Preferential rates for participation in paid programs<\/span>\r\n          <span class=\"icon check\"><i class=\"fas fa-check\"><\/i><\/span>\r\n        <\/li>\r\n         <li>\r\n          <span class=\"list-name\">Networking opportunities<\/span>\r\n         <span class=\"icon check\"><i class=\"fas fa-check\"><\/i><\/span>\r\n        <\/li>\r\n         <li>\r\n          <span class=\"list-name\">Acc\u00e8s \u00e0 tous les services g\u00e9n\u00e9raux de la CCCACI<\/span>\r\n         <span class=\"icon check\"><i class=\"fas fa-check\"><\/i><\/span>\r\n        <\/li>\r\n      <\/ul>\r\n        <div class=\"btn\"><button><a href=\"https:\/\/cccaci.com\/en\/sinscrire\/\" style=\"color:#fff\">Adh\u00e9rer<\/a><\/button><\/div>\r\n    <\/div>\r\n    \r\n    \r\n    \r\n   \r\n \r\n  <\/div>\r\n<\/body>\r\n<\/html>\t\t\t\t<\/div>\n\t\t\t\t<\/div>\n\t\t\t\t<\/div>\n\t\t<div class=\"elementor-element elementor-element-48fe0f4 e-con-full e-flex e-con e-child\" data-id=\"48fe0f4\" data-element_type=\"container\" data-e-type=\"container\">\n\t\t<div class=\"elementor-element elementor-element-4daacc0 e-flex e-con-boxed e-con e-child\" data-id=\"4daacc0\" data-element_type=\"container\" data-e-type=\"container\">\n\t\t\t\t\t<div class=\"e-con-inner\">\n\t\t\t\t<div class=\"elementor-element elementor-element-4dd5649 elementor-widget elementor-widget-text-editor\" data-id=\"4dd5649\" data-element_type=\"widget\" data-e-type=\"widget\" data-widget_type=\"text-editor.default\">\n\t\t\t\t<div class=\"elementor-widget-container\">\n\t\t\t\t\t<div class=\"bb-theme-elementor-wrap bb-elementor-custom-color bb-elementor-custom-family bb-elementor-custom-size bb-elementor-custom-line-height\">\t\t\t\tEn devenant membre de la CCCACI, vous rejoignez un r\u00e9seau dynamique et influent d\u2019entreprises canadiennes et ivoiriennes. Cela vous permet d\u2019\u00e9tablir des contacts cl\u00e9s, d\u2019identifier de nouveaux partenaires commerciaux, et de d\u00e9velopper des relations solides avec des acteurs majeurs des deux pays.\t\t\t\t<\/div>\t\t\t\t<\/div>\n\t\t\t\t<\/div>\n\t\t\t\t\t<\/div>\n\t\t\t\t<\/div>\n\t\t\t\t<\/div>\n\t\t\t\t\t<\/div>\n\t\t\t\t<\/div>\n\t\t\t\t<\/div>","protected":false},"excerpt":{"rendered":"<p>Pr\u00e9sentation de la CCCACI NOTRE MISSION ET OBJECTIFS La CCCACI a pour mission de renforcer les liens \u00e9conomiques et commerciaux entre le Canada et la&hellip;<\/p>","protected":false},"author":1,"featured_media":0,"parent":0,"menu_order":0,"comment_status":"closed","ping_status":"closed","template":"","meta":{"footnotes":""},"class_list":["post-666","page","type-page","status-publish","hentry"],"_links":{"self":[{"href":"https:\/\/cccaci.com\/en\/wp-json\/wp\/v2\/pages\/666","targetHints":{"allow":["GET"]}}],"collection":[{"href":"https:\/\/cccaci.com\/en\/wp-json\/wp\/v2\/pages"}],"about":[{"href":"https:\/\/cccaci.com\/en\/wp-json\/wp\/v2\/types\/page"}],"author":[{"embeddable":true,"href":"https:\/\/cccaci.com\/en\/wp-json\/wp\/v2\/users\/1"}],"replies":[{"embeddable":true,"href":"https:\/\/cccaci.com\/en\/wp-json\/wp\/v2\/comments?post=666"}],"version-history":[{"count":6,"href":"https:\/\/cccaci.com\/en\/wp-json\/wp\/v2\/pages\/666\/revisions"}],"predecessor-version":[{"id":6681,"href":"https:\/\/cccaci.com\/en\/wp-json\/wp\/v2\/pages\/666\/revisions\/6681"}],"wp:attachment":[{"href":"https:\/\/cccaci.com\/en\/wp-json\/wp\/v2\/media?parent=666"}],"curies":[{"name":"wp","href":"https:\/\/api.w.org\/{rel}","templated":true}]}}