{"id":6514,"date":"2024-03-04T15:16:39","date_gmt":"2024-03-04T15:16:39","guid":{"rendered":"https:\/\/cccaci.com\/?page_id=6514"},"modified":"2024-03-04T15:22:19","modified_gmt":"2024-03-04T15:22:19","slug":"donnees-personnelles","status":"publish","type":"page","link":"https:\/\/cccaci.com\/en\/donnees-personnelles\/","title":{"rendered":"Donn\u00e9es personnelles"},"content":{"rendered":"<div data-elementor-type=\"wp-page\" data-elementor-id=\"6514\" class=\"elementor elementor-6514\">\n\t\t\t\t<div class=\"elementor-element elementor-element-c2510fd e-flex e-con-boxed e-con e-parent\" data-id=\"c2510fd\" data-element_type=\"container\" data-e-type=\"container\">\n\t\t\t\t\t<div class=\"e-con-inner\">\n\t\t\t\t<div class=\"elementor-element elementor-element-7e421ec elementor-widget elementor-widget-text-editor\" data-id=\"7e421ec\" data-element_type=\"widget\" data-e-type=\"widget\" data-widget_type=\"text-editor.default\">\n\t\t\t\t<div class=\"elementor-widget-container\">\n\t\t\t\t\t\t\t\t\t<div class=\"elementor-element elementor-element-656b075 e-flex e-con-boxed e-con e-parent\" data-id=\"656b075\" data-element_type=\"container\" data-settings=\"{&quot;container_type&quot;:&quot;flex&quot;,&quot;content_width&quot;:&quot;boxed&quot;}\" data-core-v316-plus=\"true\"><div class=\"e-con-inner\"><div class=\"elementor-element elementor-element-ec54948 elementor-position-left e-transform elementor-widget-tablet__width-initial elementor-widget-mobile__width-initial elementor-view-default elementor-mobile-position-top elementor-vertical-align-top elementor-widget elementor-widget-icon-box animated fadeInRight\" data-id=\"ec54948\" data-element_type=\"widget\" data-settings=\"{&quot;_transform_translateX_effect&quot;:{&quot;unit&quot;:&quot;px&quot;,&quot;size&quot;:-32,&quot;sizes&quot;:[]},&quot;_animation&quot;:&quot;fadeInRight&quot;,&quot;_transform_translateY_effect&quot;:{&quot;unit&quot;:&quot;px&quot;,&quot;size&quot;:-6,&quot;sizes&quot;:[]},&quot;_transform_translateX_effect_mobile&quot;:{&quot;unit&quot;:&quot;px&quot;,&quot;size&quot;:1,&quot;sizes&quot;:[]},&quot;_transform_translateX_effect_tablet&quot;:{&quot;unit&quot;:&quot;px&quot;,&quot;size&quot;:&quot;&quot;,&quot;sizes&quot;:[]},&quot;_transform_translateY_effect_tablet&quot;:{&quot;unit&quot;:&quot;px&quot;,&quot;size&quot;:&quot;&quot;,&quot;sizes&quot;:[]},&quot;_transform_translateY_effect_mobile&quot;:{&quot;unit&quot;:&quot;px&quot;,&quot;size&quot;:&quot;&quot;,&quot;sizes&quot;:[]}}\" data-widget_type=\"icon-box.default\"><div class=\"elementor-widget-container\"><div class=\"elementor-icon-box-wrapper\"><div class=\"elementor-icon-box-content\"><p class=\"elementor-icon-box-description\">La Chambre de Commerce Canada-C\u00f4te d&rsquo;Ivoire s\u2019engage \u00e0 prot\u00e9ger les donn\u00e9es personnelles des utilisateurs dans le respect de la r\u00e9glementation en vigueur relative \u00e0 la protection des personnes physiques \u00e0 l\u2019\u00e9gard du traitement des donn\u00e9es \u00e0 caract\u00e8re personnel. Les traitements mis en \u0153uvre sur notre site ont pour finalit\u00e9 le respect de ces donn\u00e9es.<br \/><br \/>A d\u00e9faut de remplir les champs requis de notre formulaire de candidature, la Chambre de Commerce Canada-C\u00f4te d&rsquo;Ivoire ne pourra satisfaire \u00e0 analyser votre demande.<br \/><br \/>La Chambre de Commerce Canada-C\u00f4te d&rsquo;Ivoire est le seul destinataire de ces donn\u00e9es. Toutefois, la Chambre de Commerce Canada-C\u00f4te d&rsquo;Ivoire se r\u00e9serve le droit de transmettre vos donn\u00e9es personnelles afin de satisfaire \u00e0 ses obligations l\u00e9gales.<br \/><br \/>Les donn\u00e9es \u00e0 caract\u00e8re personnel collect\u00e9es par la Chambre de Commerce Canada-C\u00f4te d&rsquo;Ivoire pourront \u00eatre communiqu\u00e9es \u00e0 des sous-traitants de la Chambre de Commerce Canada-C\u00f4te d&rsquo;Ivoire, dans la stricte limite de ce qui est n\u00e9cessaire \u00e0 l\u2019accomplissement des t\u00e2ches qui leur sont confi\u00e9es. Par ailleurs, dans le cadre de l\u2019optimisation de ses services, la Chambre de Commerce Canada-C\u00f4te d&rsquo;Ivoire peut \u00eatre amen\u00e9e \u00e0 transf\u00e9rer certaines donn\u00e9es \u00e0 caract\u00e8re personnel vers des pays dont les l\u00e9gislations peuvent sensiblement diff\u00e9rer de celles de la C\u00f4te d\u2019ivoire. En tout \u00e9tat de cause, la Chambre de Commerce Canada-C\u00f4te d&rsquo;Ivoire prendra toutes les mesures ad\u00e9quates (physiques, techniques, organisationnelles) pour assurer l\u2019enti\u00e8re s\u00e9curit\u00e9 et confidentialit\u00e9 de ces donn\u00e9es.<\/p><\/div><\/div><\/div><\/div><\/div><\/div><div class=\"elementor-element elementor-element-8702d65 e-flex e-con-boxed e-con e-parent\" data-id=\"8702d65\" data-element_type=\"container\" data-settings=\"{&quot;container_type&quot;:&quot;flex&quot;,&quot;content_width&quot;:&quot;boxed&quot;}\" data-core-v316-plus=\"true\"><div class=\"e-con-inner\"><div class=\"elementor-element elementor-element-e6d93f3 elementor-widget__width-initial elementor-widget elementor-widget-text-editor\" data-id=\"e6d93f3\" data-element_type=\"widget\" data-widget_type=\"text-editor.default\"><div class=\"elementor-widget-container\"><h5><span style=\"color: #ff0000;\"><strong>S\u00e9curit\u00e9 des donn\u00e9es<\/strong><\/span><\/h5>En application de la loi n\u00b0 2013-450 du 19 juin 2013 relative \u00e0 la protection des donn\u00e9es \u00e0 caract\u00e8re personnel, la Chambre de Commerce Canada-C\u00f4te d&rsquo;Ivoire met en \u0153uvre toutes les mesures techniques et organisationnelles n\u00e9cessaires pour garantir la s\u00e9curit\u00e9 et la confidentialit\u00e9 des donn\u00e9es \u00e0 caract\u00e8re personnel collect\u00e9es et trait\u00e9es, et notamment emp\u00eacher qu\u2019elles soient d\u00e9form\u00e9es, endommag\u00e9es ou communiqu\u00e9es \u00e0 des tiers non autoris\u00e9s, en assurant un niveau de s\u00e9curit\u00e9 adapt\u00e9 aux risques li\u00e9s au traitement et \u00e0 la nature des donn\u00e9es \u00e0 prot\u00e9ger, eu \u00e9gard au niveau technologique et au co\u00fbt de mise en \u0153uvre.<\/div><\/div><div class=\"elementor-element elementor-element-562e620 elementor-widget__width-initial elementor-widget elementor-widget-text-editor\" data-id=\"562e620\" data-element_type=\"widget\" data-widget_type=\"text-editor.default\"><div class=\"elementor-widget-container\"><h5><span style=\"color: #ff0000;\"><strong>S\u00e9curit\u00e9 des donn\u00e9es<\/strong><\/span><\/h5>Vous b\u00e9n\u00e9ficiez des droits d\u2019acc\u00e8s, de rectification et d\u2019opposition, sauf dans les cas o\u00f9 le traitement r\u00e9pond \u00e0 une obligation l\u00e9gale, au traitement de vos donn\u00e9es \u00e0 caract\u00e8re personnel. Vous pouvez exercer ces droits \u00e0 l\u2019adresse suivante : contact@cccaci.com<\/div><\/div><div class=\"elementor-element elementor-element-53488ed elementor-widget__width-initial elementor-widget elementor-widget-text-editor\" data-id=\"53488ed\" data-element_type=\"widget\" data-widget_type=\"text-editor.default\"><div class=\"elementor-widget-container\"><h5><span style=\"color: #ff0000;\"><strong>Consentement<\/strong><\/span><\/h5>En utilisant notre Site Internet, vous pouvez \u00eatre amen\u00e9 \u00e0 nous communiquer vos donn\u00e9es personnelles. Par donn\u00e9es personnelles , nous entendons toutes informations collect\u00e9es et enregistr\u00e9es dans un format qui permet de vous identifier personnellement, soit directement (ex : nom) ou indirectement (ex : n\u00b0 t\u00e9l) en qualit\u00e9 de personne physique. Avant de nous transmettre ces informations, nous vous recommandons de prendre connaissance de notre politique en mati\u00e8re de protection des donn\u00e9es personnelles de nos candidats.<br \/><br \/>En cochant la case d\u2019acceptation des mentions l\u00e9gales notamment la mention relative \u00e0 la protection des donn\u00e9es personnelles. Vous donnez votre consentement \u00e0 la Chambre de Commerce Canada-C\u00f4te d&rsquo;Ivoire pour l\u2019enregistrement, l\u2019exploitation, le traitement et le transfert d\u2019une partie ou de l\u2019int\u00e9gralit\u00e9 de vos donn\u00e9es personnelles, dans le cadre de nos activit\u00e9s.<\/div><\/div><\/div><\/div>\t\t\t\t\t\t\t\t<\/div>\n\t\t\t\t<\/div>\n\t\t\t\t\t<\/div>\n\t\t\t\t<\/div>\n\t\t\t\t<\/div>","protected":false},"excerpt":{"rendered":"<p>La Chambre de Commerce Canada-C\u00f4te d&rsquo;Ivoire s\u2019engage \u00e0 prot\u00e9ger les donn\u00e9es personnelles des utilisateurs dans le respect de la r\u00e9glementation en vigueur relative \u00e0 la&hellip;<\/p>","protected":false},"author":1,"featured_media":0,"parent":0,"menu_order":0,"comment_status":"closed","ping_status":"closed","template":"","meta":{"footnotes":""},"class_list":["post-6514","page","type-page","status-publish","hentry"],"_links":{"self":[{"href":"https:\/\/cccaci.com\/en\/wp-json\/wp\/v2\/pages\/6514","targetHints":{"allow":["GET"]}}],"collection":[{"href":"https:\/\/cccaci.com\/en\/wp-json\/wp\/v2\/pages"}],"about":[{"href":"https:\/\/cccaci.com\/en\/wp-json\/wp\/v2\/types\/page"}],"author":[{"embeddable":true,"href":"https:\/\/cccaci.com\/en\/wp-json\/wp\/v2\/users\/1"}],"replies":[{"embeddable":true,"href":"https:\/\/cccaci.com\/en\/wp-json\/wp\/v2\/comments?post=6514"}],"version-history":[{"count":4,"href":"https:\/\/cccaci.com\/en\/wp-json\/wp\/v2\/pages\/6514\/revisions"}],"predecessor-version":[{"id":6519,"href":"https:\/\/cccaci.com\/en\/wp-json\/wp\/v2\/pages\/6514\/revisions\/6519"}],"wp:attachment":[{"href":"https:\/\/cccaci.com\/en\/wp-json\/wp\/v2\/media?parent=6514"}],"curies":[{"name":"wp","href":"https:\/\/api.w.org\/{rel}","templated":true}]}}