{"id":1153,"date":"2023-12-12T21:09:43","date_gmt":"2023-12-12T20:09:43","guid":{"rendered":"https:\/\/cccaci.com\/forum\/?page_id=1153"},"modified":"2024-01-15T10:09:43","modified_gmt":"2024-01-15T10:09:43","slug":"les-principaux-secteurs-dactivites-en-cote-divoire","status":"publish","type":"page","link":"https:\/\/cccaci.com\/en\/les-principaux-secteurs-dactivites-en-cote-divoire\/","title":{"rendered":"Main business sectors in C\u00f4te d'Ivoire"},"content":{"rendered":"<div data-elementor-type=\"wp-page\" data-elementor-id=\"1153\" class=\"elementor elementor-1153\">\n\t\t\t\t<div class=\"elementor-element elementor-element-d35c7e8 e-flex e-con-boxed elementor-invisible e-con e-parent\" data-id=\"d35c7e8\" data-element_type=\"container\" data-e-type=\"container\" data-settings=\"{&quot;background_background&quot;:&quot;classic&quot;,&quot;animation&quot;:&quot;headShake&quot;}\">\n\t\t\t\t\t<div class=\"e-con-inner\">\n\t\t<div class=\"elementor-element elementor-element-5424f73 e-con-full e-flex e-con e-child\" data-id=\"5424f73\" data-element_type=\"container\" data-e-type=\"container\">\n\t\t<div class=\"elementor-element elementor-element-7d48910 e-flex e-con-boxed e-con e-child\" data-id=\"7d48910\" data-element_type=\"container\" data-e-type=\"container\">\n\t\t\t\t\t<div class=\"e-con-inner\">\n\t\t\t\t<div class=\"elementor-element elementor-element-53f5efa elementor-widget elementor-widget-heading\" data-id=\"53f5efa\" data-element_type=\"widget\" data-e-type=\"widget\" data-widget_type=\"heading.default\">\n\t\t\t\t<div class=\"elementor-widget-container\">\n\t\t\t\t\t<h2 class=\"elementor-heading-title elementor-size-default\">Main business sectors in C\u00f4te d'Ivoire<\/h2>\t\t\t\t<\/div>\n\t\t\t\t<\/div>\n\t\t\t\t<div class=\"elementor-element elementor-element-3b16301 elementor-widget-divider--view-line elementor-widget elementor-widget-divider\" data-id=\"3b16301\" data-element_type=\"widget\" data-e-type=\"widget\" data-widget_type=\"divider.default\">\n\t\t\t\t<div class=\"elementor-widget-container\">\n\t\t\t\t\t\t\t<div class=\"elementor-divider\">\n\t\t\t<span class=\"elementor-divider-separator\">\n\t\t\t\t\t\t<\/span>\n\t\t<\/div>\n\t\t\t\t\t\t<\/div>\n\t\t\t\t<\/div>\n\t\t\t\t<div class=\"elementor-element elementor-element-623a5d2 elementor-widget elementor-widget-heading\" data-id=\"623a5d2\" data-element_type=\"widget\" data-e-type=\"widget\" data-widget_type=\"heading.default\">\n\t\t\t\t<div class=\"elementor-widget-container\">\n\t\t\t\t\t<h2 class=\"elementor-heading-title elementor-size-default\">Overview of main economic sectors\n<\/h2>\t\t\t\t<\/div>\n\t\t\t\t<\/div>\n\t\t\t\t\t<\/div>\n\t\t\t\t<\/div>\n\t\t\t\t<\/div>\n\t\t<div class=\"elementor-element elementor-element-2aa7ac1 e-con-full e-flex e-con e-child\" data-id=\"2aa7ac1\" data-element_type=\"container\" data-e-type=\"container\">\n\t\t\t\t<div class=\"elementor-element elementor-element-e2302f0 elementor-widget elementor-widget-image\" data-id=\"e2302f0\" data-element_type=\"widget\" data-e-type=\"widget\" data-widget_type=\"image.default\">\n\t\t\t\t<div class=\"elementor-widget-container\">\n\t\t\t\t\t\t\t\t\t\t\t\t\t\t\t<img fetchpriority=\"high\" decoding=\"async\" width=\"640\" height=\"296\" src=\"https:\/\/cccaci.com\/wp-content\/uploads\/2023\/12\/bannerccccai-1.jpg\" class=\"attachment-large size-large wp-image-1229\" alt=\"\" srcset=\"https:\/\/cccaci.com\/wp-content\/uploads\/2023\/12\/bannerccccai-1.jpg 872w, https:\/\/cccaci.com\/wp-content\/uploads\/2023\/12\/bannerccccai-1-600x277.jpg 600w, https:\/\/cccaci.com\/wp-content\/uploads\/2023\/12\/bannerccccai-1-300x139.jpg 300w, https:\/\/cccaci.com\/wp-content\/uploads\/2023\/12\/bannerccccai-1-768x355.jpg 768w, https:\/\/cccaci.com\/wp-content\/uploads\/2023\/12\/bannerccccai-1-624x288.jpg 624w\" sizes=\"(max-width: 640px) 100vw, 640px\" \/>\t\t\t\t\t\t\t\t\t\t\t\t\t\t\t<\/div>\n\t\t\t\t<\/div>\n\t\t\t\t<\/div>\n\t\t<div class=\"elementor-element elementor-element-cd08c1e e-con-full e-flex e-con e-child\" data-id=\"cd08c1e\" data-element_type=\"container\" data-e-type=\"container\">\n\t\t\t\t<div class=\"elementor-element elementor-element-431918c elementor-widget elementor-widget-image\" data-id=\"431918c\" data-element_type=\"widget\" data-e-type=\"widget\" data-widget_type=\"image.default\">\n\t\t\t\t<div class=\"elementor-widget-container\">\n\t\t\t\t\t\t\t\t\t\t\t\t\t\t\t<img decoding=\"async\" width=\"399\" height=\"403\" src=\"https:\/\/cccaci.com\/wp-content\/uploads\/2023\/12\/graphcca.png\" class=\"attachment-large size-large wp-image-707\" alt=\"\" srcset=\"https:\/\/cccaci.com\/wp-content\/uploads\/2023\/12\/graphcca.png 399w, https:\/\/cccaci.com\/wp-content\/uploads\/2023\/12\/graphcca-100x100.png 100w, https:\/\/cccaci.com\/wp-content\/uploads\/2023\/12\/graphcca-297x300.png 297w\" sizes=\"(max-width: 399px) 100vw, 399px\" \/>\t\t\t\t\t\t\t\t\t\t\t\t\t\t\t<\/div>\n\t\t\t\t<\/div>\n\t\t\t\t<\/div>\n\t\t\t\t\t<\/div>\n\t\t\t\t<\/div>\n\t\t<div class=\"elementor-element elementor-element-6a5dc82 e-flex e-con-boxed e-con e-parent\" data-id=\"6a5dc82\" data-element_type=\"container\" data-e-type=\"container\">\n\t\t\t\t\t<div class=\"e-con-inner\">\n\t\t\t\t<div class=\"elementor-element elementor-element-d6cfac8 elementor-widget elementor-widget-text-editor\" data-id=\"d6cfac8\" data-element_type=\"widget\" data-e-type=\"widget\" data-widget_type=\"text-editor.default\">\n\t\t\t\t<div class=\"elementor-widget-container\">\n\t\t\t\t\t<div class=\"bb-theme-elementor-wrap bb-elementor-custom-color bb-elementor-custom-family bb-elementor-custom-size bb-elementor-custom-line-height\">\t\t\t\tC\u00f4te d'Ivoire is a diversified economy offering opportunities in a variety of sectors. Here is an overview of the country's main economic sectors:\n\t\t\t\t<\/div>\t\t\t\t<\/div>\n\t\t\t\t<\/div>\n\t\t\t\t\t<\/div>\n\t\t\t\t<\/div>\n\t\t<div class=\"elementor-element elementor-element-b03b435 animated-fast e-flex e-con-boxed elementor-invisible e-con e-parent\" data-id=\"b03b435\" data-element_type=\"container\" data-e-type=\"container\" data-settings=\"{&quot;background_background&quot;:&quot;classic&quot;,&quot;animation&quot;:&quot;zoomIn&quot;}\">\n\t\t\t\t\t<div class=\"e-con-inner\">\n\t\t<div class=\"elementor-element elementor-element-0107d25 e-con-full e-flex e-con e-child\" data-id=\"0107d25\" data-element_type=\"container\" data-e-type=\"container\">\n\t\t\t\t<div class=\"elementor-element elementor-element-c831ce3 elementor-widget elementor-widget-image\" data-id=\"c831ce3\" data-element_type=\"widget\" data-e-type=\"widget\" data-widget_type=\"image.default\">\n\t\t\t\t<div class=\"elementor-widget-container\">\n\t\t\t\t\t\t\t\t\t\t\t\t\t\t\t<img decoding=\"async\" width=\"614\" height=\"614\" src=\"https:\/\/cccaci.com\/wp-content\/uploads\/2023\/12\/CCCC_4_NEGATIF_WEB-45-1-1024x1024-1.jpg\" class=\"attachment-large size-large wp-image-1163\" alt=\"\" srcset=\"https:\/\/cccaci.com\/wp-content\/uploads\/2023\/12\/CCCC_4_NEGATIF_WEB-45-1-1024x1024-1.jpg 614w, https:\/\/cccaci.com\/wp-content\/uploads\/2023\/12\/CCCC_4_NEGATIF_WEB-45-1-1024x1024-1-300x300.jpg 300w, https:\/\/cccaci.com\/wp-content\/uploads\/2023\/12\/CCCC_4_NEGATIF_WEB-45-1-1024x1024-1-100x100.jpg 100w, https:\/\/cccaci.com\/wp-content\/uploads\/2023\/12\/CCCC_4_NEGATIF_WEB-45-1-1024x1024-1-600x600.jpg 600w, https:\/\/cccaci.com\/wp-content\/uploads\/2023\/12\/CCCC_4_NEGATIF_WEB-45-1-1024x1024-1-150x150.jpg 150w\" sizes=\"(max-width: 614px) 100vw, 614px\" \/>\t\t\t\t\t\t\t\t\t\t\t\t\t\t\t<\/div>\n\t\t\t\t<\/div>\n\t\t\t\t<\/div>\n\t\t<div class=\"elementor-element elementor-element-b9381c1 e-con-full e-flex e-con e-child\" data-id=\"b9381c1\" data-element_type=\"container\" data-e-type=\"container\">\n\t\t\t\t<div class=\"elementor-element elementor-element-0426bc7 elementor-position-left elementor-vertical-align-top elementor-widget elementor-widget-image-box\" data-id=\"0426bc7\" data-element_type=\"widget\" data-e-type=\"widget\" data-widget_type=\"image-box.default\">\n\t\t\t\t<div class=\"elementor-widget-container\">\n\t\t\t\t\t<div class=\"elementor-image-box-wrapper\"><figure class=\"elementor-image-box-img\"><img loading=\"lazy\" decoding=\"async\" width=\"463\" height=\"366\" src=\"https:\/\/cccaci.com\/wp-content\/uploads\/2023\/12\/CCCC_Logo_NEGATIF_WEB.png\" class=\"attachment-full size-full wp-image-752\" alt=\"\" srcset=\"https:\/\/cccaci.com\/wp-content\/uploads\/2023\/12\/CCCC_Logo_NEGATIF_WEB.png 463w, https:\/\/cccaci.com\/wp-content\/uploads\/2023\/12\/CCCC_Logo_NEGATIF_WEB-300x237.png 300w\" sizes=\"(max-width: 463px) 100vw, 463px\" \/><\/figure><div class=\"elementor-image-box-content\"><h3 class=\"elementor-image-box-title\">Agriculture<\/h3><p class=\"elementor-image-box-description\">We are committed to supporting the entrepreneurial fabric of C\u00f4te d'Ivoire by offering a capacity-building program for local SMEs. This program will include training, workshops and mentoring, aimed at strengthening their skills and competitiveness on the international market.\n\n<\/p><\/div><\/div>\t\t\t\t<\/div>\n\t\t\t\t<\/div>\n\t\t\t\t<div class=\"elementor-element elementor-element-e117ec9 elementor-position-left elementor-vertical-align-top elementor-widget elementor-widget-image-box\" data-id=\"e117ec9\" data-element_type=\"widget\" data-e-type=\"widget\" data-widget_type=\"image-box.default\">\n\t\t\t\t<div class=\"elementor-widget-container\">\n\t\t\t\t\t<div class=\"elementor-image-box-wrapper\"><figure class=\"elementor-image-box-img\"><img loading=\"lazy\" decoding=\"async\" width=\"463\" height=\"366\" src=\"https:\/\/cccaci.com\/wp-content\/uploads\/2023\/12\/CCCC_Logo_NEGATIF_WEB.png\" class=\"attachment-full size-full wp-image-752\" alt=\"\" srcset=\"https:\/\/cccaci.com\/wp-content\/uploads\/2023\/12\/CCCC_Logo_NEGATIF_WEB.png 463w, https:\/\/cccaci.com\/wp-content\/uploads\/2023\/12\/CCCC_Logo_NEGATIF_WEB-300x237.png 300w\" sizes=\"(max-width: 463px) 100vw, 463px\" \/><\/figure><div class=\"elementor-image-box-content\"><h3 class=\"elementor-image-box-title\">Oil &amp; Gas<\/h3><p class=\"elementor-image-box-description\">C\u00f4te d'Ivoire has offshore oil and natural gas reserves, making it an emerging player in the energy sector. The country is attracting investment in hydrocarbon exploration, production, refining and distribution.\n\n<\/p><\/div><\/div>\t\t\t\t<\/div>\n\t\t\t\t<\/div>\n\t\t\t\t<\/div>\n\t\t<div class=\"elementor-element elementor-element-4598382 e-con-full e-flex e-con e-child\" data-id=\"4598382\" data-element_type=\"container\" data-e-type=\"container\">\n\t\t\t\t<div class=\"elementor-element elementor-element-3103f4e elementor-widget elementor-widget-image\" data-id=\"3103f4e\" data-element_type=\"widget\" data-e-type=\"widget\" data-widget_type=\"image.default\">\n\t\t\t\t<div class=\"elementor-widget-container\">\n\t\t\t\t\t\t\t\t\t\t\t\t\t\t\t<img loading=\"lazy\" decoding=\"async\" width=\"614\" height=\"614\" src=\"https:\/\/cccaci.com\/wp-content\/uploads\/2023\/12\/CCCC_4_NEGATIF_WEB-450-1024x1024-1.jpg\" class=\"attachment-large size-large wp-image-1172\" alt=\"\" srcset=\"https:\/\/cccaci.com\/wp-content\/uploads\/2023\/12\/CCCC_4_NEGATIF_WEB-450-1024x1024-1.jpg 614w, https:\/\/cccaci.com\/wp-content\/uploads\/2023\/12\/CCCC_4_NEGATIF_WEB-450-1024x1024-1-300x300.jpg 300w, https:\/\/cccaci.com\/wp-content\/uploads\/2023\/12\/CCCC_4_NEGATIF_WEB-450-1024x1024-1-100x100.jpg 100w, https:\/\/cccaci.com\/wp-content\/uploads\/2023\/12\/CCCC_4_NEGATIF_WEB-450-1024x1024-1-600x600.jpg 600w, https:\/\/cccaci.com\/wp-content\/uploads\/2023\/12\/CCCC_4_NEGATIF_WEB-450-1024x1024-1-150x150.jpg 150w\" sizes=\"(max-width: 614px) 100vw, 614px\" \/>\t\t\t\t\t\t\t\t\t\t\t\t\t\t\t<\/div>\n\t\t\t\t<\/div>\n\t\t\t\t<\/div>\n\t\t<div class=\"elementor-element elementor-element-163d833 e-con-full e-flex e-con e-child\" data-id=\"163d833\" data-element_type=\"container\" data-e-type=\"container\">\n\t\t\t\t<div class=\"elementor-element elementor-element-68a1744 elementor-widget-divider--view-line elementor-widget elementor-widget-divider\" data-id=\"68a1744\" data-element_type=\"widget\" data-e-type=\"widget\" data-widget_type=\"divider.default\">\n\t\t\t\t<div class=\"elementor-widget-container\">\n\t\t\t\t\t\t\t<div class=\"elementor-divider\">\n\t\t\t<span class=\"elementor-divider-separator\">\n\t\t\t\t\t\t<\/span>\n\t\t<\/div>\n\t\t\t\t\t\t<\/div>\n\t\t\t\t<\/div>\n\t\t\t\t<div class=\"elementor-element elementor-element-2392bcd elementor-position-left elementor-vertical-align-top elementor-widget elementor-widget-image-box\" data-id=\"2392bcd\" data-element_type=\"widget\" data-e-type=\"widget\" data-widget_type=\"image-box.default\">\n\t\t\t\t<div class=\"elementor-widget-container\">\n\t\t\t\t\t<div class=\"elementor-image-box-wrapper\"><figure class=\"elementor-image-box-img\"><img loading=\"lazy\" decoding=\"async\" width=\"463\" height=\"366\" src=\"https:\/\/cccaci.com\/wp-content\/uploads\/2023\/12\/CCCC_Logo_NEGATIF_WEB.png\" class=\"attachment-full size-full wp-image-752\" alt=\"\" srcset=\"https:\/\/cccaci.com\/wp-content\/uploads\/2023\/12\/CCCC_Logo_NEGATIF_WEB.png 463w, https:\/\/cccaci.com\/wp-content\/uploads\/2023\/12\/CCCC_Logo_NEGATIF_WEB-300x237.png 300w\" sizes=\"(max-width: 463px) 100vw, 463px\" \/><\/figure><div class=\"elementor-image-box-content\"><h3 class=\"elementor-image-box-title\">Industry<\/h3><p class=\"elementor-image-box-description\">Ivorian industry is developing rapidly, with sectors such as agro-industry, chemicals, pharmaceuticals, automotive, shipbuilding and energy production. Opportunities lie in the local processing of raw materials, assembly, manufacturing and export of manufactured products.\n\n\n\n\n\n\n<\/p><\/div><\/div>\t\t\t\t<\/div>\n\t\t\t\t<\/div>\n\t\t\t\t<div class=\"elementor-element elementor-element-2c418dd elementor-position-left elementor-vertical-align-top elementor-widget elementor-widget-image-box\" data-id=\"2c418dd\" data-element_type=\"widget\" data-e-type=\"widget\" data-widget_type=\"image-box.default\">\n\t\t\t\t<div class=\"elementor-widget-container\">\n\t\t\t\t\t<div class=\"elementor-image-box-wrapper\"><figure class=\"elementor-image-box-img\"><img loading=\"lazy\" decoding=\"async\" width=\"463\" height=\"366\" src=\"https:\/\/cccaci.com\/wp-content\/uploads\/2023\/12\/CCCC_Logo_NEGATIF_WEB.png\" class=\"attachment-full size-full wp-image-752\" alt=\"\" srcset=\"https:\/\/cccaci.com\/wp-content\/uploads\/2023\/12\/CCCC_Logo_NEGATIF_WEB.png 463w, https:\/\/cccaci.com\/wp-content\/uploads\/2023\/12\/CCCC_Logo_NEGATIF_WEB-300x237.png 300w\" sizes=\"(max-width: 463px) 100vw, 463px\" \/><\/figure><div class=\"elementor-image-box-content\"><h3 class=\"elementor-image-box-title\">Telecommunications and Information Technology<\/h3><p class=\"elementor-image-box-description\">The telecommunications and ICT sector is booming in C\u00f4te d'Ivoire. The country boasts a modern telecommunications infrastructure, offering opportunities for companies specializing in digital services, telecommunications, cybersecurity and financial technologies (fintech).\n\n\n\n\n\n<\/p><\/div><\/div>\t\t\t\t<\/div>\n\t\t\t\t<\/div>\n\t\t\t\t<\/div>\n\t\t<div class=\"elementor-element elementor-element-f1b1d84 e-con-full e-flex e-con e-child\" data-id=\"f1b1d84\" data-element_type=\"container\" data-e-type=\"container\">\n\t\t\t\t<div class=\"elementor-element elementor-element-64012eb elementor-widget elementor-widget-image\" data-id=\"64012eb\" data-element_type=\"widget\" data-e-type=\"widget\" data-widget_type=\"image.default\">\n\t\t\t\t<div class=\"elementor-widget-container\">\n\t\t\t\t\t\t\t\t\t\t\t\t\t\t\t<img loading=\"lazy\" decoding=\"async\" width=\"614\" height=\"614\" src=\"https:\/\/cccaci.com\/wp-content\/uploads\/2023\/12\/CCCC_4_NEGATIF_WEB-457-1024x1024-1.jpg\" class=\"attachment-large size-large wp-image-1209\" alt=\"\" srcset=\"https:\/\/cccaci.com\/wp-content\/uploads\/2023\/12\/CCCC_4_NEGATIF_WEB-457-1024x1024-1.jpg 614w, https:\/\/cccaci.com\/wp-content\/uploads\/2023\/12\/CCCC_4_NEGATIF_WEB-457-1024x1024-1-300x300.jpg 300w, https:\/\/cccaci.com\/wp-content\/uploads\/2023\/12\/CCCC_4_NEGATIF_WEB-457-1024x1024-1-100x100.jpg 100w, https:\/\/cccaci.com\/wp-content\/uploads\/2023\/12\/CCCC_4_NEGATIF_WEB-457-1024x1024-1-600x600.jpg 600w, https:\/\/cccaci.com\/wp-content\/uploads\/2023\/12\/CCCC_4_NEGATIF_WEB-457-1024x1024-1-150x150.jpg 150w\" sizes=\"(max-width: 614px) 100vw, 614px\" \/>\t\t\t\t\t\t\t\t\t\t\t\t\t\t\t<\/div>\n\t\t\t\t<\/div>\n\t\t\t\t<\/div>\n\t\t<div class=\"elementor-element elementor-element-e71bc33 e-con-full e-flex e-con e-child\" data-id=\"e71bc33\" data-element_type=\"container\" data-e-type=\"container\">\n\t\t\t\t<div class=\"elementor-element elementor-element-0c50105 elementor-widget-divider--view-line elementor-widget elementor-widget-divider\" data-id=\"0c50105\" data-element_type=\"widget\" data-e-type=\"widget\" data-widget_type=\"divider.default\">\n\t\t\t\t<div class=\"elementor-widget-container\">\n\t\t\t\t\t\t\t<div class=\"elementor-divider\">\n\t\t\t<span class=\"elementor-divider-separator\">\n\t\t\t\t\t\t<\/span>\n\t\t<\/div>\n\t\t\t\t\t\t<\/div>\n\t\t\t\t<\/div>\n\t\t\t\t<div class=\"elementor-element elementor-element-4348547 elementor-position-left elementor-vertical-align-top elementor-widget elementor-widget-image-box\" data-id=\"4348547\" data-element_type=\"widget\" data-e-type=\"widget\" data-widget_type=\"image-box.default\">\n\t\t\t\t<div class=\"elementor-widget-container\">\n\t\t\t\t\t<div class=\"elementor-image-box-wrapper\"><figure class=\"elementor-image-box-img\"><img loading=\"lazy\" decoding=\"async\" width=\"463\" height=\"366\" src=\"https:\/\/cccaci.com\/wp-content\/uploads\/2023\/12\/CCCC_Logo_NEGATIF_WEB.png\" class=\"attachment-full size-full wp-image-752\" alt=\"\" srcset=\"https:\/\/cccaci.com\/wp-content\/uploads\/2023\/12\/CCCC_Logo_NEGATIF_WEB.png 463w, https:\/\/cccaci.com\/wp-content\/uploads\/2023\/12\/CCCC_Logo_NEGATIF_WEB-300x237.png 300w\" sizes=\"(max-width: 463px) 100vw, 463px\" \/><\/figure><div class=\"elementor-image-box-content\"><h3 class=\"elementor-image-box-title\">Tourism<\/h3><p class=\"elementor-image-box-description\">C\u00f4te d'Ivoire boasts a rich cultural heritage, sandy beaches and lush natural surroundings. The tourism sector is growing, offering opportunities in hotels, restaurants, travel agencies, leisure services and eco-tourism.\n\n<\/p><\/div><\/div>\t\t\t\t<\/div>\n\t\t\t\t<\/div>\n\t\t\t\t<div class=\"elementor-element elementor-element-be65fee elementor-position-left elementor-vertical-align-top elementor-widget elementor-widget-image-box\" data-id=\"be65fee\" data-element_type=\"widget\" data-e-type=\"widget\" data-widget_type=\"image-box.default\">\n\t\t\t\t<div class=\"elementor-widget-container\">\n\t\t\t\t\t<div class=\"elementor-image-box-wrapper\"><figure class=\"elementor-image-box-img\"><img loading=\"lazy\" decoding=\"async\" width=\"463\" height=\"366\" src=\"https:\/\/cccaci.com\/wp-content\/uploads\/2023\/12\/CCCC_Logo_NEGATIF_WEB.png\" class=\"attachment-full size-full wp-image-752\" alt=\"\" srcset=\"https:\/\/cccaci.com\/wp-content\/uploads\/2023\/12\/CCCC_Logo_NEGATIF_WEB.png 463w, https:\/\/cccaci.com\/wp-content\/uploads\/2023\/12\/CCCC_Logo_NEGATIF_WEB-300x237.png 300w\" sizes=\"(max-width: 463px) 100vw, 463px\" \/><\/figure><div class=\"elementor-image-box-content\"><h3 class=\"elementor-image-box-title\">Financial Services<\/h3><p class=\"elementor-image-box-description\">With a growing economy, C\u00f4te d'Ivoire's financial sector is also developing rapidly. Business opportunities lie in banking, insurance, microfinance, investments and digital financial services.\n<\/p><\/div><\/div>\t\t\t\t<\/div>\n\t\t\t\t<\/div>\n\t\t\t\t<\/div>\n\t\t<div class=\"elementor-element elementor-element-6b3fff3 e-con-full e-flex e-con e-child\" data-id=\"6b3fff3\" data-element_type=\"container\" data-e-type=\"container\">\n\t\t\t\t<div class=\"elementor-element elementor-element-992ca2f elementor-widget elementor-widget-image\" data-id=\"992ca2f\" data-element_type=\"widget\" data-e-type=\"widget\" data-widget_type=\"image.default\">\n\t\t\t\t<div class=\"elementor-widget-container\">\n\t\t\t\t\t\t\t\t\t\t\t\t\t\t\t<img loading=\"lazy\" decoding=\"async\" width=\"614\" height=\"614\" src=\"https:\/\/cccaci.com\/wp-content\/uploads\/2023\/12\/CCCC_4_NEGATIF_WEB-45789-1024x1024-1.jpg\" class=\"attachment-large size-large wp-image-1213\" alt=\"\" srcset=\"https:\/\/cccaci.com\/wp-content\/uploads\/2023\/12\/CCCC_4_NEGATIF_WEB-45789-1024x1024-1.jpg 614w, https:\/\/cccaci.com\/wp-content\/uploads\/2023\/12\/CCCC_4_NEGATIF_WEB-45789-1024x1024-1-300x300.jpg 300w, https:\/\/cccaci.com\/wp-content\/uploads\/2023\/12\/CCCC_4_NEGATIF_WEB-45789-1024x1024-1-100x100.jpg 100w, https:\/\/cccaci.com\/wp-content\/uploads\/2023\/12\/CCCC_4_NEGATIF_WEB-45789-1024x1024-1-600x600.jpg 600w, https:\/\/cccaci.com\/wp-content\/uploads\/2023\/12\/CCCC_4_NEGATIF_WEB-45789-1024x1024-1-150x150.jpg 150w\" sizes=\"(max-width: 614px) 100vw, 614px\" \/>\t\t\t\t\t\t\t\t\t\t\t\t\t\t\t<\/div>\n\t\t\t\t<\/div>\n\t\t\t\t<\/div>\n\t\t<div class=\"elementor-element elementor-element-cbe5366 e-con-full e-flex e-con e-child\" data-id=\"cbe5366\" data-element_type=\"container\" data-e-type=\"container\">\n\t\t\t\t<div class=\"elementor-element elementor-element-e51d435 elementor-widget-divider--view-line elementor-widget elementor-widget-divider\" data-id=\"e51d435\" data-element_type=\"widget\" data-e-type=\"widget\" data-widget_type=\"divider.default\">\n\t\t\t\t<div class=\"elementor-widget-container\">\n\t\t\t\t\t\t\t<div class=\"elementor-divider\">\n\t\t\t<span class=\"elementor-divider-separator\">\n\t\t\t\t\t\t<\/span>\n\t\t<\/div>\n\t\t\t\t\t\t<\/div>\n\t\t\t\t<\/div>\n\t\t\t\t<div class=\"elementor-element elementor-element-f3ac7b4 elementor-position-left elementor-vertical-align-top elementor-widget elementor-widget-image-box\" data-id=\"f3ac7b4\" data-element_type=\"widget\" data-e-type=\"widget\" data-widget_type=\"image-box.default\">\n\t\t\t\t<div class=\"elementor-widget-container\">\n\t\t\t\t\t<div class=\"elementor-image-box-wrapper\"><figure class=\"elementor-image-box-img\"><img loading=\"lazy\" decoding=\"async\" width=\"463\" height=\"366\" src=\"https:\/\/cccaci.com\/wp-content\/uploads\/2023\/12\/CCCC_Logo_NEGATIF_WEB.png\" class=\"attachment-full size-full wp-image-752\" alt=\"\" srcset=\"https:\/\/cccaci.com\/wp-content\/uploads\/2023\/12\/CCCC_Logo_NEGATIF_WEB.png 463w, https:\/\/cccaci.com\/wp-content\/uploads\/2023\/12\/CCCC_Logo_NEGATIF_WEB-300x237.png 300w\" sizes=\"(max-width: 463px) 100vw, 463px\" \/><\/figure><div class=\"elementor-image-box-content\"><h3 class=\"elementor-image-box-title\">Health<\/h3><p class=\"elementor-image-box-description\">The healthcare sector in C\u00f4te d'Ivoire offers opportunities for pharmaceutical companies, medical equipment, medical infrastructure, private healthcare services and health insurance.\n\n\n\n<\/p><\/div><\/div>\t\t\t\t<\/div>\n\t\t\t\t<\/div>\n\t\t\t\t<div class=\"elementor-element elementor-element-00bfc47 elementor-position-left elementor-vertical-align-top elementor-widget elementor-widget-image-box\" data-id=\"00bfc47\" data-element_type=\"widget\" data-e-type=\"widget\" data-widget_type=\"image-box.default\">\n\t\t\t\t<div class=\"elementor-widget-container\">\n\t\t\t\t\t<div class=\"elementor-image-box-wrapper\"><figure class=\"elementor-image-box-img\"><img loading=\"lazy\" decoding=\"async\" width=\"463\" height=\"366\" src=\"https:\/\/cccaci.com\/wp-content\/uploads\/2023\/12\/CCCC_Logo_NEGATIF_WEB.png\" class=\"attachment-full size-full wp-image-752\" alt=\"\" srcset=\"https:\/\/cccaci.com\/wp-content\/uploads\/2023\/12\/CCCC_Logo_NEGATIF_WEB.png 463w, https:\/\/cccaci.com\/wp-content\/uploads\/2023\/12\/CCCC_Logo_NEGATIF_WEB-300x237.png 300w\" sizes=\"(max-width: 463px) 100vw, 463px\" \/><\/figure><div class=\"elementor-image-box-content\"><h3 class=\"elementor-image-box-title\">Construction and public works<\/h3><p class=\"elementor-image-box-description\">The country's economic development is driving a growing demand for infrastructure, housing and commercial buildings. The construction sector offers opportunities for public and private infrastructure projects.<\/p><\/div><\/div>\t\t\t\t<\/div>\n\t\t\t\t<\/div>\n\t\t\t\t<\/div>\n\t\t\t\t\t<\/div>\n\t\t\t\t<\/div>\n\t\t<div class=\"elementor-element elementor-element-3d482f2 animated-fast e-flex e-con-boxed elementor-invisible e-con e-parent\" data-id=\"3d482f2\" data-element_type=\"container\" data-e-type=\"container\" data-settings=\"{&quot;animation&quot;:&quot;zoomIn&quot;}\">\n\t\t\t\t\t<div class=\"e-con-inner\">\n\t\t\t\t<div class=\"elementor-element elementor-element-d3f0b35 elementor-widget elementor-widget-text-editor\" data-id=\"d3f0b35\" data-element_type=\"widget\" data-e-type=\"widget\" data-widget_type=\"text-editor.default\">\n\t\t\t\t<div class=\"elementor-widget-container\">\n\t\t\t\t\t<div class=\"bb-theme-elementor-wrap bb-elementor-custom-color bb-elementor-custom-family bb-elementor-custom-size bb-elementor-custom-line-height\">\t\t\t\tThese key sectors present interesting opportunities for investors and companies looking to develop their activities in C\u00f4te d'Ivoire. However, it is important to carry out thorough market research, understand the country's economic and regulatory context, and adapt to local specificities to succeed in these fast-growing sectors.\n\n\t\t\t\t<\/div>\t\t\t\t<\/div>\n\t\t\t\t<\/div>\n\t\t\t\t\t<\/div>\n\t\t\t\t<\/div>\n\t\t\t\t<\/div>","protected":false},"excerpt":{"rendered":"<p>Les principaux secteurs d\u2019activit\u00e9s en C\u00f4te d\u2019Ivoire L&rsquo;aper\u00e7u des principaux secteurs \u00e9conomiques La C\u00f4te d\u2019Ivoire est une \u00e9conomie diversifi\u00e9e offrant des opportunit\u00e9s dans divers secteurs&hellip;<\/p>","protected":false},"author":1,"featured_media":0,"parent":0,"menu_order":0,"comment_status":"closed","ping_status":"closed","template":"","meta":{"footnotes":""},"class_list":["post-1153","page","type-page","status-publish","hentry"],"_links":{"self":[{"href":"https:\/\/cccaci.com\/en\/wp-json\/wp\/v2\/pages\/1153","targetHints":{"allow":["GET"]}}],"collection":[{"href":"https:\/\/cccaci.com\/en\/wp-json\/wp\/v2\/pages"}],"about":[{"href":"https:\/\/cccaci.com\/en\/wp-json\/wp\/v2\/types\/page"}],"author":[{"embeddable":true,"href":"https:\/\/cccaci.com\/en\/wp-json\/wp\/v2\/users\/1"}],"replies":[{"embeddable":true,"href":"https:\/\/cccaci.com\/en\/wp-json\/wp\/v2\/comments?post=1153"}],"version-history":[{"count":0,"href":"https:\/\/cccaci.com\/en\/wp-json\/wp\/v2\/pages\/1153\/revisions"}],"wp:attachment":[{"href":"https:\/\/cccaci.com\/en\/wp-json\/wp\/v2\/media?parent=1153"}],"curies":[{"name":"wp","href":"https:\/\/api.w.org\/{rel}","templated":true}]}}